{"id":6037,"date":"2024-09-28T17:49:51","date_gmt":"2024-09-28T15:49:51","guid":{"rendered":"https:\/\/ventex.pl\/produkt\/paroi-de-cabine-de-peinture-2500-x-1000-frame-2510\/"},"modified":"2026-01-19T14:22:27","modified_gmt":"2026-01-19T13:22:27","slug":"paroi-de-cabine-de-peinture-2500-x-1000-frame-2510","status":"publish","type":"product","link":"https:\/\/ventex.pl\/fr\/produkt\/paroi-de-cabine-de-peinture-2500-x-1000-frame-2510\/","title":{"rendered":"Paroi de cabine de peinture 2500 x 1000 &#8211; FRAME 2510"},"content":{"rendered":"<h4><span style=\"font-weight: 400;\">Dimensions totales : 3000 x 1500 x 750 mm<\/span><\/h4>\n<h4><span style=\"font-weight: 400;\">Surface filtrante : 2500 x 1000 mm<\/span><\/h4>\n<h4><span style=\"font-weight: 400;\">Mat\u00e9riau : t\u00f4le galvanis\u00e9e \u00e0 chaud \/ capteurs laqu\u00e9s par poudrage<\/span><\/h4>\n<h4><span style=\"font-weight: 400;\">\u00c9paisseur du mat\u00e9riau : 1,5 mm<\/span><\/h4>\n<h4><span style=\"font-weight: 400;\">Deux filtres assurent la filtration : un filtre en carton et un filtre PAINT STOP en fibre de verre.<\/span><\/h4>\n","protected":false},"excerpt":{"rendered":"<h4><b>\u015aciana komora lakiernicza VENTEX FRAME<\/b> <b>2510<\/b><span style=\"font-weight: 400;\"> Il s&rsquo;agit d&rsquo;un appareil sp\u00e9cial utilis\u00e9 dans les ateliers de peinture qui aide \u00e0 garantir des conditions ad\u00e9quates pendant la peinture et le vernissage. Gr\u00e2ce \u00e0  <\/span>La cabine de peinture permet de contr\u00f4ler et de filtrer les impuret\u00e9s pr\u00e9sentes dans l&rsquo;air, ce qui est essentiel pour obtenir des rev\u00eatements de haute qualit\u00e9.<\/h4>\n<h4><\/h4>\n<h4>Les cabines de peinture sont indispensables pour :<\/h4>\n<ol>\n<li style=\"font-weight: 400;\" aria-level=\"1\">\n<h4>Protection de la sant\u00e9 des employ\u00e9s : le filtrage de l&rsquo;air \u00e9limine les poussi\u00e8res et les vapeurs qui peuvent \u00eatre nocives.<\/h4>\n<\/li>\n<li style=\"font-weight: 400;\" aria-level=\"1\">\n<h4>Assurer la puret\u00e9 de l&rsquo;air : filtre la poussi\u00e8re et autres impuret\u00e9s, ce qui est essentiel pour la qualit\u00e9 du vernissage.<\/h4>\n<\/li>\n<li style=\"font-weight: 400;\" aria-level=\"1\">\n<h4>Protection de l&rsquo;environnement : emp\u00eache les substances nocives de se r\u00e9pandre dans l&rsquo;atmosph\u00e8re.<\/h4>\n<\/li>\n<li style=\"font-weight: 400;\" aria-level=\"1\">\n<h4>Obtenir une meilleure qualit\u00e9 de finition : un air pur signifie moins de salissures sur la surface peinte.<\/h4>\n<\/li>\n<\/ol>\n<h4><\/h4>\n<h4><b>Avec le panneau VENTEX FRAME, vous recevrez :<\/b><\/h4>\n<h4><span style=\"font-weight: 400;\">&#8211; Ventilateur antid\u00e9flagrant EX<\/span><\/h4>\n<h4><span style=\"font-weight: 400;\">&#8211; Bo\u00eetier de commande <\/span><\/h4>\n<h4><span style=\"font-weight: 400;\">&#8211; Jeu de filtres permettant de commencer imm\u00e9diatement le travail<\/span><\/h4>\n<h4><span style=\"font-weight: 400;\">&#8211; Documentation compl\u00e8te (mode d&#8217;emploi, d\u00e9claration de conformit\u00e9, plaque signal\u00e9tique)<\/span><\/h4>\n","protected":false},"featured_media":4800,"comment_status":"open","ping_status":"closed","template":"","meta":[],"product_brand":[],"product_cat":[498,470],"product_tag":[560,557,558,556,559,555,591,592],"class_list":{"0":"post-6037","1":"product","2":"type-product","3":"status-publish","4":"has-post-thumbnail","6":"product_cat-frame-murs-de-peinture","7":"product_cat-murs-a-peindre","8":"product_tag-atelier-de-peinture","9":"product_tag-cextrait-de-vernis","10":"product_tag-chambre","11":"product_tag-chambre-de-peinture","12":"product_tag-mur","13":"product_tag-mur-de-peinture","14":"product_tag-mur-de-peinture-ventex-frame-2510","15":"product_tag-paroi-de-cabine-de-peinture-2500-x-1000-frame-2510","17":"first","18":"instock","19":"shipping-taxable","20":"product-type-simple"},"_links":{"self":[{"href":"https:\/\/ventex.pl\/fr\/wp-json\/wp\/v2\/product\/6037","targetHints":{"allow":["GET"]}}],"collection":[{"href":"https:\/\/ventex.pl\/fr\/wp-json\/wp\/v2\/product"}],"about":[{"href":"https:\/\/ventex.pl\/fr\/wp-json\/wp\/v2\/types\/product"}],"replies":[{"embeddable":true,"href":"https:\/\/ventex.pl\/fr\/wp-json\/wp\/v2\/comments?post=6037"}],"wp:featuredmedia":[{"embeddable":true,"href":"https:\/\/ventex.pl\/fr\/wp-json\/wp\/v2\/media\/4800"}],"wp:attachment":[{"href":"https:\/\/ventex.pl\/fr\/wp-json\/wp\/v2\/media?parent=6037"}],"wp:term":[{"taxonomy":"product_brand","embeddable":true,"href":"https:\/\/ventex.pl\/fr\/wp-json\/wp\/v2\/product_brand?post=6037"},{"taxonomy":"product_cat","embeddable":true,"href":"https:\/\/ventex.pl\/fr\/wp-json\/wp\/v2\/product_cat?post=6037"},{"taxonomy":"product_tag","embeddable":true,"href":"https:\/\/ventex.pl\/fr\/wp-json\/wp\/v2\/product_tag?post=6037"}],"curies":[{"name":"wp","href":"https:\/\/api.w.org\/{rel}","templated":true}]}}