{"id":6033,"date":"2024-09-28T18:47:57","date_gmt":"2024-09-28T16:47:57","guid":{"rendered":"https:\/\/ventex.pl\/produkt\/mur-chambre-de-peinture-1000-x-2000-supreme-1020\/"},"modified":"2026-01-21T08:06:06","modified_gmt":"2026-01-21T07:06:06","slug":"mur-chambre-de-peinture-1000-x-2000-supreme-1020","status":"publish","type":"product","link":"https:\/\/ventex.pl\/fr\/produkt\/mur-chambre-de-peinture-1000-x-2000-supreme-1020\/","title":{"rendered":"Mur Chambre de peinture 1000 x 2000 &#8211; SUPREME 1020"},"content":{"rendered":"<h4>Dimensions totales : 1660 x 2450 x 940 mm<\/h4>\n<h4>Surface filtrante : 1000 x 2000 mm<\/h4>\n<h4>Mat\u00e9riau : t\u00f4le galvanis\u00e9e \u00e0 chaud \/ capteurs laqu\u00e9s par poudrage<\/h4>\n<h4>\u00c9paisseur du mat\u00e9riau : 1,5 mm<\/h4>\n<h4>Deux filtres assurent la filtration : un filtre en carton et un filtre PAINT STOP en fibre de verre.<\/h4>\n","protected":false},"excerpt":{"rendered":"<h4>La cabine de peinture VENTEX SUPREME 1020 est un appareil sp\u00e9cial utilis\u00e9 dans les ateliers de peinture qui aide \u00e0 garantir des conditions ad\u00e9quates pendant la peinture et le vernissage. La paroi de peinture permet de contr\u00f4ler et de filtrer les impuret\u00e9s pr\u00e9sentes dans l&rsquo;air, ce qui est essentiel pour obtenir des rev\u00eatements de peinture de haute qualit\u00e9.<\/h4>\n<h4><strong> <\/strong><\/h4>\n<h4>Les cabines de peinture sont indispensables pour :<\/h4>\n<ol>\n<li>\n<h4>Protection de la sant\u00e9 des employ\u00e9s : le filtrage de l&rsquo;air \u00e9limine les poussi\u00e8res et les vapeurs qui peuvent \u00eatre nocives.<\/h4>\n<\/li>\n<li>\n<h4>Assurer la puret\u00e9 de l&rsquo;air : filtre la poussi\u00e8re et autres impuret\u00e9s, ce qui est essentiel pour la qualit\u00e9 du vernissage.<\/h4>\n<\/li>\n<li>\n<h4>Protection de l&rsquo;environnement : emp\u00eache les substances nocives de se r\u00e9pandre dans l&rsquo;atmosph\u00e8re.<\/h4>\n<\/li>\n<li>\n<h4>Obtenir une meilleure qualit\u00e9 de finition : un air pur signifie moins de salissures sur la surface peinte.<\/h4>\n<\/li>\n<\/ol>\n<h4><strong> <\/strong><\/h4>\n<h4><strong>Avec le mur VENTEX SUPREME, vous recevrez :<\/strong><\/h4>\n<h4>&#8211; Ventilateur antid\u00e9flagrant EX<\/h4>\n<h4>&#8211; Bo\u00eetier de commande<\/h4>\n<h4>&#8211; Jeu de filtres permettant de commencer imm\u00e9diatement le travail<\/h4>\n<h4>&#8211; Documentation compl\u00e8te (mode d&#8217;emploi, d\u00e9claration de conformit\u00e9, plaque signal\u00e9tique)<\/h4>\n","protected":false},"featured_media":4857,"comment_status":"open","ping_status":"closed","template":"","meta":[],"product_brand":[],"product_cat":[470,499],"product_tag":[560,557,558,556,559,585,555,584],"class_list":{"0":"post-6033","1":"product","2":"type-product","3":"status-publish","4":"has-post-thumbnail","6":"product_cat-murs-a-peindre","7":"product_cat-supreme-murs-de-peinture","8":"product_tag-atelier-de-peinture","9":"product_tag-cextrait-de-vernis","10":"product_tag-chambre","11":"product_tag-chambre-de-peinture","12":"product_tag-mur","13":"product_tag-mur-chambre-de-peinture-1000-x-2000-supreme-1020","14":"product_tag-mur-de-peinture","15":"product_tag-mur-de-peinture-ventex-supreme-1020","17":"first","18":"instock","19":"shipping-taxable","20":"product-type-simple"},"_links":{"self":[{"href":"https:\/\/ventex.pl\/fr\/wp-json\/wp\/v2\/product\/6033","targetHints":{"allow":["GET"]}}],"collection":[{"href":"https:\/\/ventex.pl\/fr\/wp-json\/wp\/v2\/product"}],"about":[{"href":"https:\/\/ventex.pl\/fr\/wp-json\/wp\/v2\/types\/product"}],"replies":[{"embeddable":true,"href":"https:\/\/ventex.pl\/fr\/wp-json\/wp\/v2\/comments?post=6033"}],"wp:featuredmedia":[{"embeddable":true,"href":"https:\/\/ventex.pl\/fr\/wp-json\/wp\/v2\/media\/4857"}],"wp:attachment":[{"href":"https:\/\/ventex.pl\/fr\/wp-json\/wp\/v2\/media?parent=6033"}],"wp:term":[{"taxonomy":"product_brand","embeddable":true,"href":"https:\/\/ventex.pl\/fr\/wp-json\/wp\/v2\/product_brand?post=6033"},{"taxonomy":"product_cat","embeddable":true,"href":"https:\/\/ventex.pl\/fr\/wp-json\/wp\/v2\/product_cat?post=6033"},{"taxonomy":"product_tag","embeddable":true,"href":"https:\/\/ventex.pl\/fr\/wp-json\/wp\/v2\/product_tag?post=6033"}],"curies":[{"name":"wp","href":"https:\/\/api.w.org\/{rel}","templated":true}]}}