{"id":6032,"date":"2024-09-28T19:49:19","date_gmt":"2024-09-28T17:49:19","guid":{"rendered":"https:\/\/ventex.pl\/produkt\/mur-chambre-de-peinture-1500-x-2000-supreme-1520\/"},"modified":"2026-01-19T14:21:31","modified_gmt":"2026-01-19T13:21:31","slug":"mur-chambre-de-peinture-1500-x-2000-supreme-1520","status":"publish","type":"product","link":"https:\/\/ventex.pl\/fr\/produkt\/mur-chambre-de-peinture-1500-x-2000-supreme-1520\/","title":{"rendered":"Mur Chambre de peinture 1500 x 2000 &#8211; SUPREME 1520"},"content":{"rendered":"<h4>Dimensions totales : 2160 x 2450 x 940 mm<\/h4>\n<h4>Surface filtrante : 1500 x 2000 mm<\/h4>\n<h4>Mat\u00e9riau : t\u00f4le galvanis\u00e9e \u00e0 chaud \/ capteurs laqu\u00e9s par poudrage<\/h4>\n<h4>\u00c9paisseur du mat\u00e9riau : 1,5 mm<\/h4>\n<h4>Deux filtres assurent la filtration : un filtre en carton et un filtre PAINT STOP en fibre de verre.<\/h4>\n","protected":false},"excerpt":{"rendered":"<h4><strong>\u015aciana, komora lakiernicza VENTEX SUPREME<\/strong> <strong>1520<\/strong> to specjalne urz\u0105dzenie u\u017cywane w lakierniach, kt\u00f3re pomaga w zapewnieniu odpowiednich warunk\u00f3w podczas malowania i lakierowania. La paroi de peinture permet de contr\u00f4ler et de filtrer les impuret\u00e9s pr\u00e9sentes dans l&rsquo;air, ce qui est essentiel pour obtenir des rev\u00eatements de peinture de haute qualit\u00e9.<\/h4>\n<h4><\/h4>\n<h4>Les cabines de peinture sont indispensables pour :<\/h4>\n<ol>\n<li>\n<h4>Protection de la sant\u00e9 des employ\u00e9s : le filtrage de l&rsquo;air \u00e9limine les poussi\u00e8res et les vapeurs qui peuvent \u00eatre nocives.<\/h4>\n<\/li>\n<li>\n<h4>Assurer la puret\u00e9 de l&rsquo;air : filtre la poussi\u00e8re et autres impuret\u00e9s, ce qui est essentiel pour la qualit\u00e9 du vernissage.<\/h4>\n<\/li>\n<li>\n<h4>Protection de l&rsquo;environnement : emp\u00eache les substances nocives de se r\u00e9pandre dans l&rsquo;atmosph\u00e8re.<\/h4>\n<\/li>\n<li>\n<h4>Obtenir une meilleure qualit\u00e9 de finition : un air pur signifie moins de salissures sur la surface peinte.<\/h4>\n<\/li>\n<\/ol>\n<h4><strong> <\/strong><\/h4>\n<h4><strong>W komplecie ze \u015bcian\u0105 VENTEX SUPREME otrzymaj\u0105 Pa\u0144stwo:<\/strong><\/h4>\n<h4>&#8211; Ventilateur antid\u00e9flagrant EX<\/h4>\n<h4>&#8211; Bo\u00eetier de commande<\/h4>\n<h4>&#8211; Jeu de filtres permettant de commencer imm\u00e9diatement le travail<\/h4>\n<h4>&#8211; Documentation compl\u00e8te (mode d&#8217;emploi, d\u00e9claration de conformit\u00e9, plaque signal\u00e9tique)<\/h4>\n","protected":false},"featured_media":4870,"comment_status":"open","ping_status":"closed","template":"","meta":[],"product_brand":[],"product_cat":[470,499],"product_tag":[560,557,558,556,559,583,555,582],"class_list":{"0":"post-6032","1":"product","2":"type-product","3":"status-publish","4":"has-post-thumbnail","6":"product_cat-murs-a-peindre","7":"product_cat-supreme-murs-de-peinture","8":"product_tag-atelier-de-peinture","9":"product_tag-cextrait-de-vernis","10":"product_tag-chambre","11":"product_tag-chambre-de-peinture","12":"product_tag-mur","13":"product_tag-mur-chambre-de-peinture-1500-x-2000-supreme-1520","14":"product_tag-mur-de-peinture","15":"product_tag-mur-de-peinture-ventex-supreme-1520","17":"first","18":"instock","19":"shipping-taxable","20":"product-type-simple"},"_links":{"self":[{"href":"https:\/\/ventex.pl\/fr\/wp-json\/wp\/v2\/product\/6032","targetHints":{"allow":["GET"]}}],"collection":[{"href":"https:\/\/ventex.pl\/fr\/wp-json\/wp\/v2\/product"}],"about":[{"href":"https:\/\/ventex.pl\/fr\/wp-json\/wp\/v2\/types\/product"}],"replies":[{"embeddable":true,"href":"https:\/\/ventex.pl\/fr\/wp-json\/wp\/v2\/comments?post=6032"}],"wp:featuredmedia":[{"embeddable":true,"href":"https:\/\/ventex.pl\/fr\/wp-json\/wp\/v2\/media\/4870"}],"wp:attachment":[{"href":"https:\/\/ventex.pl\/fr\/wp-json\/wp\/v2\/media?parent=6032"}],"wp:term":[{"taxonomy":"product_brand","embeddable":true,"href":"https:\/\/ventex.pl\/fr\/wp-json\/wp\/v2\/product_brand?post=6032"},{"taxonomy":"product_cat","embeddable":true,"href":"https:\/\/ventex.pl\/fr\/wp-json\/wp\/v2\/product_cat?post=6032"},{"taxonomy":"product_tag","embeddable":true,"href":"https:\/\/ventex.pl\/fr\/wp-json\/wp\/v2\/product_tag?post=6032"}],"curies":[{"name":"wp","href":"https:\/\/api.w.org\/{rel}","templated":true}]}}