{"id":6004,"date":"2024-10-16T01:05:11","date_gmt":"2024-10-15T23:05:11","guid":{"rendered":"https:\/\/ventex.pl\/produkt\/mur-chambre-de-peinture-4000-x-2000-supreme-4020\/"},"modified":"2026-01-21T08:07:01","modified_gmt":"2026-01-21T07:07:01","slug":"mur-chambre-de-peinture-4000-x-2000-supreme-4020","status":"publish","type":"product","link":"https:\/\/ventex.pl\/fr\/produkt\/mur-chambre-de-peinture-4000-x-2000-supreme-4020\/","title":{"rendered":"Mur Chambre de peinture 4000 x 2000 &#8211; SUPREME 4020"},"content":{"rendered":"<p>Dimensions totales : 4660 x 2450 x 1200 mm<br \/>Surface filtrante : 4000 x 2000 mm<br \/>Mat\u00e9riau : t\u00f4le galvanis\u00e9e \u00e0 chaud \/ collecteurs laqu\u00e9s par poudrage<br \/>\u00c9paisseur du mat\u00e9riau : 1,5 mm<br \/>La filtration est assur\u00e9e par deux filtres : un filtre en carton et un filtre PAINT STOP en fibre de verre.<\/p>\n","protected":false},"excerpt":{"rendered":"<p>Mur de la cabine de peinture VENTEX SUPREME 4020<span style=\"font-weight: 400;\"> Il s&rsquo;agit d&rsquo;un appareil sp\u00e9cial utilis\u00e9 dans les ateliers de peinture qui aide \u00e0 garantir des conditions ad\u00e9quates pendant la peinture et le vernissage. Gr\u00e2ce \u00e0  <\/span>La cabine de peinture permet de contr\u00f4ler et de filtrer les impuret\u00e9s pr\u00e9sentes dans l&rsquo;air, ce qui est essentiel pour obtenir des rev\u00eatements de haute qualit\u00e9.<\/p>\n<p>&nbsp;<\/p>\n<p>Les cabines de peinture sont indispensables pour :<\/p>\n<ol>\n<li style=\"font-weight: 400;\" aria-level=\"1\">Protection de la sant\u00e9 des employ\u00e9s : le filtrage de l&rsquo;air \u00e9limine les poussi\u00e8res et les vapeurs qui peuvent \u00eatre nocives.<\/li>\n<li style=\"font-weight: 400;\" aria-level=\"1\">Assurer la puret\u00e9 de l&rsquo;air : filtre la poussi\u00e8re et autres impuret\u00e9s, ce qui est essentiel pour la qualit\u00e9 du vernissage.<\/li>\n<li style=\"font-weight: 400;\" aria-level=\"1\">Protection de l&rsquo;environnement : emp\u00eache les substances nocives de se r\u00e9pandre dans l&rsquo;atmosph\u00e8re.<\/li>\n<li style=\"font-weight: 400;\" aria-level=\"1\">Obtenir une meilleure qualit\u00e9 de finition : un air pur signifie moins de salissures sur la surface peinte.<\/li>\n<\/ol>\n<p>&nbsp;<\/p>\n<p><b>W komplecie ze \u015bcian\u0105 VENTEX SUPREME otrzymaj\u0105 Pa\u0144stwo:<\/b><\/p>\n<p><span style=\"font-weight: 400;\">&#8211; Ventilateur antid\u00e9flagrant EX<\/span><\/p>\n<p><span style=\"font-weight: 400;\">&#8211; Bo\u00eetier de commande <\/span><\/p>\n<p><span style=\"font-weight: 400;\">&#8211; Jeu de filtres permettant de commencer imm\u00e9diatement le travail<\/span><\/p>\n<p><span style=\"font-weight: 400;\">&#8211; Documentation compl\u00e8te (mode d&#8217;emploi, d\u00e9claration de conformit\u00e9, plaque signal\u00e9tique)<\/span><\/p>\n","protected":false},"featured_media":4920,"comment_status":"open","ping_status":"closed","template":"","meta":[],"product_brand":[],"product_cat":[470,499],"product_tag":[560,557,558,556,573,559,555,574],"class_list":{"0":"post-6004","1":"product","2":"type-product","3":"status-publish","4":"has-post-thumbnail","6":"product_cat-murs-a-peindre","7":"product_cat-supreme-murs-de-peinture","8":"product_tag-atelier-de-peinture","9":"product_tag-cextrait-de-vernis","10":"product_tag-chambre","11":"product_tag-chambre-de-peinture","12":"product_tag-chambre-de-peinture-2000-x-2000","13":"product_tag-mur","14":"product_tag-mur-de-peinture","15":"product_tag-sciana-komora-lakiernicza-4000-x-2000-supreme-4020","17":"first","18":"instock","19":"shipping-taxable","20":"product-type-simple"},"_links":{"self":[{"href":"https:\/\/ventex.pl\/fr\/wp-json\/wp\/v2\/product\/6004","targetHints":{"allow":["GET"]}}],"collection":[{"href":"https:\/\/ventex.pl\/fr\/wp-json\/wp\/v2\/product"}],"about":[{"href":"https:\/\/ventex.pl\/fr\/wp-json\/wp\/v2\/types\/product"}],"replies":[{"embeddable":true,"href":"https:\/\/ventex.pl\/fr\/wp-json\/wp\/v2\/comments?post=6004"}],"wp:featuredmedia":[{"embeddable":true,"href":"https:\/\/ventex.pl\/fr\/wp-json\/wp\/v2\/media\/4920"}],"wp:attachment":[{"href":"https:\/\/ventex.pl\/fr\/wp-json\/wp\/v2\/media?parent=6004"}],"wp:term":[{"taxonomy":"product_brand","embeddable":true,"href":"https:\/\/ventex.pl\/fr\/wp-json\/wp\/v2\/product_brand?post=6004"},{"taxonomy":"product_cat","embeddable":true,"href":"https:\/\/ventex.pl\/fr\/wp-json\/wp\/v2\/product_cat?post=6004"},{"taxonomy":"product_tag","embeddable":true,"href":"https:\/\/ventex.pl\/fr\/wp-json\/wp\/v2\/product_tag?post=6004"}],"curies":[{"name":"wp","href":"https:\/\/api.w.org\/{rel}","templated":true}]}}