{"id":6001,"date":"2024-10-20T10:46:27","date_gmt":"2024-10-20T08:46:27","guid":{"rendered":"https:\/\/ventex.pl\/produkt\/mur-chambre-de-peinture-2000-x-1800-easy-2018\/"},"modified":"2026-01-19T14:27:05","modified_gmt":"2026-01-19T13:27:05","slug":"mur-chambre-de-peinture-2000-x-1800-easy-2018","status":"publish","type":"product","link":"https:\/\/ventex.pl\/fr\/produkt\/mur-chambre-de-peinture-2000-x-1800-easy-2018\/","title":{"rendered":"Mur Chambre de peinture 2000 x 1800 &#8211; EASY 2018"},"content":{"rendered":"<p>Dimensions totales : 2510 x 2425 x 750 mm<br \/>Surface filtrante : 2000 x 1800 mm<br \/>Mat\u00e9riau : t\u00f4le galvanis\u00e9e \u00e0 chaud \/ collecteurs laqu\u00e9s par poudrage<br \/>\u00c9paisseur du mat\u00e9riau : 1 mm<br \/>La filtration est assur\u00e9e par deux filtres : un filtre en carton et un filtre PAINT STOP en fibre de verre.<\/p>\n","protected":false},"excerpt":{"rendered":"<p>La cloison de peinture VENTEX EASY 2018 est un \u00e9quipement sp\u00e9cial utilis\u00e9 dans les ateliers de peinture qui aide \u00e0 garantir des conditions ad\u00e9quates pendant la peinture et le vernissage. La cloison de peinture permet de contr\u00f4ler et de filtrer les impuret\u00e9s pr\u00e9sentes dans l&rsquo;air, ce qui est essentiel pour obtenir des rev\u00eatements de peinture de haute qualit\u00e9. <\/p>\n<p>&nbsp;<\/p>\n<p>Les cabines de peinture sont indispensables pour :<\/p>\n<ol>\n<li>Protection de la sant\u00e9 des employ\u00e9s : le filtrage de l&rsquo;air \u00e9limine les poussi\u00e8res et les vapeurs qui peuvent \u00eatre nocives.<\/li>\n<li>Assurer la puret\u00e9 de l&rsquo;air : filtre la poussi\u00e8re et autres impuret\u00e9s, ce qui est essentiel pour la qualit\u00e9 du vernissage.<\/li>\n<li>Protection de l&rsquo;environnement : emp\u00eache les substances nocives de se r\u00e9pandre dans l&rsquo;atmosph\u00e8re.<\/li>\n<li>Obtenir une meilleure qualit\u00e9 de finition : un air pur signifie moins de salissures sur la surface peinte.<\/li>\n<\/ol>\n<p><strong> <\/strong><\/p>\n<p><strong>Avec le panneau VENTEX EASY, vous recevrez :<\/strong><\/p>\n<p>&#8211; Ventilateur antid\u00e9flagrant EX<\/p>\n<p>&#8211; Bo\u00eetier de commande<\/p>\n<p>&#8211; Jeu de filtres permettant de commencer imm\u00e9diatement le travail<\/p>\n<p>&#8211; Documentation compl\u00e8te (mode d&#8217;emploi, d\u00e9claration de conformit\u00e9, plaque signal\u00e9tique)<\/p>\n","protected":false},"featured_media":4936,"comment_status":"open","ping_status":"closed","template":"","meta":[],"product_brand":[],"product_cat":[497,470],"product_tag":[560,557,558,556,568,559,567,555],"class_list":{"0":"post-6001","1":"product","2":"type-product","3":"status-publish","4":"has-post-thumbnail","6":"product_cat-easy-murs-a-peindre","7":"product_cat-murs-a-peindre","8":"product_tag-atelier-de-peinture","9":"product_tag-cextrait-de-vernis","10":"product_tag-chambre","11":"product_tag-chambre-de-peinture","12":"product_tag-chambre-de-peinture-2000-x-1800","13":"product_tag-mur","14":"product_tag-mur-chambre-de-peinture-2000-x-1800-easy-2018","15":"product_tag-mur-de-peinture","17":"first","18":"instock","19":"shipping-taxable","20":"product-type-simple"},"_links":{"self":[{"href":"https:\/\/ventex.pl\/fr\/wp-json\/wp\/v2\/product\/6001","targetHints":{"allow":["GET"]}}],"collection":[{"href":"https:\/\/ventex.pl\/fr\/wp-json\/wp\/v2\/product"}],"about":[{"href":"https:\/\/ventex.pl\/fr\/wp-json\/wp\/v2\/types\/product"}],"replies":[{"embeddable":true,"href":"https:\/\/ventex.pl\/fr\/wp-json\/wp\/v2\/comments?post=6001"}],"wp:featuredmedia":[{"embeddable":true,"href":"https:\/\/ventex.pl\/fr\/wp-json\/wp\/v2\/media\/4936"}],"wp:attachment":[{"href":"https:\/\/ventex.pl\/fr\/wp-json\/wp\/v2\/media?parent=6001"}],"wp:term":[{"taxonomy":"product_brand","embeddable":true,"href":"https:\/\/ventex.pl\/fr\/wp-json\/wp\/v2\/product_brand?post=6001"},{"taxonomy":"product_cat","embeddable":true,"href":"https:\/\/ventex.pl\/fr\/wp-json\/wp\/v2\/product_cat?post=6001"},{"taxonomy":"product_tag","embeddable":true,"href":"https:\/\/ventex.pl\/fr\/wp-json\/wp\/v2\/product_tag?post=6001"}],"curies":[{"name":"wp","href":"https:\/\/api.w.org\/{rel}","templated":true}]}}