{"id":5996,"date":"2024-10-20T11:16:05","date_gmt":"2024-10-20T09:16:05","guid":{"rendered":"https:\/\/ventex.pl\/produkt\/cabine-de-peinture-1500-x-1000-smart-1510\/"},"modified":"2024-10-20T11:16:05","modified_gmt":"2024-10-20T09:16:05","slug":"cabine-de-peinture-1500-x-1000-smart-1510","status":"publish","type":"product","link":"https:\/\/ventex.pl\/fr\/produkt\/cabine-de-peinture-1500-x-1000-smart-1510\/","title":{"rendered":"Cabine de peinture 1500 x 1000 &#8211; SMART 1510"},"content":{"rendered":"<p><strong>Dimensions totales : 1580 x 2200 x 1200 mm<\/strong><\/p>\n<p><strong>Surface filtrante : 1500 x 1000 mm<\/strong><\/p>\n<p><strong>Plateau d&rsquo;aspiration : 1520 x 640 mm<\/strong><\/p>\n<p><strong>Armoire : 1580 x 450 x 600 mm<\/strong><\/p>\n<p><strong>Mat\u00e9riau : t\u00f4le galvanis\u00e9e \u00e0 chaud \/ partiellement laqu\u00e9e par poudrage<\/strong><\/p>\n<p><strong>\u00c9paisseur du mat\u00e9riau : 1,5 mm<\/strong><\/p>\n<p><strong>\u00c9clairage LED antid\u00e9flagrant<\/strong><\/p>\n<p><strong>Deux filtres assurent la filtration : un filtre en carton et un filtre PAINT STOP en fibre de verre.<\/strong><\/p>\n","protected":false},"excerpt":{"rendered":"<p>La cabine de peinture VENTEX SMART 1510 est une solution compacte d\u00e9di\u00e9e \u00e0 la peinture et au laquage professionnels et pr\u00e9cis de diff\u00e9rentes surfaces. Elle est id\u00e9ale pour les petits ateliers, les usines de production et les espaces de loisirs o\u00f9 la pr\u00e9cision et le gain de place sont importants. Les cabines de peinture VENTEX SMART sont utilis\u00e9es dans les ateliers, pour la r\u00e9paration de v\u00e9hicules, la fabrication de meubles, ainsi que dans les endroits o\u00f9 la pr\u00e9cision et la qualit\u00e9 de la peinture sont essentielles. Elles sont id\u00e9ales pour la peinture de petits \u00e9l\u00e9ments tels que les pi\u00e8ces automobiles, les meubles, les pi\u00e8ces m\u00e9talliques ou plastiques.<\/p>\n<p>  <\/p>\n<p>&nbsp;<\/p>\n<p><strong>Avantages de la cabine de peinture VENTEX SMART : <\/strong><\/p>\n<ul>\n<li>Peinture de petits \u00e9l\u00e9ments \u2013 id\u00e9ale pour travailler sur des d\u00e9tails o\u00f9 la pr\u00e9cision et la qualit\u00e9 de la finition sont importantes.<\/li>\n<li>Propret\u00e9 \u2013 prot\u00e8ge les \u00e9l\u00e9ments peints contre la poussi\u00e8re et les particules qui pourraient se d\u00e9poser sur la peinture fra\u00eeche.<\/li>\n<li>Protection de la sant\u00e9 \u2013 gr\u00e2ce au syst\u00e8me d&rsquo;aspiration et de filtration de l&rsquo;air, il prot\u00e8ge l&rsquo;utilisateur contre l&rsquo;inhalation de vapeurs nocives.<\/li>\n<li>\u00c9clairage LED &#8211; L&rsquo;\u00e9clairage LED de haute qualit\u00e9 garantit une excellente visibilit\u00e9 et une application pr\u00e9cise de la peinture ou du vernis, m\u00eame sur les d\u00e9tails les plus fins.<\/li>\n<li>\u00c9conomie d&rsquo;espace \u2013 prend moins de place que les grandes cabines, ce qui la rend id\u00e9ale pour les petits ateliers<\/li>\n<\/ul>\n<p><strong>Avec la cabine VENTEX SMART, vous recevrez :<\/strong><\/p>\n<p>&#8211; Ventilateur antid\u00e9flagrant EX<\/p>\n<p>&#8211; Bo\u00eetier de commande<\/p>\n<p>&#8211; Jeu de filtres permettant de commencer imm\u00e9diatement le travail<\/p>\n<p>&#8211; Documentation compl\u00e8te (mode d&#8217;emploi, d\u00e9claration de conformit\u00e9, plaque signal\u00e9tique)<\/p>\n","protected":false},"featured_media":4972,"comment_status":"open","ping_status":"closed","template":"","meta":[],"product_brand":[],"product_cat":[471,488],"product_tag":[544,552,551],"class_list":{"0":"post-5996","1":"product","2":"type-product","3":"status-publish","4":"has-post-thumbnail","6":"product_cat-cabines-de-peinture","7":"product_cat-smart-cabines-de-peinture","8":"product_tag-cabine-de-peinture","9":"product_tag-cabine-de-peinture-1500-x-1000","10":"product_tag-cabine-de-peinture-1500-x-1000-smart-1510","12":"first","13":"instock","14":"shipping-taxable","15":"product-type-simple"},"_links":{"self":[{"href":"https:\/\/ventex.pl\/fr\/wp-json\/wp\/v2\/product\/5996","targetHints":{"allow":["GET"]}}],"collection":[{"href":"https:\/\/ventex.pl\/fr\/wp-json\/wp\/v2\/product"}],"about":[{"href":"https:\/\/ventex.pl\/fr\/wp-json\/wp\/v2\/types\/product"}],"replies":[{"embeddable":true,"href":"https:\/\/ventex.pl\/fr\/wp-json\/wp\/v2\/comments?post=5996"}],"wp:featuredmedia":[{"embeddable":true,"href":"https:\/\/ventex.pl\/fr\/wp-json\/wp\/v2\/media\/4972"}],"wp:attachment":[{"href":"https:\/\/ventex.pl\/fr\/wp-json\/wp\/v2\/media?parent=5996"}],"wp:term":[{"taxonomy":"product_brand","embeddable":true,"href":"https:\/\/ventex.pl\/fr\/wp-json\/wp\/v2\/product_brand?post=5996"},{"taxonomy":"product_cat","embeddable":true,"href":"https:\/\/ventex.pl\/fr\/wp-json\/wp\/v2\/product_cat?post=5996"},{"taxonomy":"product_tag","embeddable":true,"href":"https:\/\/ventex.pl\/fr\/wp-json\/wp\/v2\/product_tag?post=5996"}],"curies":[{"name":"wp","href":"https:\/\/api.w.org\/{rel}","templated":true}]}}