{"id":5990,"date":"2024-10-24T00:29:57","date_gmt":"2024-10-23T22:29:57","guid":{"rendered":"https:\/\/ventex.pl\/produkt\/table-de-poncage-2500-x-1000-simple-2500\/"},"modified":"2024-10-24T00:29:57","modified_gmt":"2024-10-23T22:29:57","slug":"table-de-poncage-2500-x-1000-simple-2500","status":"publish","type":"product","link":"https:\/\/ventex.pl\/fr\/produkt\/table-de-poncage-2500-x-1000-simple-2500\/","title":{"rendered":"Table de pon\u00e7age 2500 x 1000 &#8211; SIMPLE 2500"},"content":{"rendered":"<p><strong>Dimensions totales : 2505 x 1005 x 860 mm<\/strong><\/p>\n<p><strong>Surface de travail : 2425 x 825 mm<\/strong><\/p>\n<p><strong>Mat\u00e9riau : t\u00f4le galvanis\u00e9e \u00e0 chaud \/ laqu\u00e9e par poudrage<\/strong><\/p>\n<p><strong>\u00c9paisseur du mat\u00e9riau : 1 mm et 2 mm<\/strong><\/p>\n<p><strong>Diam\u00e8tre du raccord d&rsquo;\u00e9vacuation : 200 mm<\/strong><\/p>\n<p><strong>R\u00e9glage de la hauteur<\/strong><\/p>\n<p><strong>Tiroirs \u00e0 poussi\u00e8re : 3 pi\u00e8ces<\/strong><\/p>\n","protected":false},"excerpt":{"rendered":"<p>La ponceuse VENTEX SIMPLE 2500 est un outil parfait pour le pon\u00e7age professionnel du bois, des vernis et des mati\u00e8res plastiques. Gr\u00e2ce \u00e0 sa conception compacte et ergonomique, ce produit convient \u00e0 toutes les conditions d&rsquo;atelier et permet de traiter les mat\u00e9riaux avant leur vernissage, par exemple. Gr\u00e2ce \u00e0 sa fabrication de haute qualit\u00e9, il permet un travail pr\u00e9cis et efficace tout en respectant les normes de s\u00e9curit\u00e9 appropri\u00e9es. En raison de l&rsquo;absence de ventilateur int\u00e9gr\u00e9, l&rsquo;appareil doit \u00eatre raccord\u00e9 \u00e0 un d\u00e9poussi\u00e9reur ou \u00e0 un syst\u00e8me d&rsquo;aspiration centralis\u00e9.   <\/p>\n<p>&nbsp;<\/p>\n<p><strong>Avantages des tables de pon\u00e7age VENTEX <\/strong><\/p>\n<ul>\n<li>Air plus pur \u2013 l&rsquo;aspiration des poussi\u00e8res emp\u00eache leur dispersion dans l&rsquo;air.<\/li>\n<li>S\u00e9curit\u00e9 \u2013 elles r\u00e9duisent le risque d&rsquo;accidents li\u00e9s \u00e0 l&rsquo;accumulation de poussi\u00e8res (par exemple, explosions de poussi\u00e8res dans les usines industrielles).<\/li>\n<li><strong>Precyzja<\/strong> \u2013 szlifowane powierzchnie s\u0105 czystsze, co poprawia jako\u015b\u0107 obr\u00f3bki.<\/li>\n<\/ul>\n<p>&nbsp;<\/p>\n<p>Il est possible d&rsquo;acheter un capot en caoutchouc suppl\u00e9mentaire permettant de poncer des rev\u00eatements tr\u00e8s d\u00e9licats.<\/p>\n","protected":false},"featured_media":5123,"comment_status":"open","ping_status":"closed","template":"","meta":[],"product_brand":[],"product_cat":[492,489],"product_tag":[531,532,541],"class_list":{"0":"post-5990","1":"product","2":"type-product","3":"status-publish","4":"has-post-thumbnail","6":"product_cat-simple-tables-de-poncage","7":"product_cat-tables-de-poncage","8":"product_tag-table-de-poncage","9":"product_tag-table-de-poncage-2500-x-1000","10":"product_tag-table-de-poncage-2500-x-1000-simple-2500","12":"first","13":"instock","14":"shipping-taxable","15":"product-type-simple"},"_links":{"self":[{"href":"https:\/\/ventex.pl\/fr\/wp-json\/wp\/v2\/product\/5990","targetHints":{"allow":["GET"]}}],"collection":[{"href":"https:\/\/ventex.pl\/fr\/wp-json\/wp\/v2\/product"}],"about":[{"href":"https:\/\/ventex.pl\/fr\/wp-json\/wp\/v2\/types\/product"}],"replies":[{"embeddable":true,"href":"https:\/\/ventex.pl\/fr\/wp-json\/wp\/v2\/comments?post=5990"}],"wp:featuredmedia":[{"embeddable":true,"href":"https:\/\/ventex.pl\/fr\/wp-json\/wp\/v2\/media\/5123"}],"wp:attachment":[{"href":"https:\/\/ventex.pl\/fr\/wp-json\/wp\/v2\/media?parent=5990"}],"wp:term":[{"taxonomy":"product_brand","embeddable":true,"href":"https:\/\/ventex.pl\/fr\/wp-json\/wp\/v2\/product_brand?post=5990"},{"taxonomy":"product_cat","embeddable":true,"href":"https:\/\/ventex.pl\/fr\/wp-json\/wp\/v2\/product_cat?post=5990"},{"taxonomy":"product_tag","embeddable":true,"href":"https:\/\/ventex.pl\/fr\/wp-json\/wp\/v2\/product_tag?post=5990"}],"curies":[{"name":"wp","href":"https:\/\/api.w.org\/{rel}","templated":true}]}}