{"id":5985,"date":"2024-10-24T01:25:59","date_gmt":"2024-10-23T23:25:59","guid":{"rendered":"https:\/\/ventex.pl\/produkt\/table-de-poncage-1500-x-1000-prime-blow-1500\/"},"modified":"2024-10-24T01:25:59","modified_gmt":"2024-10-23T23:25:59","slug":"table-de-poncage-1500-x-1000-prime-blow-1500","status":"publish","type":"product","link":"https:\/\/ventex.pl\/fr\/produkt\/table-de-poncage-1500-x-1000-prime-blow-1500\/","title":{"rendered":"Table de pon\u00e7age 1500 x 1000 &#8211; PRIME BLOW 1500"},"content":{"rendered":"<p><strong>Dimensions totales : 1620 x 1400 x 2480 mm<\/strong><\/p>\n<p><strong>Dimensions du pl\u00e9num d&rsquo;alimentation : 1500 x 1000 x 300 mm<\/strong><\/p>\n<p><strong>Surface de travail : 1500 x 1000 mm<\/strong><\/p>\n<p><strong>Mat\u00e9riau : t\u00f4le galvanis\u00e9e \u00e0 chaud \/ laqu\u00e9e par poudrage<\/strong><\/p>\n<p><strong>\u00c9paisseur du mat\u00e9riau : 1,5 mm<\/strong><\/p>\n<p><strong>Syst\u00e8me d&rsquo;aspiration interne en version antid\u00e9flagrante<\/strong><\/p>\n<p><strong>Pneumatyczne oczyszczanie filtr\u00f3w<\/strong><\/p>\n<p><strong>Filtration \u00e0 deux niveaux<\/strong><\/p>\n","protected":false},"excerpt":{"rendered":"<p>La table de pon\u00e7age VENTEX PRIME BLOW 1500 est un outil parfait pour le pon\u00e7age professionnel du bois, des vernis et des mati\u00e8res plastiques. Gr\u00e2ce \u00e0 sa conception compacte et ergonomique, ce produit convient \u00e0 toutes les conditions d&rsquo;atelier et permet de traiter les mat\u00e9riaux avant leur vernissage, par exemple. Gr\u00e2ce \u00e0 sa fabrication de haute qualit\u00e9, il permet un travail pr\u00e9cis et efficace tout en respectant les normes de s\u00e9curit\u00e9 appropri\u00e9es. Les tables VENTEX PRIME BLOW sont \u00e9quip\u00e9es d&rsquo;un syst\u00e8me d&rsquo;aspiration interne \u00e0 faible niveau sonore, d&rsquo;un plenum d&rsquo;alimentation en air et d&rsquo;un syst\u00e8me de filtration \u00e0 air comprim\u00e9, ce qui garantit un rendement \u00e9lev\u00e9 et constant.   <\/p>\n<p><strong>Avantages des tables de pon\u00e7age VENTEX <\/strong><\/p>\n<ul>\n<li>Air plus pur \u2013 l&rsquo;aspiration des poussi\u00e8res emp\u00eache leur dispersion dans l&rsquo;air<\/li>\n<li>S\u00e9curit\u00e9 \u2013 elles r\u00e9duisent le risque d&rsquo;accidents li\u00e9s \u00e0 l&rsquo;accumulation de poussi\u00e8res (par exemple, explosions de poussi\u00e8res dans les usines industrielles).<\/li>\n<li>Pr\u00e9cision \u2013 les surfaces polies sont plus propres, ce qui am\u00e9liore la qualit\u00e9 de l&rsquo;usinage.<\/li>\n<li><strong>Conception antid\u00e9flagrante<\/strong><\/li>\n<\/ul>\n<ul>\n<li><strong>Plenum d&rsquo;aspiration facilitant l&rsquo;\u00e9vacuation plus rapide de la poussi\u00e8re vers le corps de la table de pon\u00e7age<\/strong><\/li>\n<li><strong>Nettoyage pneumatique des filtres<\/strong><\/li>\n<\/ul>\n<ul>\n<li><strong>Plateau avec panneaux emp\u00eachant le rayage des pi\u00e8ces usin\u00e9es<\/strong><\/li>\n<li><strong>Panneau de commande pratique avec prises pour brancher des outils \u00e9lectriques<\/strong><\/li>\n<\/ul>\n<p>&nbsp;<\/p>\n<p><strong>Avec la table VENTEX PRIME, vous recevrez :<\/strong><\/p>\n<p>&#8211; Ventilateur antid\u00e9flagrant EX<\/p>\n<p>&#8211; Panneau de commande int\u00e9gr\u00e9<\/p>\n<p>&#8211; Jeu de filtres permettant de commencer imm\u00e9diatement le travail<\/p>\n<p>&#8211; Documentation compl\u00e8te (mode d&#8217;emploi, d\u00e9claration de conformit\u00e9, plaque signal\u00e9tique)<\/p>\n","protected":false},"featured_media":5103,"comment_status":"open","ping_status":"closed","template":"","meta":[],"product_brand":[],"product_cat":[491,489],"product_tag":[531,534,535],"class_list":{"0":"post-5985","1":"product","2":"type-product","3":"status-publish","4":"has-post-thumbnail","6":"product_cat-prime-blow-tables-de-poncage","7":"product_cat-tables-de-poncage","8":"product_tag-table-de-poncage","9":"product_tag-table-de-poncage-1500-x-1000","10":"product_tag-table-de-poncage-1500-x-1000-prime-blow-1500","12":"first","13":"instock","14":"shipping-taxable","15":"product-type-simple"},"_links":{"self":[{"href":"https:\/\/ventex.pl\/fr\/wp-json\/wp\/v2\/product\/5985","targetHints":{"allow":["GET"]}}],"collection":[{"href":"https:\/\/ventex.pl\/fr\/wp-json\/wp\/v2\/product"}],"about":[{"href":"https:\/\/ventex.pl\/fr\/wp-json\/wp\/v2\/types\/product"}],"replies":[{"embeddable":true,"href":"https:\/\/ventex.pl\/fr\/wp-json\/wp\/v2\/comments?post=5985"}],"wp:featuredmedia":[{"embeddable":true,"href":"https:\/\/ventex.pl\/fr\/wp-json\/wp\/v2\/media\/5103"}],"wp:attachment":[{"href":"https:\/\/ventex.pl\/fr\/wp-json\/wp\/v2\/media?parent=5985"}],"wp:term":[{"taxonomy":"product_brand","embeddable":true,"href":"https:\/\/ventex.pl\/fr\/wp-json\/wp\/v2\/product_brand?post=5985"},{"taxonomy":"product_cat","embeddable":true,"href":"https:\/\/ventex.pl\/fr\/wp-json\/wp\/v2\/product_cat?post=5985"},{"taxonomy":"product_tag","embeddable":true,"href":"https:\/\/ventex.pl\/fr\/wp-json\/wp\/v2\/product_tag?post=5985"}],"curies":[{"name":"wp","href":"https:\/\/api.w.org\/{rel}","templated":true}]}}