{"id":5981,"date":"2024-10-26T18:08:42","date_gmt":"2024-10-26T16:08:42","guid":{"rendered":"https:\/\/ventex.pl\/produkt\/chariot-de-service-650-x-350-ws-1\/"},"modified":"2024-10-26T18:08:42","modified_gmt":"2024-10-26T16:08:42","slug":"chariot-de-service-650-x-350-ws-1","status":"publish","type":"product","link":"https:\/\/ventex.pl\/fr\/produkt\/chariot-de-service-650-x-350-ws-1\/","title":{"rendered":"Chariot de service 650 x 350 &#8211; WS-1"},"content":{"rendered":"<p><strong>Dimensions totales : 715 x 355 x 770 mm<\/strong><\/p>\n<p><strong>Dimensions de l&rsquo;\u00e9tag\u00e8re : 650 x 350 x 50 mm<\/strong><\/p>\n<p><strong>Construction m\u00e9tallique robuste fabriqu\u00e9e sur CNC<\/strong><\/p>\n<p><strong>Mat\u00e9riau : t\u00f4le galvanis\u00e9e \u00e0 chaud \/ laqu\u00e9e par poudrage<\/strong><\/p>\n<p><strong>\u00c9paisseur du mat\u00e9riau : 1,5 mm<\/strong><\/p>\n<p><strong>Roues pivotantes robustes en m\u00e9tal et caoutchouc<\/strong><\/p>\n<p><strong>Poign\u00e9e de transport<\/strong><\/p>\n","protected":false},"excerpt":{"rendered":"<p>Le chariot de service VENTEX WS-1 est un outil polyvalent utilis\u00e9 dans de nombreux secteurs pour transporter des outils, des mat\u00e9riaux et des \u00e9quipements sur les lieux de travail, tels que les ateliers ou les usines. Il est extr\u00eamement utile pour maintenir l&rsquo;ordre et am\u00e9liorer l&rsquo;efficacit\u00e9 du travail, car il permet de d\u00e9placer facilement les outils et les accessoires dans un seul endroit organis\u00e9. <\/p>\n<p><strong> <\/strong><\/p>\n<p><strong>Avantages des chariots de service VENTEX :<\/strong><\/p>\n<ul>\n<li>Transport d&rsquo;outils \u2013 facilite le transport d&rsquo;outils d&rsquo;atelier, d&rsquo;\u00e9quipements d&rsquo;entretien ou de pi\u00e8ces de rechange dans les ateliers.<\/li>\n<li>Organisation du travail \u2013 permettent de maintenir l&rsquo;ordre gr\u00e2ce \u00e0 des \u00e9tag\u00e8res qui facilitent l&rsquo;acc\u00e8s aux objets n\u00e9cessaires.<\/li>\n<li>Mobilit\u00e9 \u2013 gr\u00e2ce \u00e0 leurs roulettes, les chariots peuvent \u00eatre facilement d\u00e9plac\u00e9s entre diff\u00e9rentes zones de travail, ce qui permet d&rsquo;\u00e9conomiser du temps et des efforts.<\/li>\n<\/ul>\n","protected":false},"featured_media":5164,"comment_status":"open","ping_status":"closed","template":"","meta":[],"product_brand":[],"product_cat":[495,493],"product_tag":[513,524,526,523,525,514],"class_list":{"0":"post-5981","1":"product","2":"type-product","3":"status-publish","4":"has-post-thumbnail","6":"product_cat-chariots-de-service","7":"product_cat-chariots-et-accessoires","8":"product_tag-chariot-a-outils","9":"product_tag-chariot-de-service","10":"product_tag-chariot-de-service-650-x-350","11":"product_tag-chariot-de-service-650-x-350-ws-1","12":"product_tag-chariot-de-service-datelier","13":"product_tag-chariot-pour-accessoires","15":"first","16":"instock","17":"shipping-taxable","18":"product-type-simple"},"_links":{"self":[{"href":"https:\/\/ventex.pl\/fr\/wp-json\/wp\/v2\/product\/5981","targetHints":{"allow":["GET"]}}],"collection":[{"href":"https:\/\/ventex.pl\/fr\/wp-json\/wp\/v2\/product"}],"about":[{"href":"https:\/\/ventex.pl\/fr\/wp-json\/wp\/v2\/types\/product"}],"replies":[{"embeddable":true,"href":"https:\/\/ventex.pl\/fr\/wp-json\/wp\/v2\/comments?post=5981"}],"wp:featuredmedia":[{"embeddable":true,"href":"https:\/\/ventex.pl\/fr\/wp-json\/wp\/v2\/media\/5164"}],"wp:attachment":[{"href":"https:\/\/ventex.pl\/fr\/wp-json\/wp\/v2\/media?parent=5981"}],"wp:term":[{"taxonomy":"product_brand","embeddable":true,"href":"https:\/\/ventex.pl\/fr\/wp-json\/wp\/v2\/product_brand?post=5981"},{"taxonomy":"product_cat","embeddable":true,"href":"https:\/\/ventex.pl\/fr\/wp-json\/wp\/v2\/product_cat?post=5981"},{"taxonomy":"product_tag","embeddable":true,"href":"https:\/\/ventex.pl\/fr\/wp-json\/wp\/v2\/product_tag?post=5981"}],"curies":[{"name":"wp","href":"https:\/\/api.w.org\/{rel}","templated":true}]}}