{"id":5979,"date":"2024-10-26T18:24:15","date_gmt":"2024-10-26T16:24:15","guid":{"rendered":"https:\/\/ventex.pl\/produkt\/chariot-de-peinture-1780-x-1000-wl-100-s1\/"},"modified":"2024-10-26T18:24:15","modified_gmt":"2024-10-26T16:24:15","slug":"chariot-de-peinture-1780-x-1000-wl-100-s1","status":"publish","type":"product","link":"https:\/\/ventex.pl\/fr\/produkt\/chariot-de-peinture-1780-x-1000-wl-100-s1\/","title":{"rendered":"Chariot de peinture 1780 x 1000 &#8211; WL-100-S1"},"content":{"rendered":"<p><strong>Dimensions totales : 1780 x 1000 x 750 mm<\/strong><\/p>\n<p><strong>Construction m\u00e9tallique robuste fabriqu\u00e9e sur CNC<\/strong><\/p>\n<p><strong>Possibilit\u00e9 de r\u00e9gler les trav\u00e9es dans une plage de 200 mm \u00e0 1000 mm,<\/strong><\/p>\n<p><strong>10 \u00e9tag\u00e8res solides sur chaque bras<\/strong><\/p>\n<p><strong>Mat\u00e9riau : profil\u00e9s en acier \/ rev\u00eatement par poudrage<\/strong><\/p>\n<p><strong>\u00c9paisseur du mat\u00e9riau : 1,5 &#8211; 2 mm<\/strong><\/p>\n<p><strong>Roues pivotantes robustes en m\u00e9tal et caoutchouc<\/strong><\/p>\n<p><strong>Poign\u00e9e de transport<\/strong><\/p>\n","protected":false},"excerpt":{"rendered":"<p><strong>W\u00f3zek lakierniczy VENTEX<\/strong> <strong>WL-100-S1<\/strong> to specjalnie zaprojektowane narz\u0119dzie do bezpiecznego transportu i przechowywania \u015bwie\u017co lakierowanych element\u00f3w podczas suszenia. Id\u00e9al pour l&rsquo;organisation de l&rsquo;espace de travail dans les ateliers de peinture, il permet de d\u00e9placer facilement les surfaces d\u00e9licates, en minimisant le risque d&rsquo;endommagement et de contact avec la peinture fra\u00eechement appliqu\u00e9e.<\/p>\n<p>&nbsp;<\/p>\n<p><strong>Avantages des chariots de peinture VENTEX :<\/strong><\/p>\n<ul>\n<li>Conception \u00e0 plusieurs niveaux : le chariot est \u00e9quip\u00e9 de plusieurs niveaux d&rsquo;\u00e9tag\u00e8res ou de bras coulissants, permettant de stocker plusieurs \u00e9l\u00e9ments \u00e0 la fois, ce qui maximise l&rsquo;espace de s\u00e9chage.<\/li>\n<li>Bras r\u00e9glables : les \u00e9tag\u00e8res et les bras peuvent \u00eatre r\u00e9gl\u00e9s en fonction de la taille des objets transport\u00e9s, tels que les portes, les panneaux, les capots de voiture ou les petites pi\u00e8ces.<\/li>\n<li>Cadre robuste : Fabriqu\u00e9 en acier robuste peint par poudrage, r\u00e9sistant \u00e0 la corrosion et aux dommages m\u00e9caniques, ce qui garantit une longue dur\u00e9e de vie dans un environnement de travail intense.<\/li>\n<\/ul>\n<p><strong> <\/strong><\/p>\n<ul>\n<li>Facilit\u00e9 de d\u00e9placement : les roulettes de grand diam\u00e8tre avec freins facilitent le transport stable et s\u00fbr des \u00e9l\u00e9ments dans l&rsquo;atelier de peinture, ainsi que leur mise en place dans la zone de s\u00e9chage.<\/li>\n<\/ul>\n<p><strong> <\/strong><\/p>\n<ul>\n<li>Conception compacte : la conception du chariot permet de le ranger facilement dans des espaces de travail exigus, tout en offrant une grande surface utile pour le transport et le s\u00e9chage des pi\u00e8ces.<\/li>\n<\/ul>\n<p><strong> <\/strong><\/p>\n<ul>\n<li>Polyvalence : il convient au transport d&rsquo;une large gamme d&rsquo;\u00e9l\u00e9ments, des pi\u00e8ces automobiles aux composants de meubles, ce qui en fait une solution universelle pour divers secteurs.<\/li>\n<\/ul>\n","protected":false},"featured_media":5177,"comment_status":"open","ping_status":"closed","template":"","meta":[],"product_brand":[],"product_cat":[494,493],"product_tag":[513,515,522,514],"class_list":{"0":"post-5979","1":"product","2":"type-product","3":"status-publish","4":"has-post-thumbnail","6":"product_cat-chariots-de-peinture","7":"product_cat-chariots-et-accessoires","8":"product_tag-chariot-a-outils","9":"product_tag-chariot-de-peinture","10":"product_tag-chariot-de-peinture-1780-x-1000-wl-100-s1","11":"product_tag-chariot-pour-accessoires","13":"first","14":"instock","15":"shipping-taxable","16":"product-type-simple"},"_links":{"self":[{"href":"https:\/\/ventex.pl\/fr\/wp-json\/wp\/v2\/product\/5979","targetHints":{"allow":["GET"]}}],"collection":[{"href":"https:\/\/ventex.pl\/fr\/wp-json\/wp\/v2\/product"}],"about":[{"href":"https:\/\/ventex.pl\/fr\/wp-json\/wp\/v2\/types\/product"}],"replies":[{"embeddable":true,"href":"https:\/\/ventex.pl\/fr\/wp-json\/wp\/v2\/comments?post=5979"}],"wp:featuredmedia":[{"embeddable":true,"href":"https:\/\/ventex.pl\/fr\/wp-json\/wp\/v2\/media\/5177"}],"wp:attachment":[{"href":"https:\/\/ventex.pl\/fr\/wp-json\/wp\/v2\/media?parent=5979"}],"wp:term":[{"taxonomy":"product_brand","embeddable":true,"href":"https:\/\/ventex.pl\/fr\/wp-json\/wp\/v2\/product_brand?post=5979"},{"taxonomy":"product_cat","embeddable":true,"href":"https:\/\/ventex.pl\/fr\/wp-json\/wp\/v2\/product_cat?post=5979"},{"taxonomy":"product_tag","embeddable":true,"href":"https:\/\/ventex.pl\/fr\/wp-json\/wp\/v2\/product_tag?post=5979"}],"curies":[{"name":"wp","href":"https:\/\/api.w.org\/{rel}","templated":true}]}}