{"id":5973,"date":"2024-10-28T14:43:01","date_gmt":"2024-10-28T13:43:01","guid":{"rendered":"https:\/\/ventex.pl\/produkt\/plenum-pour-ventilation-de-peinture-1500-x-1500-pn1515\/"},"modified":"2024-10-28T14:43:01","modified_gmt":"2024-10-28T13:43:01","slug":"plenum-pour-ventilation-de-peinture-1500-x-1500-pn1515","status":"publish","type":"product","link":"https:\/\/ventex.pl\/fr\/produkt\/plenum-pour-ventilation-de-peinture-1500-x-1500-pn1515\/","title":{"rendered":"Plenum pour ventilation de peinture 1500 x 1500 &#8211; PN1515"},"content":{"rendered":"<p>Dimensions totales : 1500 x 1500 x 350 mm<br \/>Surface filtrante : 1500 x 1500 mm<br \/>Mat\u00e9riau : t\u00f4le galvanis\u00e9e \u00e0 chaud \/ laqu\u00e9e par poudrage<br \/>\u00c9paisseur du mat\u00e9riau : 1 mm<\/p>\n<p>&nbsp;<\/p>\n","protected":false},"excerpt":{"rendered":"<p>Le diffuseur d&rsquo;air pour cabine de peinture 1500&#215;1500 \u2013 PN1515 de la marque VENTEX est un \u00e9l\u00e9ment cl\u00e9 du syst\u00e8me de ventilation pour cabines de peinture, con\u00e7u pour r\u00e9partir uniform\u00e9ment l&rsquo;air frais filtr\u00e9 dans toute la salle de travail. Gr\u00e2ce \u00e0 sa conception avanc\u00e9e, ce diffuseur de peinture garantit des conditions de travail optimales, am\u00e9liorant ainsi la qualit\u00e9 de la peinture et la s\u00e9curit\u00e9 des utilisateurs. Des conduits et un syst\u00e8me de distribution d&rsquo;air sp\u00e9cialement con\u00e7us permettent une circulation uniforme de l&rsquo;air sur toute la surface de peinture, ce qui \u00e9limine les turbulences et minimise le risque de d\u00e9p\u00f4t de poussi\u00e8re. Le ventilateur pour cabine de peinture VENTEX PN1515 est id\u00e9al pour les ateliers de peinture, les usines automobiles, la fabrication de meubles et d&rsquo;autres industries n\u00e9cessitant une peinture de pr\u00e9cision.<\/p>\n<p>   <\/p>\n<p>Avantages du pl\u00e9num d&rsquo;alimentation VENTEX :<br \/>\n&#8211; Contr\u00f4le du d\u00e9bit d&rsquo;air : l&rsquo;alimentation en air frais de la cabine de peinture est r\u00e9guli\u00e8re, ce qui \u00e9vite les turbulences susceptibles de perturber le processus de peinture.<br \/>\n&#8211; Garantie d&rsquo;un environnement de travail propre : \u00e9limine efficacement les poussi\u00e8res, les vapeurs de peinture et autres impuret\u00e9s pr\u00e9sentes dans la pi\u00e8ce.<br \/>\n&#8211; Optimisation de la temp\u00e9rature et de l&rsquo;humidit\u00e9 : aide \u00e0 maintenir des conditions stables, essentielles au processus de peinture et de s\u00e9chage des peintures.<br \/>\n&#8211; Am\u00e9lioration de la qualit\u00e9 du vernissage : un apport uniforme d&rsquo;air frais favorise une meilleure adh\u00e9rence de la peinture et du vernis \u00e0 la surface, ce qui se traduit par une finition parfaite et une couche de peinture uniforme.<br \/>\nLe kit complet avec le pl\u00e9num de diffusion VENTEX PN1515 comprend :<br \/>\n&#8211; Ventilateur<br \/>\n&#8211; Bo\u00eetier de commande<br \/>\n&#8211; Jeu de filtres permettant de commencer imm\u00e9diatement le travail<br \/>\n&#8211; Documentation compl\u00e8te (mode d&#8217;emploi, d\u00e9claration de conformit\u00e9, plaque signal\u00e9tique)<\/p>\n","protected":false},"featured_media":5240,"comment_status":"open","ping_status":"closed","template":"","meta":[],"product_brand":[],"product_cat":[461],"product_tag":[463,466,510,509,465,464,462],"class_list":{"0":"post-5973","1":"product","2":"type-product","3":"status-publish","4":"has-post-thumbnail","6":"product_cat-plena-alimentation","7":"product_tag-installation-dun-systeme-de-ventilation-pour-un-atelier-de-peinture","8":"product_tag-plenum-dalimentation-en-air","9":"product_tag-plenum-pour-ventilation-de-peinture-1500-x-1500-pn1515","10":"product_tag-soufflerie-de-peinture-1500-x-1500","11":"product_tag-systeme-de-ventilation-pour-atelier-de-peinture","12":"product_tag-ventilation-pour-atelier-de-peinture","13":"product_tag-ventilation-pour-peinture","15":"first","16":"instock","17":"shipping-taxable","18":"product-type-simple"},"_links":{"self":[{"href":"https:\/\/ventex.pl\/fr\/wp-json\/wp\/v2\/product\/5973","targetHints":{"allow":["GET"]}}],"collection":[{"href":"https:\/\/ventex.pl\/fr\/wp-json\/wp\/v2\/product"}],"about":[{"href":"https:\/\/ventex.pl\/fr\/wp-json\/wp\/v2\/types\/product"}],"replies":[{"embeddable":true,"href":"https:\/\/ventex.pl\/fr\/wp-json\/wp\/v2\/comments?post=5973"}],"wp:featuredmedia":[{"embeddable":true,"href":"https:\/\/ventex.pl\/fr\/wp-json\/wp\/v2\/media\/5240"}],"wp:attachment":[{"href":"https:\/\/ventex.pl\/fr\/wp-json\/wp\/v2\/media?parent=5973"}],"wp:term":[{"taxonomy":"product_brand","embeddable":true,"href":"https:\/\/ventex.pl\/fr\/wp-json\/wp\/v2\/product_brand?post=5973"},{"taxonomy":"product_cat","embeddable":true,"href":"https:\/\/ventex.pl\/fr\/wp-json\/wp\/v2\/product_cat?post=5973"},{"taxonomy":"product_tag","embeddable":true,"href":"https:\/\/ventex.pl\/fr\/wp-json\/wp\/v2\/product_tag?post=5973"}],"curies":[{"name":"wp","href":"https:\/\/api.w.org\/{rel}","templated":true}]}}