{"id":5972,"date":"2024-10-28T14:47:03","date_gmt":"2024-10-28T13:47:03","guid":{"rendered":"https:\/\/ventex.pl\/produkt\/plenum-pour-ventilation-de-peinture-2000-x-1000-pn2010\/"},"modified":"2024-10-28T14:47:03","modified_gmt":"2024-10-28T13:47:03","slug":"plenum-pour-ventilation-de-peinture-2000-x-1000-pn2010","status":"publish","type":"product","link":"https:\/\/ventex.pl\/fr\/produkt\/plenum-pour-ventilation-de-peinture-2000-x-1000-pn2010\/","title":{"rendered":"Plenum pour ventilation de peinture 2000 x 1000 &#8211; PN2010"},"content":{"rendered":"<p>Dimensions totales : 2000 x 1000 x 350 mm<br \/>Surface filtrante : 2000 x 1000 mm<br \/>Mat\u00e9riau : t\u00f4le galvanis\u00e9e \u00e0 chaud \/ laqu\u00e9e par poudrage<br \/>\u00c9paisseur du mat\u00e9riau : 1 mm<\/p>\n","protected":false},"excerpt":{"rendered":"<p>La grille de diffusion VENTEX PN2010 est un \u00e9l\u00e9ment cl\u00e9 du syst\u00e8me de ventilation des cabines de peinture, dont la fonction principale est de r\u00e9partir uniform\u00e9ment l&rsquo;air filtr\u00e9 dans les cabines de peinture, cr\u00e9ant ainsi des conditions de travail stables et s\u00fbres. Gr\u00e2ce \u00e0 sa conception avanc\u00e9e, ce diffuseur de peinture garantit des conditions de peinture optimales, contribuant ainsi \u00e0 am\u00e9liorer la qualit\u00e9 de la finition et \u00e0 prot\u00e9ger les utilisateurs. Des conduits sp\u00e9cialement con\u00e7us et un syst\u00e8me unique de distribution de l&rsquo;air assurent un flux uniforme sur toute la surface de peinture, \u00e9liminant les turbulences et limitant le d\u00e9p\u00f4t de poussi\u00e8re. Le syst\u00e8me de ventilation pour cabines de peinture VENTEX PN2010 est id\u00e9al pour les ateliers de peinture, les usines automobiles, la fabrication de meubles et partout o\u00f9 une peinture pr\u00e9cise est essentielle.   <\/p>\n<p>Pour les installations de ventilation plus compactes dans les ateliers de peinture, VENTEX propose \u00e9galement le mod\u00e8le Plenum ventilation peinture 1500&#215;1500 \u2013 PN1515, id\u00e9al pour les espaces de travail plus petits.<\/p>\n<p>Avantages du pl\u00e9num de soufflage VENTEX :<\/p>\n<p>&#8211; Contr\u00f4le du flux d&rsquo;air : l&rsquo;alimentation en air de l&rsquo;atelier de peinture fournit de l&rsquo;air frais de mani\u00e8re uniforme, \u00e9vitant ainsi les turbulences qui pourraient perturber le processus de peinture.<br \/>\n&#8211; Garantie d&rsquo;un environnement de travail propre : aide \u00e0 \u00e9liminer la poussi\u00e8re, les vapeurs de peinture et autres contaminants de la pi\u00e8ce.<br \/>\n&#8211; Optimisation de la temp\u00e9rature et de l&rsquo;humidit\u00e9 : contribue au maintien de conditions constantes, ce qui est essentiel pour la qualit\u00e9 du processus de peinture et de s\u00e9chage des peintures.<br \/>\n&#8211; Am\u00e9lioration de la qualit\u00e9 de la peinture : un apport constant et uniforme d&rsquo;air frais permet une meilleure adh\u00e9rence de la peinture et du vernis \u00e0 la surface, ce qui se traduit par une finition parfaite et une couche de peinture uniforme.<br \/>\nLe kit VENTEX PN2010 comprend :<\/p>\n<p>&#8211; Ventilateur<br \/>\n&#8211; Bo\u00eetier de commande<br \/>\n&#8211; Jeu de filtres permettant une mise en service imm\u00e9diate<br \/>\n&#8211; Documentation compl\u00e8te (mode d&#8217;emploi, d\u00e9claration de conformit\u00e9, plaque signal\u00e9tique)<\/p>\n","protected":false},"featured_media":5245,"comment_status":"open","ping_status":"closed","template":"","meta":[],"product_brand":[],"product_cat":[461],"product_tag":[463,466,510,509,465,464,462],"class_list":{"0":"post-5972","1":"product","2":"type-product","3":"status-publish","4":"has-post-thumbnail","6":"product_cat-plena-alimentation","7":"product_tag-installation-dun-systeme-de-ventilation-pour-un-atelier-de-peinture","8":"product_tag-plenum-dalimentation-en-air","9":"product_tag-plenum-pour-ventilation-de-peinture-1500-x-1500-pn1515","10":"product_tag-soufflerie-de-peinture-1500-x-1500","11":"product_tag-systeme-de-ventilation-pour-atelier-de-peinture","12":"product_tag-ventilation-pour-atelier-de-peinture","13":"product_tag-ventilation-pour-peinture","15":"first","16":"instock","17":"shipping-taxable","18":"product-type-simple"},"_links":{"self":[{"href":"https:\/\/ventex.pl\/fr\/wp-json\/wp\/v2\/product\/5972","targetHints":{"allow":["GET"]}}],"collection":[{"href":"https:\/\/ventex.pl\/fr\/wp-json\/wp\/v2\/product"}],"about":[{"href":"https:\/\/ventex.pl\/fr\/wp-json\/wp\/v2\/types\/product"}],"replies":[{"embeddable":true,"href":"https:\/\/ventex.pl\/fr\/wp-json\/wp\/v2\/comments?post=5972"}],"wp:featuredmedia":[{"embeddable":true,"href":"https:\/\/ventex.pl\/fr\/wp-json\/wp\/v2\/media\/5245"}],"wp:attachment":[{"href":"https:\/\/ventex.pl\/fr\/wp-json\/wp\/v2\/media?parent=5972"}],"wp:term":[{"taxonomy":"product_brand","embeddable":true,"href":"https:\/\/ventex.pl\/fr\/wp-json\/wp\/v2\/product_brand?post=5972"},{"taxonomy":"product_cat","embeddable":true,"href":"https:\/\/ventex.pl\/fr\/wp-json\/wp\/v2\/product_cat?post=5972"},{"taxonomy":"product_tag","embeddable":true,"href":"https:\/\/ventex.pl\/fr\/wp-json\/wp\/v2\/product_tag?post=5972"}],"curies":[{"name":"wp","href":"https:\/\/api.w.org\/{rel}","templated":true}]}}