{"id":5937,"date":"2024-10-28T16:02:29","date_gmt":"2024-10-28T15:02:29","guid":{"rendered":"https:\/\/ventex.pl\/produkt\/plenum-pour-ventilation-de-peinture-3000-x-2000-pn3020\/"},"modified":"2024-10-28T16:02:29","modified_gmt":"2024-10-28T15:02:29","slug":"plenum-pour-ventilation-de-peinture-3000-x-2000-pn3020","status":"publish","type":"product","link":"https:\/\/ventex.pl\/fr\/produkt\/plenum-pour-ventilation-de-peinture-3000-x-2000-pn3020\/","title":{"rendered":"Plenum pour ventilation de peinture 3000 x 2000 &#8211; PN3020"},"content":{"rendered":"<p>Dimensions totales : 3000 x 2000 x 350 mm<br \/>Surface filtrante : 3000 x 2000 mm<br \/>Mat\u00e9riau : t\u00f4le galvanis\u00e9e \u00e0 chaud \/ laqu\u00e9e par poudrage<br \/>\u00c9paisseur du mat\u00e9riau : 1 mm<\/p>\n<p>&nbsp;<\/p>\n","protected":false},"excerpt":{"rendered":"<p>Le pl\u00e9num d&rsquo;alimentation VENTEX PN3020 est un \u00e9l\u00e9ment cl\u00e9 du syst\u00e8me de ventilation utilis\u00e9 dans les ateliers de peinture, dont la t\u00e2che principale est de r\u00e9partir uniform\u00e9ment l&rsquo;air frais filtr\u00e9 dans toute la salle de travail. Gr\u00e2ce \u00e0 sa conception avanc\u00e9e, le pl\u00e9num assure des conditions de travail optimales, am\u00e9liorant la qualit\u00e9 de la peinture et la s\u00e9curit\u00e9 des utilisateurs. Des conduits sp\u00e9cialement con\u00e7us et un syst\u00e8me de distribution d&rsquo;air assurent un flux d&rsquo;air uniforme sur toute la surface de peinture, ce qui \u00e9limine les turbulences et minimise le risque de d\u00e9p\u00f4t de poussi\u00e8re. Il est id\u00e9al pour les ateliers de peinture, les usines automobiles, la fabrication de meubles et d&rsquo;autres industries n\u00e9cessitant une peinture de pr\u00e9cision.   <\/p>\n<p><strong> <\/strong><\/p>\n<p><strong>Avantages du pl\u00e9num de soufflage VENTEX :<\/strong><\/p>\n<ul>\n<li>Contr\u00f4le du flux d&rsquo;air \u2013 fournit de l&rsquo;air frais de mani\u00e8re uniforme afin d&rsquo;\u00e9viter les turbulences qui pourraient perturber le processus de peinture.<\/li>\n<li>Assurer un environnement de travail propre \u2013 aide \u00e0 \u00e9liminer les poussi\u00e8res, les vapeurs de peinture et autres contaminants de la pi\u00e8ce.<\/li>\n<li><strong>Optymalizacja temperatury i wilgotno\u015bci<\/strong> \u2013 mo\u017ce wspomaga\u0107 utrzymanie sta\u0142ych warunk\u00f3w, co jest kluczowe dla jako\u015bci procesu malowania i schni\u0119cia farb.<\/li>\n<li>Am\u00e9lioration de la qualit\u00e9 du vernissage &#8211; un apport constant et uniforme d&rsquo;air frais permet une meilleure adh\u00e9rence de la peinture et du vernis \u00e0 la surface, ce qui se traduit par une finition parfaite et une couche de peinture uniforme.<\/li>\n<\/ul>\n<p>&nbsp;<\/p>\n<p><strong>Le kit complet avec le pl\u00e9num de diffusion VENTEX PN3020 comprend :<\/strong><\/p>\n<p>&#8211; Ventilateur<\/p>\n<p>&#8211; Bo\u00eetier de commande<\/p>\n<p>&#8211; Jeu de filtres permettant de commencer imm\u00e9diatement le travail<\/p>\n<p>&#8211; Documentation compl\u00e8te (mode d&#8217;emploi, d\u00e9claration de conformit\u00e9, plaque signal\u00e9tique)<\/p>\n","protected":false},"featured_media":5273,"comment_status":"open","ping_status":"closed","template":"","meta":[],"product_brand":[],"product_cat":[461],"product_tag":[463,466,476,477,465,464,462],"class_list":{"0":"post-5937","1":"product","2":"type-product","3":"status-publish","4":"has-post-thumbnail","6":"product_cat-plena-alimentation","7":"product_tag-installation-dun-systeme-de-ventilation-pour-un-atelier-de-peinture","8":"product_tag-plenum-dalimentation-en-air","9":"product_tag-plenum-pour-ventilation-de-peinture-3000-x-2000-pn3020","10":"product_tag-soufflerie-de-peinture-3000-x-2000","11":"product_tag-systeme-de-ventilation-pour-atelier-de-peinture","12":"product_tag-ventilation-pour-atelier-de-peinture","13":"product_tag-ventilation-pour-peinture","15":"first","16":"instock","17":"shipping-taxable","18":"product-type-simple"},"_links":{"self":[{"href":"https:\/\/ventex.pl\/fr\/wp-json\/wp\/v2\/product\/5937","targetHints":{"allow":["GET"]}}],"collection":[{"href":"https:\/\/ventex.pl\/fr\/wp-json\/wp\/v2\/product"}],"about":[{"href":"https:\/\/ventex.pl\/fr\/wp-json\/wp\/v2\/types\/product"}],"replies":[{"embeddable":true,"href":"https:\/\/ventex.pl\/fr\/wp-json\/wp\/v2\/comments?post=5937"}],"wp:featuredmedia":[{"embeddable":true,"href":"https:\/\/ventex.pl\/fr\/wp-json\/wp\/v2\/media\/5273"}],"wp:attachment":[{"href":"https:\/\/ventex.pl\/fr\/wp-json\/wp\/v2\/media?parent=5937"}],"wp:term":[{"taxonomy":"product_brand","embeddable":true,"href":"https:\/\/ventex.pl\/fr\/wp-json\/wp\/v2\/product_brand?post=5937"},{"taxonomy":"product_cat","embeddable":true,"href":"https:\/\/ventex.pl\/fr\/wp-json\/wp\/v2\/product_cat?post=5937"},{"taxonomy":"product_tag","embeddable":true,"href":"https:\/\/ventex.pl\/fr\/wp-json\/wp\/v2\/product_tag?post=5937"}],"curies":[{"name":"wp","href":"https:\/\/api.w.org\/{rel}","templated":true}]}}