{"id":5925,"date":"2024-10-31T12:15:01","date_gmt":"2024-10-31T11:15:01","guid":{"rendered":"https:\/\/ventex.pl\/produkt\/aspirateur-de-sol-sur-mesure-pdz1040\/"},"modified":"2024-10-31T12:15:01","modified_gmt":"2024-10-31T11:15:01","slug":"aspirateur-de-sol-sur-mesure-pdz1040","status":"publish","type":"product","link":"https:\/\/ventex.pl\/fr\/produkt\/aspirateur-de-sol-sur-mesure-pdz1040\/","title":{"rendered":"Aspirateur de sol sur mesure &#8211; PDZ1040"},"content":{"rendered":"<p>Nous pouvons concevoir et fabriquer des produits dans toutes les dimensions, adapt\u00e9s aux besoins individuels du client.<br \/>Mat\u00e9riau : t\u00f4le galvanis\u00e9e \u00e0 chaud \/ profil\u00e9s en acier galvanis\u00e9.<br \/>\u00c9paisseur du mat\u00e9riau : 1,5 &#8211; 4 mm.<\/p>\n","protected":false},"excerpt":{"rendered":"<p>L&rsquo;extraction au sol VENTEX \u2013 encastrement dans le sol \u2013 est un \u00e9l\u00e9ment du syst\u00e8me de ventilation qui \u00e9limine les impuret\u00e9s, les poussi\u00e8res, les vapeurs et les brouillards de peinture de la partie inf\u00e9rieure de la pi\u00e8ce. Sa fonction principale est de maintenir la propret\u00e9 de l&rsquo;air au niveau de travail, ce qui influe sur la qualit\u00e9 du travail et la s\u00e9curit\u00e9 des utilisateurs. Il fonctionne en aspirant les impuret\u00e9s vers le bas, ce qui emp\u00eache leur dispersion et leur d\u00e9p\u00f4t sur les surfaces peintes.  <\/p>\n<p>&nbsp;<\/p>\n<p><strong>Avantages du syst\u00e8me d&rsquo;aspiration au sol VENTEX :<\/strong><\/p>\n<ul>\n<li>\u00c9limination des poussi\u00e8res et des vapeurs \u2013 aspire efficacement les particules de vernis, de peinture et autres substances nocives qui s&rsquo;accumulent pendant la peinture.<\/li>\n<li>Am\u00e9lioration de la qualit\u00e9 du vernissage \u2013 emp\u00eache les impuret\u00e9s de se d\u00e9poser sur les surfaces fra\u00eechement peintes, ce qui donne de meilleurs r\u00e9sultats finaux.<\/li>\n<li>S\u00e9curit\u00e9 \u2013 r\u00e9duit le risque d&rsquo;inhalation de vapeurs nocives par les employ\u00e9s en garantissant un air pur.<\/li>\n<li>\u00c9vacuation efficace \u2013 comme le syst\u00e8me aspire les impuret\u00e9s du sol, il est particuli\u00e8rement efficace pour emp\u00eacher la poussi\u00e8re de se red\u00e9poser.<\/li>\n<\/ul>\n","protected":false},"featured_media":5929,"comment_status":"open","ping_status":"closed","template":"","meta":[],"product_brand":[],"product_cat":[453],"product_tag":[460,457,454,458,459,455,456],"class_list":{"0":"post-5925","1":"product","2":"type-product","3":"status-publish","4":"has-post-thumbnail","6":"product_cat-fixations-au-sol","7":"product_tag-aspirateur-de-sol-sur-mesure-pdz1040","8":"product_tag-aspirateurs-de-sol-pour-poncage","9":"product_tag-aspiration-au-sol","10":"product_tag-extraction-au-sol-pour-peinture","11":"product_tag-extraction-au-sol-sur-mesure","12":"product_tag-plancher-devacuation","13":"product_tag-plateforme-devacuation","15":"first","16":"instock","17":"shipping-taxable","18":"product-type-simple"},"_links":{"self":[{"href":"https:\/\/ventex.pl\/fr\/wp-json\/wp\/v2\/product\/5925","targetHints":{"allow":["GET"]}}],"collection":[{"href":"https:\/\/ventex.pl\/fr\/wp-json\/wp\/v2\/product"}],"about":[{"href":"https:\/\/ventex.pl\/fr\/wp-json\/wp\/v2\/types\/product"}],"replies":[{"embeddable":true,"href":"https:\/\/ventex.pl\/fr\/wp-json\/wp\/v2\/comments?post=5925"}],"wp:featuredmedia":[{"embeddable":true,"href":"https:\/\/ventex.pl\/fr\/wp-json\/wp\/v2\/media\/5929"}],"wp:attachment":[{"href":"https:\/\/ventex.pl\/fr\/wp-json\/wp\/v2\/media?parent=5925"}],"wp:term":[{"taxonomy":"product_brand","embeddable":true,"href":"https:\/\/ventex.pl\/fr\/wp-json\/wp\/v2\/product_brand?post=5925"},{"taxonomy":"product_cat","embeddable":true,"href":"https:\/\/ventex.pl\/fr\/wp-json\/wp\/v2\/product_cat?post=5925"},{"taxonomy":"product_tag","embeddable":true,"href":"https:\/\/ventex.pl\/fr\/wp-json\/wp\/v2\/product_tag?post=5925"}],"curies":[{"name":"wp","href":"https:\/\/api.w.org\/{rel}","templated":true}]}}