{"id":5645,"date":"2024-10-20T10:55:21","date_gmt":"2024-10-20T08:55:21","guid":{"rendered":"https:\/\/ventex.pl\/produkt\/paint-chamber-wall-3000-x-1800-easy-3018\/"},"modified":"2024-10-20T10:55:21","modified_gmt":"2024-10-20T08:55:21","slug":"paint-chamber-wall-3000-x-1800-easy-3018","status":"publish","type":"product","link":"https:\/\/ventex.pl\/en\/produkt\/paint-chamber-wall-3000-x-1800-easy-3018\/","title":{"rendered":"Paint chamber wall 3000 x 1800 &#8211; EASY 3018"},"content":{"rendered":"<p><strong>Overall dimension: 3510 x 2425 x 750 mm<\/strong><\/p>\n<p><strong>Filter area: 3000 x 1800 mm<\/strong><\/p>\n<p><strong>Material: Hot-dip galvanised sheet metal \/ powder-coated catcher plates<\/strong><\/p>\n<p><strong> Material thickness: 1 mm<\/strong><\/p>\n<p><strong>Two filters are responsible for filtration: a cardboard filter and a PAINT STOP glass fibre filter..<\/strong><\/p>\n","protected":false},"excerpt":{"rendered":"<p><strong>The VENTEX EASY <\/strong><strong>3018 paint spray chamber <\/strong>is a special device used in paint shops to help ensure the right conditions during painting and varnishing. Dzi\u0119ki <strong>\u015bcianie lakierniczej <\/strong>mo\u017cna kontrolowa\u0107 i filtrowa\u0107 zanieczyszczenia unosz\u0105ce si\u0119 w powietrzu, co jest kluczem do uzyskania wysokiej jako\u015bci wyko\u0144cze\u0144 lakierniczych.<\/p>\n<p>&nbsp;<\/p>\n<p><strong>Paint walls <\/strong>are necessary for:<\/p>\n<ol>\n<li><strong>Protection of workers&#8217; health:<\/strong> Air filtering removes dust and fumes that can be harmful.<\/li>\n<li><strong>Ensuring clean air:<\/strong> It filters out dust and other contaminants, which is crucial to the quality of painting.<\/li>\n<li><strong>Environmental protection:<\/strong> Prevents harmful substances from entering the atmosphere.<\/li>\n<li><strong>Achieving a better quality of finish:<\/strong> Clean air means less contamination on the painted surface.<\/li>\n<\/ol>\n<p><strong> <\/strong><\/p>\n<p><strong>Included with the VENTEX EASY wall you will receive:<\/strong><\/p>\n<p>&#8211; Explosion-proof fan EX<\/p>\n<p>&#8211; Control box<\/p>\n<p>&#8211; A set of filters for immediate operation<\/p>\n<p>&#8211; Complete documentation (instruction manual, declaration of conformity, rating plate)<\/p>\n","protected":false},"featured_media":4937,"comment_status":"open","ping_status":"closed","template":"","meta":[],"product_brand":[],"product_cat":[269,268],"product_tag":[273,272,278,275,271,279,270,274],"class_list":{"0":"post-5645","1":"product","2":"type-product","3":"status-publish","4":"has-post-thumbnail","6":"product_cat-easy-paint-walls","7":"product_cat-spray-booths","8":"product_tag-chamber","9":"product_tag-lacquer-extractor","10":"product_tag-paint-chamber-wall-3000-x-1800-easy-3018","11":"product_tag-paintshop","12":"product_tag-spray-booth-en","13":"product_tag-spray-chamber-3000-x-1800","14":"product_tag-spray-wall","15":"product_tag-wall","17":"first","18":"instock","19":"shipping-taxable","20":"product-type-simple"},"_links":{"self":[{"href":"https:\/\/ventex.pl\/en\/wp-json\/wp\/v2\/product\/5645","targetHints":{"allow":["GET"]}}],"collection":[{"href":"https:\/\/ventex.pl\/en\/wp-json\/wp\/v2\/product"}],"about":[{"href":"https:\/\/ventex.pl\/en\/wp-json\/wp\/v2\/types\/product"}],"replies":[{"embeddable":true,"href":"https:\/\/ventex.pl\/en\/wp-json\/wp\/v2\/comments?post=5645"}],"wp:featuredmedia":[{"embeddable":true,"href":"https:\/\/ventex.pl\/en\/wp-json\/wp\/v2\/media\/4937"}],"wp:attachment":[{"href":"https:\/\/ventex.pl\/en\/wp-json\/wp\/v2\/media?parent=5645"}],"wp:term":[{"taxonomy":"product_brand","embeddable":true,"href":"https:\/\/ventex.pl\/en\/wp-json\/wp\/v2\/product_brand?post=5645"},{"taxonomy":"product_cat","embeddable":true,"href":"https:\/\/ventex.pl\/en\/wp-json\/wp\/v2\/product_cat?post=5645"},{"taxonomy":"product_tag","embeddable":true,"href":"https:\/\/ventex.pl\/en\/wp-json\/wp\/v2\/product_tag?post=5645"}],"curies":[{"name":"wp","href":"https:\/\/api.w.org\/{rel}","templated":true}]}}