{"id":6027,"date":"2024-10-28T14:47:03","date_gmt":"2024-10-28T13:47:03","guid":{"rendered":"https:\/\/ventex.pl\/produkt\/plenum-lackierkabine-2000-x-1000-pn2010\/"},"modified":"2024-10-28T14:47:03","modified_gmt":"2024-10-28T13:47:03","slug":"plenum-lackierkabine-2000-x-1000-pn2010","status":"publish","type":"product","link":"https:\/\/ventex.pl\/de\/produkt\/plenum-lackierkabine-2000-x-1000-pn2010\/","title":{"rendered":"Plenum Lackierkabine 2000 x 1000 \u2013 PN2010"},"content":{"rendered":"<p>Gesamtabmessungen: 2000 x 1000 x 350 mm<br \/>Filterfl\u00e4che: 2000 x 1000 mm<br \/>Material: Feuerverzinktes Blech \/ pulverbeschichtet<br \/>Materialst\u00e4rke: 1 mm<\/p>\n","protected":false},"excerpt":{"rendered":"<p>Die VENTEX PN2010-Luftzufuhr ist ein Schl\u00fcsselelement des Bel\u00fcftungssystems f\u00fcr Lackierereien, dessen Hauptaufgabe darin besteht, gefilterte Luft gleichm\u00e4\u00dfig in Lackierereien zu verteilen und so stabile und sichere Arbeitsbedingungen zu schaffen. Dank seiner fortschrittlichen Konstruktion garantiert dieser Lackierluftkanal optimale Lackierbedingungen und tr\u00e4gt so zur Verbesserung der Oberfl\u00e4chenqualit\u00e4t und zum Schutz der Benutzer bei. Speziell entwickelte Kan\u00e4le und ein einzigartiges Luftverteilungssystem sorgen f\u00fcr einen gleichm\u00e4\u00dfigen Luftstrom \u00fcber die gesamte Lackierfl\u00e4che, wodurch Turbulenzen vermieden und Staubablagerungen reduziert werden. Das Bel\u00fcftungssystem f\u00fcr Lackierereien VENTEX PN2010 eignet sich perfekt f\u00fcr Lackierwerkst\u00e4tten, Automobilfabriken, die M\u00f6belherstellung und \u00fcberall dort, wo pr\u00e4zises Lackieren von entscheidender Bedeutung ist.   <\/p>\n<p>F\u00fcr kompaktere Bel\u00fcftungsanlagen in Lackierereien bietet VENTEX auch das Modell Plenum Lackierbel\u00fcftung 1500&#215;1500 \u2013 PN1515 an, das sich ideal f\u00fcr kleinere Arbeitsr\u00e4ume eignet.<\/p>\n<p>Vorteile des VENTEX-Versorgungsplenums:<\/p>\n<p>&#8211; Luftstromkontrolle: Die Bel\u00fcftung der Lackierkabine sorgt f\u00fcr eine gleichm\u00e4\u00dfige Frischluftzufuhr und verhindert Turbulenzen, die den Lackierprozess st\u00f6ren k\u00f6nnten.<br \/>\n&#8211; Gew\u00e4hrleistung einer sauberen Arbeitsumgebung: Hilft bei der Entfernung von Staub, Lackd\u00e4mpfen und anderen Verunreinigungen aus dem Raum.<br \/>\n&#8211; Optimierung von Temperatur und Luftfeuchtigkeit: Tr\u00e4gt zur Aufrechterhaltung konstanter Bedingungen bei, was f\u00fcr die Qualit\u00e4t des Lackier- und Trocknungsprozesses von entscheidender Bedeutung ist.<br \/>\n&#8211; Verbesserung der Lackierqualit\u00e4t: Eine konstante und gleichm\u00e4\u00dfige Frischluftzufuhr sorgt f\u00fcr eine bessere Haftung der Farbe und des Lacks auf der Oberfl\u00e4che, was zu einem perfekten Finish und einer gleichm\u00e4\u00dfigen Lackschicht f\u00fchrt.<br \/>\nIm Lieferumfang des VENTEX PN2010-Luftplenums erhalten Sie:<br \/>*** \u00dcbersetzt mit www.DeepL.com\/Translator (kostenlose Version) ***<\/p>\n<p>&#8211; Ventilator<br \/>\n&#8211; Steuerkasten<br \/>\n&#8211; Filtersatz, der einen sofortigen Arbeitsbeginn erm\u00f6glicht<br \/>\n&#8211; Vollst\u00e4ndige Dokumentation (Bedienungsanleitung, Konformit\u00e4tserkl\u00e4rung, Typenschild)<\/p>\n","protected":false},"featured_media":5245,"comment_status":"open","ping_status":"closed","template":"","meta":[],"product_brand":[],"product_cat":[319],"product_tag":[341,342,339,358,340,359,343],"class_list":{"0":"post-6027","1":"product","2":"type-product","3":"status-publish","4":"has-post-thumbnail","6":"product_cat-zuluftplenum","7":"product_tag-beluftung-der-lackiererei","8":"product_tag-beluftungssystem-fur-lackieranlagen","9":"product_tag-farbe-liefern","10":"product_tag-farbversorgung-1500-x-1500","11":"product_tag-luftversorgungssystem-der-lackiererei","12":"product_tag-zasilacz-kolorowy-1500-x-1500-pn1515","13":"product_tag-versorgungsplenum","15":"first","16":"instock","17":"shipping-taxable","18":"product-type-simple"},"_links":{"self":[{"href":"https:\/\/ventex.pl\/de\/wp-json\/wp\/v2\/product\/6027","targetHints":{"allow":["GET"]}}],"collection":[{"href":"https:\/\/ventex.pl\/de\/wp-json\/wp\/v2\/product"}],"about":[{"href":"https:\/\/ventex.pl\/de\/wp-json\/wp\/v2\/types\/product"}],"replies":[{"embeddable":true,"href":"https:\/\/ventex.pl\/de\/wp-json\/wp\/v2\/comments?post=6027"}],"wp:featuredmedia":[{"embeddable":true,"href":"https:\/\/ventex.pl\/de\/wp-json\/wp\/v2\/media\/5245"}],"wp:attachment":[{"href":"https:\/\/ventex.pl\/de\/wp-json\/wp\/v2\/media?parent=6027"}],"wp:term":[{"taxonomy":"product_brand","embeddable":true,"href":"https:\/\/ventex.pl\/de\/wp-json\/wp\/v2\/product_brand?post=6027"},{"taxonomy":"product_cat","embeddable":true,"href":"https:\/\/ventex.pl\/de\/wp-json\/wp\/v2\/product_cat?post=6027"},{"taxonomy":"product_tag","embeddable":true,"href":"https:\/\/ventex.pl\/de\/wp-json\/wp\/v2\/product_tag?post=6027"}],"curies":[{"name":"wp","href":"https:\/\/api.w.org\/{rel}","templated":true}]}}