{"id":5718,"date":"2024-09-28T18:09:03","date_gmt":"2024-09-28T16:09:03","guid":{"rendered":"https:\/\/ventex.pl\/produkt\/malerei-kammer-wand-3000-x-1000-frame-3010\/"},"modified":"2024-09-28T18:09:03","modified_gmt":"2024-09-28T16:09:03","slug":"malerei-kammer-wand-3000-x-1000-frame-3010","status":"publish","type":"product","link":"https:\/\/ventex.pl\/de\/produkt\/malerei-kammer-wand-3000-x-1000-frame-3010\/","title":{"rendered":"Malerei Kammer Wand 3000 x 1000 &#8211; FRAME 3010"},"content":{"rendered":"<h4><span style=\"font-weight: 400;\">Gesamtabmessungen: 3500 x 1500 x 750 mm<\/span><\/h4>\n<h4><span style=\"font-weight: 400;\">Filterfl\u00e4che: 3000 x 1000 mm<\/span><\/h4>\n<h4><span style=\"font-weight: 400;\">Material: feuerverzinktes Blech \/ pulverbeschichtete F\u00e4nger<\/span><\/h4>\n<h4><span style=\"font-weight: 400;\">Materialst\u00e4rke: 1,5 mm<\/span><\/h4>\n<h4><span style=\"font-weight: 400;\">Zwei Filter sind f\u00fcr die Filtration zust\u00e4ndig: ein Pappfilter und ein PAINT STOP Glasfaserfilter.<\/span><\/h4>\n","protected":false},"excerpt":{"rendered":"<h4><b>Kammerwand streichen VENTEX FRAME<\/b> <b>3010<\/b><span style=\"font-weight: 400;\"> ist ein spezielles Ger\u00e4t, das in Lackierereien verwendet wird, um die richtigen Bedingungen beim Lackieren zu gew\u00e4hrleisten. Dank an <\/span><b>der Farbspritzwand k\u00f6nnen<\/b> <span style=\"font-weight: 400;\">Luftverunreinigungen kontrolliert und gefiltert werden, was f\u00fcr die Erzielung qualitativ hochwertiger Lackierungen von entscheidender Bedeutung ist.<\/span><\/h4>\n<h4><\/h4>\n<h4><b>Farbe W\u00e4nde <\/b><span style=\"font-weight: 400;\">sind notwendig f\u00fcr:<\/span><\/h4>\n<ol>\n<li style=\"font-weight: 400;\" aria-level=\"1\">\n<h4><b>Schutz der Gesundheit der Arbeitnehmer:<\/b> <span style=\"font-weight: 400;\">Die Luftfilterung entfernt Staub und D\u00e4mpfe, die sch\u00e4dlich sein k\u00f6nnen.<\/span><\/h4>\n<\/li>\n<li style=\"font-weight: 400;\" aria-level=\"1\">\n<h4><b>Sorgt f\u00fcr saubere Luft: <\/b><span style=\"font-weight: 400;\">Filtert Staub und andere Verunreinigungen, was f\u00fcr die Qualit\u00e4t des Lackierens entscheidend ist.<\/span><\/h4>\n<\/li>\n<li style=\"font-weight: 400;\" aria-level=\"1\">\n<h4><b>Schutz der Umwelt: <\/b><span style=\"font-weight: 400;\">Verhindert, dass sch\u00e4dliche Stoffe in die Atmosph\u00e4re gelangen.<\/span><\/h4>\n<\/li>\n<li style=\"font-weight: 400;\" aria-level=\"1\">\n<h4><b>Erzielen Sie eine bessere Qualit\u00e4t der Oberfl\u00e4che:<\/b> <span style=\"font-weight: 400;\">Saubere Luft bedeutet weniger Verschmutzung auf der lackierten Oberfl\u00e4che.<\/span><\/h4>\n<\/li>\n<\/ol>\n<h4><\/h4>\n<h4><b>Im Lieferumfang der VENTEX FRAME Wand sind enthalten:<\/b><\/h4>\n<h4><span style=\"font-weight: 400;\">&#8211; Explosionsgesch\u00fctzter Ventilator EX<\/span><\/h4>\n<h4><span style=\"font-weight: 400;\">&#8211; Schaltkasten <\/span><\/h4>\n<h4><span style=\"font-weight: 400;\">&#8211; Eine Reihe von Filtern f\u00fcr den sofortigen Einsatz<\/span><\/h4>\n<h4><span style=\"font-weight: 400;\">&#8211; Vollst\u00e4ndige Dokumentation (Betriebsanleitung, Konformit\u00e4tserkl\u00e4rung, Typenschild)<\/span><\/h4>\n","protected":false},"featured_media":4828,"comment_status":"open","ping_status":"closed","template":"","meta":[],"product_brand":[],"product_cat":[330,328],"product_tag":[407,406,409,434,405,404,408,433],"class_list":{"0":"post-5718","1":"product","2":"type-product","3":"status-publish","4":"has-post-thumbnail","6":"product_cat-rahmen-wande-streichen","7":"product_cat-wande-streichen","8":"product_tag-komora-de","9":"product_tag-lackentferner","10":"product_tag-lakiernia-de","11":"product_tag-malerei-kammer-wand-3000-x-1000-frame-3010","12":"product_tag-spritzkabine-de","13":"product_tag-spritzwand","14":"product_tag-wand","15":"product_tag-wandfarbe-ventex-frame-3010","17":"first","18":"instock","19":"shipping-taxable","20":"product-type-simple"},"_links":{"self":[{"href":"https:\/\/ventex.pl\/de\/wp-json\/wp\/v2\/product\/5718","targetHints":{"allow":["GET"]}}],"collection":[{"href":"https:\/\/ventex.pl\/de\/wp-json\/wp\/v2\/product"}],"about":[{"href":"https:\/\/ventex.pl\/de\/wp-json\/wp\/v2\/types\/product"}],"replies":[{"embeddable":true,"href":"https:\/\/ventex.pl\/de\/wp-json\/wp\/v2\/comments?post=5718"}],"wp:featuredmedia":[{"embeddable":true,"href":"https:\/\/ventex.pl\/de\/wp-json\/wp\/v2\/media\/4828"}],"wp:attachment":[{"href":"https:\/\/ventex.pl\/de\/wp-json\/wp\/v2\/media?parent=5718"}],"wp:term":[{"taxonomy":"product_brand","embeddable":true,"href":"https:\/\/ventex.pl\/de\/wp-json\/wp\/v2\/product_brand?post=5718"},{"taxonomy":"product_cat","embeddable":true,"href":"https:\/\/ventex.pl\/de\/wp-json\/wp\/v2\/product_cat?post=5718"},{"taxonomy":"product_tag","embeddable":true,"href":"https:\/\/ventex.pl\/de\/wp-json\/wp\/v2\/product_tag?post=5718"}],"curies":[{"name":"wp","href":"https:\/\/api.w.org\/{rel}","templated":true}]}}