{"id":5713,"date":"2024-10-16T00:53:27","date_gmt":"2024-10-15T22:53:27","guid":{"rendered":"https:\/\/ventex.pl\/produkt\/farbkammerwand-2500-x-2000-supreme-2520\/"},"modified":"2024-10-16T00:53:27","modified_gmt":"2024-10-15T22:53:27","slug":"farbkammerwand-2500-x-2000-supreme-2520","status":"publish","type":"product","link":"https:\/\/ventex.pl\/de\/produkt\/farbkammerwand-2500-x-2000-supreme-2520\/","title":{"rendered":"Farbkammerwand 2500 x 2000 &#8211; SUPREME 2520"},"content":{"rendered":"<p><strong>Wymiar ca\u0142kowity: 3160 x 2450 x 940 mm <\/strong><\/p>\n<p><strong>Powierzchnia filtracyjna: 2500 x 2000 mm<\/strong><\/p>\n<p><strong>Materia\u0142: Blacha ocynkowana ogniowo \/ \u0142apacze lakierowane proszkowo<\/strong><\/p>\n<p><strong>Grubo\u015b\u0107 materia\u0142u: 1,5 mm<\/strong><\/p>\n<p><strong>Za filtracje odpowiedzialne s\u0105 dwa filtry: filtr kartonowy oraz PAINT STOP z w\u0142\u00f3kna szklanego.<\/strong><\/p>\n","protected":false},"excerpt":{"rendered":"<p><b>Spritzwand VENTEX SUPREME<\/b> <b>2520<\/b><span style=\"font-weight: 400;\"> ist ein spezielles Ger\u00e4t, das in Lackierereien verwendet wird, um die richtigen Bedingungen beim Lackieren zu gew\u00e4hrleisten.<br \/>\nDank an  <\/span><b>der Farbspritzwand k\u00f6nnen<\/b> <span style=\"font-weight: 400;\">Luftverunreinigungen kontrolliert und gefiltert werden, was f\u00fcr die Erzielung qualitativ hochwertiger Lackierungen von entscheidender Bedeutung ist.<\/span><\/p>\n<p>&nbsp;<\/p>\n<p><b>Farbe W\u00e4nde <\/b><span style=\"font-weight: 400;\">sind notwendig f\u00fcr:<\/span><\/p>\n<ol>\n<li style=\"font-weight: 400;\" aria-level=\"1\"><b>Schutz der Gesundheit der Arbeitnehmer:<\/b> <span style=\"font-weight: 400;\">Die Luftfilterung entfernt Staub und D\u00e4mpfe, die sch\u00e4dlich sein k\u00f6nnen.<\/span><\/li>\n<li style=\"font-weight: 400;\" aria-level=\"1\"><b>Sorgt f\u00fcr saubere Luft: <\/b><span style=\"font-weight: 400;\">Filtert Staub und andere Verunreinigungen, was f\u00fcr die Qualit\u00e4t des Lackierens entscheidend ist.<\/span><\/li>\n<li style=\"font-weight: 400;\" aria-level=\"1\"><b>Schutz der Umwelt: <\/b><span style=\"font-weight: 400;\">Verhindert, dass sch\u00e4dliche Stoffe in die Atmosph\u00e4re gelangen.<\/span><\/li>\n<li style=\"font-weight: 400;\" aria-level=\"1\"><b>Erzielen Sie eine bessere Qualit\u00e4t der Oberfl\u00e4che:<\/b> <span style=\"font-weight: 400;\">Saubere Luft bedeutet weniger Verschmutzung auf der lackierten Oberfl\u00e4che.<\/span><\/li>\n<\/ol>\n<p>&nbsp;<\/p>\n<p><b>Im Lieferumfang der VENTEX SUPREME Wand sind enthalten:<\/b><\/p>\n<p><span style=\"font-weight: 400;\">&#8211; Explosionsgesch\u00fctzter Ventilator EX<\/span><\/p>\n<p><span style=\"font-weight: 400;\">&#8211; Schaltkasten <\/span><\/p>\n<p><span style=\"font-weight: 400;\">&#8211; Eine Reihe von Filtern f\u00fcr den sofortigen Einsatz<\/span><\/p>\n<p><span style=\"font-weight: 400;\">&#8211; Vollst\u00e4ndige Dokumentation (Betriebsanleitung, Konformit\u00e4tserkl\u00e4rung, Typenschild)<\/span><\/p>\n","protected":false},"featured_media":4895,"comment_status":"open","ping_status":"closed","template":"","meta":[],"product_brand":[],"product_cat":[328,331],"product_tag":[425,407,406,409,405,404,422,408],"class_list":{"0":"post-5713","1":"product","2":"type-product","3":"status-publish","4":"has-post-thumbnail","6":"product_cat-wande-streichen","7":"product_cat-supreme-wande-streichen","8":"product_tag-farbkammerwand-2500-x-2000-supreme-2520","9":"product_tag-komora-de","10":"product_tag-lackentferner","11":"product_tag-lakiernia-de","12":"product_tag-spritzkabine-de","13":"product_tag-spritzwand","14":"product_tag-spruhkammer-2000-x-2000","15":"product_tag-wand","17":"first","18":"instock","19":"shipping-taxable","20":"product-type-simple"},"_links":{"self":[{"href":"https:\/\/ventex.pl\/de\/wp-json\/wp\/v2\/product\/5713","targetHints":{"allow":["GET"]}}],"collection":[{"href":"https:\/\/ventex.pl\/de\/wp-json\/wp\/v2\/product"}],"about":[{"href":"https:\/\/ventex.pl\/de\/wp-json\/wp\/v2\/types\/product"}],"replies":[{"embeddable":true,"href":"https:\/\/ventex.pl\/de\/wp-json\/wp\/v2\/comments?post=5713"}],"wp:featuredmedia":[{"embeddable":true,"href":"https:\/\/ventex.pl\/de\/wp-json\/wp\/v2\/media\/4895"}],"wp:attachment":[{"href":"https:\/\/ventex.pl\/de\/wp-json\/wp\/v2\/media?parent=5713"}],"wp:term":[{"taxonomy":"product_brand","embeddable":true,"href":"https:\/\/ventex.pl\/de\/wp-json\/wp\/v2\/product_brand?post=5713"},{"taxonomy":"product_cat","embeddable":true,"href":"https:\/\/ventex.pl\/de\/wp-json\/wp\/v2\/product_cat?post=5713"},{"taxonomy":"product_tag","embeddable":true,"href":"https:\/\/ventex.pl\/de\/wp-json\/wp\/v2\/product_tag?post=5713"}],"curies":[{"name":"wp","href":"https:\/\/api.w.org\/{rel}","templated":true}]}}