{"id":5700,"date":"2024-10-20T11:47:44","date_gmt":"2024-10-20T09:47:44","guid":{"rendered":"https:\/\/ventex.pl\/produkt\/spritzkabine-3000-x-2000-smart-3020\/"},"modified":"2024-10-20T11:47:44","modified_gmt":"2024-10-20T09:47:44","slug":"spritzkabine-3000-x-2000-smart-3020","status":"publish","type":"product","link":"https:\/\/ventex.pl\/de\/produkt\/spritzkabine-3000-x-2000-smart-3020\/","title":{"rendered":"Spritzkabine 3000 x 2000 &#8211; SMART 3020"},"content":{"rendered":"<p><strong>Gesamtabmessungen: 3080 x 2600 x 2700 mm<\/strong><\/p>\n<p><strong>Filterfl\u00e4che: 3000 x 2000 mm<\/strong><\/p>\n<p><strong>Absaugplattform: 3000 x 2000 mm<\/strong><\/p>\n<p><strong>Material: Feuerverzinktes Blech \/ teilweise pulverbeschichtet<\/strong><\/p>\n<p><strong>Materialst\u00e4rke: 1,5 mm<\/strong><\/p>\n<p><strong>Explosionsgesch\u00fctzte LED-Beleuchtung<\/strong><\/p>\n<p><strong>Zwei Filter sind f\u00fcr die Filtration zust\u00e4ndig: ein Pappfilter und ein PAINT STOP Glasfaserfilter.<\/strong><\/p>\n","protected":false},"excerpt":{"rendered":"<p><strong>Die Spritzkabine VENTEX SMART 3020 <\/strong>ist eine kompakte L\u00f6sung f\u00fcr die professionelle und pr\u00e4zise Lackierung verschiedener Oberfl\u00e4chen. Sie ist ideal f\u00fcr mittelgro\u00dfe Werkst\u00e4tten und Produktionsst\u00e4tten, in denen Pr\u00e4zision und Platzersparnis wichtig sind. Die Lackierkabinen<strong> VENTEX SMART <\/strong>werden in Werkst\u00e4tten, bei Fahrzeugreparaturen, in der M\u00f6belproduktion sowie \u00fcberall dort eingesetzt, wo Pr\u00e4zision und Lackierqualit\u00e4t entscheidend sind, und sind ideal f\u00fcr die Lackierung von mittelgro\u00dfen Bauteilen wie Motorr\u00e4dern, Autoteilen, M\u00f6beln, Metall- oder Kunststoffteilen.  <\/p>\n<p>&nbsp;<\/p>\n<p><strong>Vorteile der Spritzkabine VENTEX SMART: <\/strong><\/p>\n<ul>\n<li><strong>Lackieren von mittelgro\u00dfen Teilen <\/strong>&#8211; ideal f\u00fcr Detailarbeiten, bei denen es auf Pr\u00e4zision und Qualit\u00e4t der Ausf\u00fchrung ankommt.<\/li>\n<li><strong>Erh\u00e4lt die Sauberkeit<\/strong> &#8211; sch\u00fctzt lackierte Teile vor Staub und Schmutz, die sich auf frischem Lack absetzen k\u00f6nnen.<\/li>\n<li><strong>Gesundheitsschutz<\/strong> &#8211; sch\u00fctzt den Benutzer vor dem Einatmen sch\u00e4dlicher D\u00e4mpfe dank eines Absaug- und Luftfiltersystems.<\/li>\n<li><strong>LED-Beleuchtung<\/strong> &#8211; Die hochwertige LED-Beleuchtung sorgt f\u00fcr eine hervorragende Sicht und eine pr\u00e4zise Farb- oder Lackabdeckung, selbst bei feinen Details.<\/li>\n<li><strong>Platzersparnis &#8211;<\/strong> nimmt weniger Platz ein als gro\u00dfe Kabinen und ist daher ideal f\u00fcr kleinere Werkst\u00e4tten<\/li>\n<\/ul>\n","protected":false},"featured_media":4988,"comment_status":"open","ping_status":"closed","template":"","meta":[],"product_brand":[],"product_cat":[317,314],"product_tag":[393,395,394],"class_list":{"0":"post-5700","1":"product","2":"type-product","3":"status-publish","4":"has-post-thumbnail","6":"product_cat-smart-spritzkabinen","7":"product_cat-spritzkabinen","8":"product_tag-spritzkabine","9":"product_tag-spritzkabine-3000-x-2000","10":"product_tag-spritzkabine-3000-x-2000-smart-3020","12":"first","13":"instock","14":"shipping-taxable","15":"product-type-simple"},"_links":{"self":[{"href":"https:\/\/ventex.pl\/de\/wp-json\/wp\/v2\/product\/5700","targetHints":{"allow":["GET"]}}],"collection":[{"href":"https:\/\/ventex.pl\/de\/wp-json\/wp\/v2\/product"}],"about":[{"href":"https:\/\/ventex.pl\/de\/wp-json\/wp\/v2\/types\/product"}],"replies":[{"embeddable":true,"href":"https:\/\/ventex.pl\/de\/wp-json\/wp\/v2\/comments?post=5700"}],"wp:featuredmedia":[{"embeddable":true,"href":"https:\/\/ventex.pl\/de\/wp-json\/wp\/v2\/media\/4988"}],"wp:attachment":[{"href":"https:\/\/ventex.pl\/de\/wp-json\/wp\/v2\/media?parent=5700"}],"wp:term":[{"taxonomy":"product_brand","embeddable":true,"href":"https:\/\/ventex.pl\/de\/wp-json\/wp\/v2\/product_brand?post=5700"},{"taxonomy":"product_cat","embeddable":true,"href":"https:\/\/ventex.pl\/de\/wp-json\/wp\/v2\/product_cat?post=5700"},{"taxonomy":"product_tag","embeddable":true,"href":"https:\/\/ventex.pl\/de\/wp-json\/wp\/v2\/product_tag?post=5700"}],"curies":[{"name":"wp","href":"https:\/\/api.w.org\/{rel}","templated":true}]}}