{"id":5697,"date":"2024-10-24T00:29:57","date_gmt":"2024-10-23T22:29:57","guid":{"rendered":"https:\/\/ventex.pl\/produkt\/schleiftisch-2500-x-1000-simple-2500\/"},"modified":"2024-10-24T00:29:57","modified_gmt":"2024-10-23T22:29:57","slug":"schleiftisch-2500-x-1000-simple-2500","status":"publish","type":"product","link":"https:\/\/ventex.pl\/de\/produkt\/schleiftisch-2500-x-1000-simple-2500\/","title":{"rendered":"Schleiftisch 2500 x 1000 &#8211; SIMPLE 2500"},"content":{"rendered":"<p><strong>Gesamtabmessungen: 2505 x 1005 x 860 mm<\/strong><\/p>\n<p><strong>Arbeitsfl\u00e4che: 2425 x 825 mm<\/strong><\/p>\n<p><strong>Material: feuerverzinktes Blech \/ pulverbeschichtet<\/strong><\/p>\n<p><strong>Materialst\u00e4rke: 1 mm und 2 mm<\/strong><\/p>\n<p><strong>Durchmesser des Absaugstutzens: 200 mm<\/strong><\/p>\n<p><strong>H\u00f6henverstellung<\/strong><\/p>\n<p><strong>Staub-Schubladen: 3St\u00fcck<\/strong><\/p>\n","protected":false},"excerpt":{"rendered":"<p><strong>Der Schleiftisch VENTEX SIMPLE 2500<\/strong> ist das perfekte Werkzeug f\u00fcr das professionelle Schleifen von Holz, Lacken und Kunststoffen. Durch das kompakte und ergonomische Design eignet sich das Produkt f\u00fcr jede Werkstattumgebung und erm\u00f6glicht beispielsweise die Bearbeitung des Materials vor dem Lackieren. Dank seiner hochwertigen Verarbeitung erm\u00f6glicht er pr\u00e4zises und effizientes Arbeiten mit entsprechenden Sicherheitsstandards. Da das Ger\u00e4t nicht \u00fcber einen eigenen Ventilator verf\u00fcgt, muss es an einen Staubsammler oder eine zentrale Absaugung angeschlossen werden.<\/p>\n<p>&nbsp;<\/p>\n<p><strong>Vorteile der VENTEX-Schleiftische <\/strong><\/p>\n<ul>\n<li><strong>Sauberere Luft <\/strong>&#8211; die Staubabsaugung verhindert, dass sich Staub in der Luft verteilt.<\/li>\n<li><strong>Sicherheit <\/strong>&#8211; verringert das Risiko von Unf\u00e4llen durch Staubansammlungen (z. B. Staubexplosionen in Industrieanlagen).<\/li>\n<li><strong>Pr\u00e4zision<\/strong> &#8211; geschliffene Oberfl\u00e4chen sind sauberer und verbessern die Qualit\u00e4t der Bearbeitung.<\/li>\n<\/ul>\n<p>&nbsp;<\/p>\n<p>Ein zus\u00e4tzlicher Gummischutz kann erworben werden, um das Schleifen von sehr empfindlichen Beschichtungen zu erm\u00f6glichen.<\/p>\n","protected":false},"featured_media":5125,"comment_status":"open","ping_status":"closed","template":"","meta":[],"product_brand":[],"product_cat":[323,320],"product_tag":[380,381,390],"class_list":{"0":"post-5697","1":"product","2":"type-product","3":"status-publish","4":"has-post-thumbnail","6":"product_cat-einfach-schleiftische","7":"product_cat-schleiftische","8":"product_tag-schleiftisch","9":"product_tag-schleiftisch-2500-x-1000","10":"product_tag-schleiftisch-2500-x-1000-simple-2500","12":"first","13":"instock","14":"shipping-taxable","15":"product-type-simple"},"_links":{"self":[{"href":"https:\/\/ventex.pl\/de\/wp-json\/wp\/v2\/product\/5697","targetHints":{"allow":["GET"]}}],"collection":[{"href":"https:\/\/ventex.pl\/de\/wp-json\/wp\/v2\/product"}],"about":[{"href":"https:\/\/ventex.pl\/de\/wp-json\/wp\/v2\/types\/product"}],"replies":[{"embeddable":true,"href":"https:\/\/ventex.pl\/de\/wp-json\/wp\/v2\/comments?post=5697"}],"wp:featuredmedia":[{"embeddable":true,"href":"https:\/\/ventex.pl\/de\/wp-json\/wp\/v2\/media\/5125"}],"wp:attachment":[{"href":"https:\/\/ventex.pl\/de\/wp-json\/wp\/v2\/media?parent=5697"}],"wp:term":[{"taxonomy":"product_brand","embeddable":true,"href":"https:\/\/ventex.pl\/de\/wp-json\/wp\/v2\/product_brand?post=5697"},{"taxonomy":"product_cat","embeddable":true,"href":"https:\/\/ventex.pl\/de\/wp-json\/wp\/v2\/product_cat?post=5697"},{"taxonomy":"product_tag","embeddable":true,"href":"https:\/\/ventex.pl\/de\/wp-json\/wp\/v2\/product_tag?post=5697"}],"curies":[{"name":"wp","href":"https:\/\/api.w.org\/{rel}","templated":true}]}}