{"id":5691,"date":"2024-10-24T01:27:50","date_gmt":"2024-10-23T23:27:50","guid":{"rendered":"https:\/\/ventex.pl\/produkt\/schleiftisch-2500-x-1000-prime-blow-2500\/"},"modified":"2024-12-30T15:50:17","modified_gmt":"2024-12-30T14:50:17","slug":"schleiftisch-2500-x-1000-prime-blow-2500","status":"publish","type":"product","link":"https:\/\/ventex.pl\/de\/produkt\/schleiftisch-2500-x-1000-prime-blow-2500\/","title":{"rendered":"Schleiftisch 2500 x 1000 &#8211; PRIME BLOW 2500"},"content":{"rendered":"<p><strong>Gesamtabmessungen: 2620 x 1400 x 2480 mm<\/strong><\/p>\n<p><strong>Abmessungen des Versorgungsschachtes: 2500 x 1000 x 300 mm<\/strong><\/p>\n<p><strong>Arbeitsbereich: 2500 x 1000 mm<\/strong><\/p>\n<p><strong>Material: feuerverzinktes Blech \/ pulverbeschichtet<\/strong><\/p>\n<p><strong>Materialst\u00e4rke: 1,5 mm<\/strong><\/p>\n<p><strong>Internes explosionsgesch\u00fctztes Absaugsystem<\/strong><\/p>\n<p><strong>Pneumatische Filterreinigung<\/strong><\/p>\n<p><strong>Zweistufige Filtration<\/strong><\/p>\n","protected":false},"excerpt":{"rendered":"<p><strong>Der VENTEX PRIME BLOW 2500<\/strong> Schleiftisch ist das perfekte Werkzeug f\u00fcr das professionelle Schleifen von Holz, Lacken und Kunststoffen. Durch das kompakte und ergonomische Design eignet sich das Produkt f\u00fcr jede Werkstattumgebung und erm\u00f6glicht beispielsweise die Bearbeitung des Materials vor dem Lackieren. Dank seiner hochwertigen Verarbeitung erm\u00f6glicht er pr\u00e4zises und effizientes Arbeiten mit entsprechenden Sicherheitsstandards. Die <strong>VENTEX PRIME BLOW<\/strong>-Tische sind mit einem ger\u00e4uscharmen internen Absaugsystem, einem Versorgungsplenum und einem Druckluftfiltersystem ausgestattet, um eine hohe und konstante Leistung zu gew\u00e4hrleisten.<\/p>\n<p><strong>Vorteile der VENTEX-Schleiftische <\/strong><\/p>\n<ul>\n<li><strong>Saubere Luft <\/strong>&#8211; die Staubabsaugung verhindert, dass sich Staub in der Luft verteilt<\/li>\n<li><strong>Sicherheit<\/strong> &#8211; verringert das Risiko von Unf\u00e4llen im Zusammenhang mit Staubansammlungen (z. B. Staubexplosionen in Industrieanlagen)<\/li>\n<li><strong>Pr\u00e4zision <\/strong>&#8211; geschliffene Oberfl\u00e4chen sind sauberer und verbessern die Bearbeitungsqualit\u00e4t<\/li>\n<li><strong>Explosionsgesch\u00fctzte Konstruktion<\/strong><\/li>\n<\/ul>\n<ul>\n<li><strong>Einlassplenum f\u00fcr eine schnellere Staubabsaugung in den Schleiftischk\u00f6rper<\/strong><\/li>\n<li><strong>Pneumatische Filterreinigung<\/strong><\/li>\n<\/ul>\n<ul>\n<li><strong>Arbeitsplatte mit Paneelen, die ein Verkratzen der Werkst\u00fccke verhindern<\/strong><\/li>\n<li><strong>Komfortables Bedienfeld mit Steckdosen f\u00fcr den Anschluss von Elektrowerkzeugen<\/strong><\/li>\n<\/ul>\n<p>&nbsp;<\/p>\n<p><strong>Im Lieferumfang des VENTEX PRIME-Tisches sind enthalten:<\/strong><\/p>\n<p>&#8211; Explosionsgesch\u00fctzter Ventilator EX<\/p>\n<p>&#8211; Eingebautes Bedienfeld<\/p>\n<p>&#8211; Eine Reihe von Filtern f\u00fcr den sofortigen Einsatz<\/p>\n<p>&#8211; Vollst\u00e4ndige Dokumentation (Betriebsanleitung, Konformit\u00e4tserkl\u00e4rung, Typenschild)<\/p>\n","protected":false},"featured_media":5105,"comment_status":"open","ping_status":"closed","template":"","meta":[],"product_brand":[],"product_cat":[322,320],"product_tag":[380,381,382],"class_list":{"0":"post-5691","1":"product","2":"type-product","3":"status-publish","4":"has-post-thumbnail","6":"product_cat-prime-blow-schleiftische","7":"product_cat-schleiftische","8":"product_tag-schleiftisch","9":"product_tag-schleiftisch-2500-x-1000","10":"product_tag-stol-szlifierski-2500-x-1000-prime-blow-2500-de","12":"first","13":"instock","14":"shipping-taxable","15":"product-type-simple"},"_links":{"self":[{"href":"https:\/\/ventex.pl\/de\/wp-json\/wp\/v2\/product\/5691","targetHints":{"allow":["GET"]}}],"collection":[{"href":"https:\/\/ventex.pl\/de\/wp-json\/wp\/v2\/product"}],"about":[{"href":"https:\/\/ventex.pl\/de\/wp-json\/wp\/v2\/types\/product"}],"replies":[{"embeddable":true,"href":"https:\/\/ventex.pl\/de\/wp-json\/wp\/v2\/comments?post=5691"}],"wp:featuredmedia":[{"embeddable":true,"href":"https:\/\/ventex.pl\/de\/wp-json\/wp\/v2\/media\/5105"}],"wp:attachment":[{"href":"https:\/\/ventex.pl\/de\/wp-json\/wp\/v2\/media?parent=5691"}],"wp:term":[{"taxonomy":"product_brand","embeddable":true,"href":"https:\/\/ventex.pl\/de\/wp-json\/wp\/v2\/product_brand?post=5691"},{"taxonomy":"product_cat","embeddable":true,"href":"https:\/\/ventex.pl\/de\/wp-json\/wp\/v2\/product_cat?post=5691"},{"taxonomy":"product_tag","embeddable":true,"href":"https:\/\/ventex.pl\/de\/wp-json\/wp\/v2\/product_tag?post=5691"}],"curies":[{"name":"wp","href":"https:\/\/api.w.org\/{rel}","templated":true}]}}