{"id":5688,"date":"2024-10-26T18:05:24","date_gmt":"2024-10-26T16:05:24","guid":{"rendered":"https:\/\/ventex.pl\/produkt\/bodenabsaugung-3000-x-4000-pd4030\/"},"modified":"2024-10-26T18:05:24","modified_gmt":"2024-10-26T16:05:24","slug":"bodenabsaugung-3000-x-4000-pd4030","status":"publish","type":"product","link":"https:\/\/ventex.pl\/de\/produkt\/bodenabsaugung-3000-x-4000-pd4030\/","title":{"rendered":"Bodenabsaugung 3000 x 4000 &#8211; PD4030"},"content":{"rendered":"<p><strong>Gesamtabmessungen: 3850 x 4090 x 200 mm<\/strong><\/p>\n<p><strong>Bereich filtern: 3000 x 4000 mm<\/strong><\/p>\n<p><strong>Material: Feuerverzinktes Blech \/ pulverbeschichtet <\/strong><\/p>\n<p><strong>Materialst\u00e4rke: 1,5 &#8211; 2 mm<\/strong><\/p>\n","protected":false},"excerpt":{"rendered":"<p><strong>Bodenabsaugung VENTEX PD4030<\/strong> <br \/>ist eine Komponente des Bel\u00fcftungssystems, die Verunreinigungen, Staub, Rauch und Farbnebel aus dem unteren Teil des Raums entfernt. Seine Hauptaufgabe besteht darin, die Luft auf Arbeitsniveau sauber zu halten, was sich auf die Qualit\u00e4t der Arbeit und die Sicherheit der Benutzer auswirkt. Sie saugt den Schmutz nach unten ab und verhindert so, dass er aufsteigt und sich auf den lackierten Fl\u00e4chen ablagert. Die Podestbodenabsaugung ist eine ideale L\u00f6sung sowohl f\u00fcr neu errichtete als auch f\u00fcr gemietete Produktionshallen; die Konstruktion ist so ausgelegt, dass sie die Struktur des Raumes nicht beeintr\u00e4chtigt und dank ihres modularen Aufbaus mit unseren Lackierw\u00e4nden kombiniert werden kann.   <\/p>\n<p>&nbsp;<\/p>\n<p><strong>Vorteile der VENTEX-Bodenabsaugung:<\/strong><\/p>\n<ul>\n<li><strong>Staub- und Rauchabsaugung <\/strong>&#8211; saugt effektiv Farb- und Lackpartikel sowie andere Schadstoffe ab, die sich beim Lackieren ansammeln.<\/li>\n<li><strong>Verbesserte Lackqualit\u00e4t <\/strong>&#8211; verhindert, dass sich Verunreinigungen auf frisch gestrichenen Oberfl\u00e4chen absetzen und sorgt so f\u00fcr ein besseres Endergebnis.<\/li>\n<li><strong>Sicherheit &#8211;<\/strong> verringert das Risiko, dass Arbeiter sch\u00e4dliche D\u00e4mpfe einatmen, und sorgt f\u00fcr saubere Luft.<\/li>\n<li><strong>Effektive Entw\u00e4sserung<\/strong> \u2013 weil das System Schadstoffe absaugta od pod\u0142ogi, jest szczeg\u00f3lnie skuteczny w zapobieganiu ponownemu unoszeniu si\u0119 py\u0142\u00f3w.<\/li>\n<\/ul>\n","protected":false},"featured_media":5151,"comment_status":"open","ping_status":"closed","template":"","meta":[],"product_brand":[],"product_cat":[318],"product_tag":[332,376,375,335,333,336,334],"class_list":{"0":"post-5688","1":"product","2":"type-product","3":"status-publish","4":"has-post-thumbnail","6":"product_cat-bodenabsaugung","7":"product_tag-bodenabsaugung","8":"product_tag-bodenabsaugung-3000-x-4000","9":"product_tag-bodenabsaugung-3000-x-4000-pd4030","10":"product_tag-bodenschleif-absaugung","11":"product_tag-extraktionsboden","12":"product_tag-unterflur-farbspritzabsaugung","13":"product_tag-zurrplattform","15":"first","16":"instock","17":"shipping-taxable","18":"product-type-simple"},"_links":{"self":[{"href":"https:\/\/ventex.pl\/de\/wp-json\/wp\/v2\/product\/5688","targetHints":{"allow":["GET"]}}],"collection":[{"href":"https:\/\/ventex.pl\/de\/wp-json\/wp\/v2\/product"}],"about":[{"href":"https:\/\/ventex.pl\/de\/wp-json\/wp\/v2\/types\/product"}],"replies":[{"embeddable":true,"href":"https:\/\/ventex.pl\/de\/wp-json\/wp\/v2\/comments?post=5688"}],"wp:featuredmedia":[{"embeddable":true,"href":"https:\/\/ventex.pl\/de\/wp-json\/wp\/v2\/media\/5151"}],"wp:attachment":[{"href":"https:\/\/ventex.pl\/de\/wp-json\/wp\/v2\/media?parent=5688"}],"wp:term":[{"taxonomy":"product_brand","embeddable":true,"href":"https:\/\/ventex.pl\/de\/wp-json\/wp\/v2\/product_brand?post=5688"},{"taxonomy":"product_cat","embeddable":true,"href":"https:\/\/ventex.pl\/de\/wp-json\/wp\/v2\/product_cat?post=5688"},{"taxonomy":"product_tag","embeddable":true,"href":"https:\/\/ventex.pl\/de\/wp-json\/wp\/v2\/product_tag?post=5688"}],"curies":[{"name":"wp","href":"https:\/\/api.w.org\/{rel}","templated":true}]}}