{"id":5687,"date":"2024-10-26T18:08:42","date_gmt":"2024-10-26T16:08:42","guid":{"rendered":"https:\/\/ventex.pl\/produkt\/servicewagen-650-x-350-ws-1\/"},"modified":"2024-10-26T18:08:42","modified_gmt":"2024-10-26T16:08:42","slug":"servicewagen-650-x-350-ws-1","status":"publish","type":"product","link":"https:\/\/ventex.pl\/de\/produkt\/servicewagen-650-x-350-ws-1\/","title":{"rendered":"Servicewagen 650 x 350 &#8211; WS-1"},"content":{"rendered":"<p><strong>Gesamtabmessungen: 715 x 355 x 770 mm<\/strong><\/p>\n<p><strong>Abmessungen des Regals: 650 x 350 x 50 mm<\/strong><\/p>\n<p><strong>Robuste Metallkonstruktion auf CNC gefertigt<\/strong><\/p>\n<p><strong>Material: feuerverzinktes Blech \/ pulverbeschichtet<\/strong><\/p>\n<p><strong>Materialst\u00e4rke: 1,5 mm<\/strong><\/p>\n<p><strong>Robuste, schwenkbare Metall-Gummi-R\u00e4der<\/strong><\/p>\n<p><strong>Transportgriff<\/strong><\/p>\n","protected":false},"excerpt":{"rendered":"<p><strong>VENTEX Servicewagen WS-1<\/strong> ist ein vielseitiges Hilfsmittel, das in vielen Industriezweigen zum Transport von Werkzeugen, Materialien und Ausr\u00fcstung an Arbeitspl\u00e4tzen wie Werkst\u00e4tten oder Fabriken verwendet wird. Er ist \u00e4u\u00dferst n\u00fctzlich, um Ordnung zu halten und die Arbeitseffizienz zu verbessern, da er es erm\u00f6glicht, Werkzeuge und Zubeh\u00f6r leicht an einem organisierten Ort zu transportieren. <\/p>\n<p><strong> <\/strong><\/p>\n<p><strong>Vorteile der VENTEX Servicewagen:<\/strong><\/p>\n<ul>\n<li><strong>Werkzeug-Transporti<\/strong> \u2013 erleichtern den Transport von Werkzeugen, Serviceger\u00e4ten oder Ersatzteilen in Werkst\u00e4tten.<\/li>\n<li><strong>Organisation der Arbeit<\/strong> \u2013 erm\u00f6glichen es Ihnen, Ordnung zu halten, mit Regalen, die den Zugriff auf die ben\u00f6tigten Gegenst\u00e4nde erleichtern.<\/li>\n<li><strong>Mobilit\u00e4t <\/strong>&#8211; dank der Rollen k\u00f6nnen die Wagen leicht zwischen verschiedenen Arbeitsbereichen bewegt werden, was Zeit und M\u00fche spart.<\/li>\n<\/ul>\n","protected":false},"featured_media":5166,"comment_status":"open","ping_status":"closed","template":"","meta":[],"product_brand":[],"product_cat":[326,324],"product_tag":[372,374,371,373,362,363],"class_list":{"0":"post-5687","1":"product","2":"type-product","3":"status-publish","4":"has-post-thumbnail","6":"product_cat-servicewagen","7":"product_cat-wagen-und-zubehor","8":"product_tag-servicewagen","9":"product_tag-servicewagen-650-x-350","10":"product_tag-servicewagen-650-x-350-ws-1","11":"product_tag-werkstattwagen","12":"product_tag-werkzeugwagen","13":"product_tag-zubehorwagen","15":"first","16":"instock","17":"shipping-taxable","18":"product-type-simple"},"_links":{"self":[{"href":"https:\/\/ventex.pl\/de\/wp-json\/wp\/v2\/product\/5687","targetHints":{"allow":["GET"]}}],"collection":[{"href":"https:\/\/ventex.pl\/de\/wp-json\/wp\/v2\/product"}],"about":[{"href":"https:\/\/ventex.pl\/de\/wp-json\/wp\/v2\/types\/product"}],"replies":[{"embeddable":true,"href":"https:\/\/ventex.pl\/de\/wp-json\/wp\/v2\/comments?post=5687"}],"wp:featuredmedia":[{"embeddable":true,"href":"https:\/\/ventex.pl\/de\/wp-json\/wp\/v2\/media\/5166"}],"wp:attachment":[{"href":"https:\/\/ventex.pl\/de\/wp-json\/wp\/v2\/media?parent=5687"}],"wp:term":[{"taxonomy":"product_brand","embeddable":true,"href":"https:\/\/ventex.pl\/de\/wp-json\/wp\/v2\/product_brand?post=5687"},{"taxonomy":"product_cat","embeddable":true,"href":"https:\/\/ventex.pl\/de\/wp-json\/wp\/v2\/product_cat?post=5687"},{"taxonomy":"product_tag","embeddable":true,"href":"https:\/\/ventex.pl\/de\/wp-json\/wp\/v2\/product_tag?post=5687"}],"curies":[{"name":"wp","href":"https:\/\/api.w.org\/{rel}","templated":true}]}}