{"id":5682,"date":"2024-10-28T13:35:29","date_gmt":"2024-10-28T12:35:29","guid":{"rendered":"https:\/\/ventex.pl\/produkt\/lackierwagen-1780-x-2000-wl-200-s2\/"},"modified":"2024-10-28T13:35:29","modified_gmt":"2024-10-28T12:35:29","slug":"lackierwagen-1780-x-2000-wl-200-s2","status":"publish","type":"product","link":"https:\/\/ventex.pl\/de\/produkt\/lackierwagen-1780-x-2000-wl-200-s2\/","title":{"rendered":"Lackierwagen 1780 x 2000 &#8211; WL-200-S2"},"content":{"rendered":"<p><strong>Gesamtabmessungen: 1780 x 2000 x 750 mm<\/strong><\/p>\n<p><strong>Robuste Metallkonstruktion auf CNC gefertigt<\/strong><\/p>\n<p><strong>Buchten verstellbar von 200 mm bis 2000 mm<\/strong><\/p>\n<p><strong>10 doppelseitige massive Einlegeb\u00f6den an jedem Arm<\/strong><\/p>\n<p><strong>Material: Stahlprofile \/ Pulverbeschichtet<\/strong><\/p>\n<p><strong>Materialst\u00e4rke: 1,5 &#8211; 2 mm<\/strong><\/p>\n<p><strong>Robuste, schwenkbare Metall-Gummi-R\u00e4der<\/strong><\/p>\n<p><strong>Transportgriff<\/strong><\/p>\n","protected":false},"excerpt":{"rendered":"<p><strong>VENTEX-Spr\u00fchfahrzeug<\/strong> <strong>WL-200-S2<\/strong> ist ein speziell entwickeltes Hilfsmittel f\u00fcr den sicheren Transport und die Lagerung frisch lackierter Teile w\u00e4hrend des Trocknens. Er ist ideal f\u00fcr die Organisation von Arbeitspl\u00e4tzen in Lackierereien und erm\u00f6glicht das bequeme Bewegen empfindlicher Oberfl\u00e4chen, wodurch das Risiko von Besch\u00e4digungen und Ber\u00fchrungen mit frisch aufgetragener Farbe minimiert wird. <\/p>\n<p>&nbsp;<\/p>\n<p><strong>Vorteile der VENTEX-Lackierwagen:<\/strong><\/p>\n<ul>\n<li><strong>Mehrst\u00f6ckiges Design:<\/strong> Ein Wagen, der mit mehreren Etagen oder ausziehbaren Armen ausgestattet ist, erm\u00f6glicht die gleichzeitige Aufbewahrung mehrerer Gegenst\u00e4nde und maximiert so den Platz zum Trocknen.<\/li>\n<li><strong>Verstellbare Arme:<\/strong> Die Einlegeb\u00f6den und Arme k\u00f6nnen an die Gr\u00f6\u00dfe der zu transportierenden Gegenst\u00e4nde angepasst werden, z. B. an T\u00fcren, Platten, Motorhauben oder kleinere Teile.<\/li>\n<li><strong>Robuster Rahmen:<\/strong> aus robustem, pulverbeschichtetem Stahl, korrosionsbest\u00e4ndig und resistent gegen mechanische Besch\u00e4digungen, f\u00fcr eine lange Lebensdauer in intensiven Arbeitsumgebungen.<\/li>\n<\/ul>\n<ul>\n<li><strong>Leichtigkeit der Bewegung:<\/strong> Rollen mit gro\u00dfem Durchmesser und Feststellbremsen erm\u00f6glichen einen stabilen und sicheren Transport der Bauteile in der Lackiererei sowie deren Positionierung im Trockenbereich.<\/li>\n<\/ul>\n<ul>\n<li><strong>Kompakte Bauweise:<\/strong> Das Design des Wagens erm\u00f6glicht eine einfache Aufbewahrung in engen Arbeitsbereichen und bietet gleichzeitig eine gro\u00dfe Nutzfl\u00e4che f\u00fcr den Transport und das Trocknen von Bauteilen.a<\/li>\n<\/ul>\n<ul>\n<li><strong>Multifunktionalit\u00e4t:<\/strong> Er eignet sich f\u00fcr den Transport einer breiten Palette von Gegenst\u00e4nden, von Autoteilen bis hin zu M\u00f6belkomponenten, was ihn zu einer vielseitigen L\u00f6sung f\u00fcr verschiedene Branchen macht.<\/li>\n<\/ul>\n","protected":false},"featured_media":5220,"comment_status":"open","ping_status":"closed","template":"","meta":[],"product_brand":[],"product_cat":[325,324],"product_tag":[364,365,362,363],"class_list":{"0":"post-5682","1":"product","2":"type-product","3":"status-publish","4":"has-post-thumbnail","6":"product_cat-wagen-und-zubehor-de","7":"product_cat-wagen-und-zubehor","8":"product_tag-lackierwagen","9":"product_tag-lackierwagen-1780-x-2000-wl-200-s2","10":"product_tag-werkzeugwagen","11":"product_tag-zubehorwagen","13":"first","14":"instock","15":"shipping-taxable","16":"product-type-simple"},"_links":{"self":[{"href":"https:\/\/ventex.pl\/de\/wp-json\/wp\/v2\/product\/5682","targetHints":{"allow":["GET"]}}],"collection":[{"href":"https:\/\/ventex.pl\/de\/wp-json\/wp\/v2\/product"}],"about":[{"href":"https:\/\/ventex.pl\/de\/wp-json\/wp\/v2\/types\/product"}],"replies":[{"embeddable":true,"href":"https:\/\/ventex.pl\/de\/wp-json\/wp\/v2\/comments?post=5682"}],"wp:featuredmedia":[{"embeddable":true,"href":"https:\/\/ventex.pl\/de\/wp-json\/wp\/v2\/media\/5220"}],"wp:attachment":[{"href":"https:\/\/ventex.pl\/de\/wp-json\/wp\/v2\/media?parent=5682"}],"wp:term":[{"taxonomy":"product_brand","embeddable":true,"href":"https:\/\/ventex.pl\/de\/wp-json\/wp\/v2\/product_brand?post=5682"},{"taxonomy":"product_cat","embeddable":true,"href":"https:\/\/ventex.pl\/de\/wp-json\/wp\/v2\/product_cat?post=5682"},{"taxonomy":"product_tag","embeddable":true,"href":"https:\/\/ventex.pl\/de\/wp-json\/wp\/v2\/product_tag?post=5682"}],"curies":[{"name":"wp","href":"https:\/\/api.w.org\/{rel}","templated":true}]}}