{"id":5675,"date":"2024-10-28T15:57:22","date_gmt":"2024-10-28T14:57:22","guid":{"rendered":"https:\/\/ventex.pl\/produkt\/plenum-farbversorgung-2500-x-2000-pn2520\/"},"modified":"2024-10-28T15:57:22","modified_gmt":"2024-10-28T14:57:22","slug":"plenum-farbversorgung-2500-x-2000-pn2520","status":"publish","type":"product","link":"https:\/\/ventex.pl\/de\/produkt\/plenum-farbversorgung-2500-x-2000-pn2520\/","title":{"rendered":"Plenum Farbversorgung 2500 x 2000 &#8211; PN2520"},"content":{"rendered":"<p><strong>Wymiar ca\u0142kowity: 2500 x 2000 x 350 mm<\/strong><\/p>\n<p><strong>Powierzchnia filtracyjna: 2500 x 2000 mm<\/strong><\/p>\n<p><strong>Materia\u0142: Blacha ocynkowana ogniowo \/ lakierowane proszkowo<\/strong><\/p>\n<p><strong>Grubo\u015b\u0107 materia\u0142u: 1 mm<\/strong><\/p>\n","protected":false},"excerpt":{"rendered":"<p><strong>Der Zuluftkasten VENTEX PN2520 <\/strong>ist ein wichtiger Bestandteil des L\u00fcftungssystems in Lackierereien, dessen Hauptaufgabe darin besteht, frische, gefilterte Luft gleichm\u00e4\u00dfig im Arbeitsraum zu verteilen. Dank seines fortschrittlichen Designs gew\u00e4hrleistet das Plenum optimale Arbeitsbedingungen und verbessert die Qualit\u00e4t der Lackierung und die Sicherheit der Anwender. Speziell entwickelte Kan\u00e4le und ein Luftverteilungssystem sorgen f\u00fcr einen gleichm\u00e4\u00dfigen Luftstrom \u00fcber die gesamte Lackierfl\u00e4che, wodurch Turbulenzen vermieden und die Gefahr von Staubablagerungen minimiert werden. Er ist ideal f\u00fcr Karosseriewerkst\u00e4tten, Automobilhersteller, M\u00f6belproduzenten und andere Branchen, die Pr\u00e4zisionslackierungen ben\u00f6tigen.<\/p>\n<p><strong> <\/strong><\/p>\n<p><strong>Vorteile des VENTEX-Versorgungsplenums:<\/strong><\/p>\n<ul>\n<li><strong>Luftstromsteuerung<\/strong> &#8211; sorgt f\u00fcr eine gleichm\u00e4\u00dfige Zufuhr von Frischluft, um zu verhindern, dass Turbulenzen den Lackiervorgang beeintr\u00e4chtigen.<\/li>\n<li><strong>Sicherstellung einer sauberen Arbeitsumgebung<\/strong> &#8211; hilft, Staub, Farbd\u00e4mpfe und andere Verunreinigungen aus dem Raum zu entfernen.<\/li>\n<li><strong>Optimierung von Temperatur und Luftfeuchtigkeit <\/strong>&#8211; kann die Aufrechterhaltung konstanter Bedingungen unterst\u00fctzen, was f\u00fcr die Qualit\u00e4t des Lackierprozesses und die Lacktrocknung entscheidend ist.<\/li>\n<li><strong>Bessere Lackqualit\u00e4t <\/strong>&#8211; eine konstante und gleichm\u00e4\u00dfige Frischluftzufuhr f\u00fchrt zu einer besseren Ablagerung von Farbe und Lack auf der Oberfl\u00e4che, was zu einem hervorragenden Finish und einer gleichm\u00e4\u00dfigen Lackschicht f\u00fchrt.<\/li>\n<\/ul>\n<p>&nbsp;<\/p>\n<p><strong>Mit dem VENTEX PN2520 Versorgungsplenum erhalten Sie:<\/strong><\/p>\n<p>&#8211; Ventilator &#8211; Schaltkasten &#8211; Eine Reihe von Filtern f\u00fcr den sofortigen Einsatz &#8211; Vollst\u00e4ndige Dokumentation (Betriebsanleitung, Konformit\u00e4tserkl\u00e4rung, Typenschild)<\/p>\n","protected":false},"featured_media":5260,"comment_status":"open","ping_status":"closed","template":"","meta":[],"product_brand":[],"product_cat":[319],"product_tag":[341,342,339,349,340,348,343],"class_list":{"0":"post-5675","1":"product","2":"type-product","3":"status-publish","4":"has-post-thumbnail","6":"product_cat-zuluftplenum","7":"product_tag-beluftung-der-lackiererei","8":"product_tag-beluftungssystem-fur-lackieranlagen","9":"product_tag-farbe-liefern","10":"product_tag-farbversorgung-2500-x-2000","11":"product_tag-luftversorgungssystem-der-lackiererei","12":"product_tag-plenum-farbversorgung-2500-x-2000-pn2520","13":"product_tag-versorgungsplenum","15":"first","16":"instock","17":"shipping-taxable","18":"product-type-simple"},"_links":{"self":[{"href":"https:\/\/ventex.pl\/de\/wp-json\/wp\/v2\/product\/5675","targetHints":{"allow":["GET"]}}],"collection":[{"href":"https:\/\/ventex.pl\/de\/wp-json\/wp\/v2\/product"}],"about":[{"href":"https:\/\/ventex.pl\/de\/wp-json\/wp\/v2\/types\/product"}],"replies":[{"embeddable":true,"href":"https:\/\/ventex.pl\/de\/wp-json\/wp\/v2\/comments?post=5675"}],"wp:featuredmedia":[{"embeddable":true,"href":"https:\/\/ventex.pl\/de\/wp-json\/wp\/v2\/media\/5260"}],"wp:attachment":[{"href":"https:\/\/ventex.pl\/de\/wp-json\/wp\/v2\/media?parent=5675"}],"wp:term":[{"taxonomy":"product_brand","embeddable":true,"href":"https:\/\/ventex.pl\/de\/wp-json\/wp\/v2\/product_brand?post=5675"},{"taxonomy":"product_cat","embeddable":true,"href":"https:\/\/ventex.pl\/de\/wp-json\/wp\/v2\/product_cat?post=5675"},{"taxonomy":"product_tag","embeddable":true,"href":"https:\/\/ventex.pl\/de\/wp-json\/wp\/v2\/product_tag?post=5675"}],"curies":[{"name":"wp","href":"https:\/\/api.w.org\/{rel}","templated":true}]}}