{"id":5672,"date":"2024-10-31T12:15:01","date_gmt":"2024-10-31T11:15:01","guid":{"rendered":"https:\/\/ventex.pl\/produkt\/massgeschneiderte-bodenabsaugung-pdz1040\/"},"modified":"2024-10-31T12:15:01","modified_gmt":"2024-10-31T11:15:01","slug":"massgeschneiderte-bodenabsaugung-pdz1040","status":"publish","type":"product","link":"https:\/\/ventex.pl\/de\/produkt\/massgeschneiderte-bodenabsaugung-pdz1040\/","title":{"rendered":"Ma\u00dfgeschneiderte Bodenabsaugung &#8211; PDZ1040"},"content":{"rendered":"<p><strong>Wir k\u00f6nnen jede beliebige Gr\u00f6\u00dfe entwerfen und herstellen, um Ihren individuellen Bed\u00fcrfnissen gerecht zu werden.<\/strong><\/p>\n<p><strong>Material: Feuerverzinkte Bleche \/ verzinkte Stahlprofile<\/strong><\/p>\n<p><strong>Materialst\u00e4rke: 1,5 &#8211; 4 mm<\/strong><\/p>\n","protected":false},"excerpt":{"rendered":"<p><strong>Die VENTEX-Bodenabsaugung &#8211; ein in den Boden eingelassenes Loch &#8211;<\/strong> ist ein Bestandteil des Bel\u00fcftungssystems, das Verunreinigungen, Staub, D\u00e4mpfe und Farbnebel aus dem unteren Teil des Raums entfernt. Ihre Hauptaufgabe besteht darin, die Luft auf der Arbeitsebene sauber zu halten, was sich auf die Qualit\u00e4t der Arbeit und die Sicherheit der Benutzer auswirkt. Er saugt den Schmutz nach unten ab und verhindert so, dass er aufsteigt und sich auf den lackierten Oberfl\u00e4chen ablagert.  <\/p>\n<p>&nbsp;<\/p>\n<p><strong>Vorteile der VENTEX-Bodenabsaugung:<\/strong><\/p>\n<ul>\n<li><strong>Staub- und Rauchabsaugung <\/strong>&#8211; saugt effektiv Farb- und Lackpartikel sowie andere Schadstoffe ab, die sich beim Lackieren ansammeln.<\/li>\n<li><strong>Verbesserte Lackqualit\u00e4t <\/strong>&#8211; verhindert, dass sich Verunreinigungen auf frisch gestrichenen Oberfl\u00e4chen absetzen und sorgt so f\u00fcr ein besseres Endergebnis.<\/li>\n<li><strong>Sicherheit &#8211;<\/strong> verringert das Risiko, dass Arbeiter sch\u00e4dliche D\u00e4mpfe einatmen, und sorgt f\u00fcr saubere Luft.<\/li>\n<li><strong>Effektive Entw\u00e4sserung<\/strong> \u2013 weil das System Schadstoffe absaugta od pod\u0142ogi, jest szczeg\u00f3lnie skuteczny w zapobieganiu ponownemu unoszeniu si\u0119 py\u0142\u00f3w.<\/li>\n<\/ul>\n","protected":false},"featured_media":5591,"comment_status":"open","ping_status":"closed","template":"","meta":[],"product_brand":[],"product_cat":[318],"product_tag":[332,335,333,337,338,336,334],"class_list":{"0":"post-5672","1":"product","2":"type-product","3":"status-publish","4":"has-post-thumbnail","6":"product_cat-bodenabsaugung","7":"product_tag-bodenabsaugung","8":"product_tag-bodenschleif-absaugung","9":"product_tag-extraktionsboden","10":"product_tag-masgeschneiderte-bodenabsaugung","11":"product_tag-masgeschneiderte-bodenabsaugung-pdz1040","12":"product_tag-unterflur-farbspritzabsaugung","13":"product_tag-zurrplattform","15":"first","16":"instock","17":"shipping-taxable","18":"product-type-simple"},"_links":{"self":[{"href":"https:\/\/ventex.pl\/de\/wp-json\/wp\/v2\/product\/5672","targetHints":{"allow":["GET"]}}],"collection":[{"href":"https:\/\/ventex.pl\/de\/wp-json\/wp\/v2\/product"}],"about":[{"href":"https:\/\/ventex.pl\/de\/wp-json\/wp\/v2\/types\/product"}],"replies":[{"embeddable":true,"href":"https:\/\/ventex.pl\/de\/wp-json\/wp\/v2\/comments?post=5672"}],"wp:featuredmedia":[{"embeddable":true,"href":"https:\/\/ventex.pl\/de\/wp-json\/wp\/v2\/media\/5591"}],"wp:attachment":[{"href":"https:\/\/ventex.pl\/de\/wp-json\/wp\/v2\/media?parent=5672"}],"wp:term":[{"taxonomy":"product_brand","embeddable":true,"href":"https:\/\/ventex.pl\/de\/wp-json\/wp\/v2\/product_brand?post=5672"},{"taxonomy":"product_cat","embeddable":true,"href":"https:\/\/ventex.pl\/de\/wp-json\/wp\/v2\/product_cat?post=5672"},{"taxonomy":"product_tag","embeddable":true,"href":"https:\/\/ventex.pl\/de\/wp-json\/wp\/v2\/product_tag?post=5672"}],"curies":[{"name":"wp","href":"https:\/\/api.w.org\/{rel}","templated":true}]}}