{"id":3858,"date":"2024-03-23T17:25:50","date_gmt":"2024-03-23T16:25:50","guid":{"rendered":"https:\/\/ventex.pl\/bodenabsaugung\/"},"modified":"2024-04-13T18:21:48","modified_gmt":"2024-04-13T16:21:48","slug":"bodenabsaugung","status":"publish","type":"page","link":"https:\/\/ventex.pl\/de\/bodenabsaugung\/","title":{"rendered":"BODENABSAUGUNG"},"content":{"rendered":"\t\t<div data-elementor-type=\"wp-page\" data-elementor-id=\"3858\" class=\"elementor elementor-3858 elementor-3209\" data-elementor-post-type=\"page\">\n\t\t\t\t<div class=\"elementor-element elementor-element-b8f4067 e-flex e-con-boxed e-con e-parent\" data-id=\"b8f4067\" data-element_type=\"container\" data-e-type=\"container\" data-settings=\"{&quot;background_background&quot;:&quot;gradient&quot;,&quot;animation&quot;:&quot;none&quot;,&quot;ekit_has_onepagescroll_dot&quot;:&quot;yes&quot;}\">\n\t\t\t\t\t<div class=\"e-con-inner\">\n\t\t\t\t<div class=\"elementor-element elementor-element-00e7677 elementor-widget__width-initial elementor-absolute elementor-widget elementor-widget-image-carousel\" data-id=\"00e7677\" data-element_type=\"widget\" data-e-type=\"widget\" data-settings=\"{&quot;slides_to_show&quot;:&quot;1&quot;,&quot;navigation&quot;:&quot;none&quot;,&quot;lazyload&quot;:&quot;yes&quot;,&quot;_position&quot;:&quot;absolute&quot;,&quot;autoplay_speed&quot;:2000,&quot;autoplay&quot;:&quot;yes&quot;,&quot;pause_on_hover&quot;:&quot;yes&quot;,&quot;pause_on_interaction&quot;:&quot;yes&quot;,&quot;infinite&quot;:&quot;yes&quot;,&quot;effect&quot;:&quot;slide&quot;,&quot;speed&quot;:500,&quot;ekit_we_effect_on&quot;:&quot;none&quot;}\" data-widget_type=\"image-carousel.default\">\n\t\t\t\t<div class=\"elementor-widget-container\">\n\t\t\t\t\t\t\t<div class=\"elementor-image-carousel-wrapper swiper\" role=\"region\" aria-roledescription=\"carousel\" aria-label=\"Bild Karussell\" dir=\"ltr\">\n\t\t\t<div class=\"elementor-image-carousel swiper-wrapper\" aria-live=\"off\">\n\t\t\t\t\t\t\t\t<div class=\"swiper-slide\" role=\"group\" aria-roledescription=\"slide\" aria-label=\"1 von 3\"><figure class=\"swiper-slide-inner\"><img class=\"swiper-slide-image swiper-lazy\" data-src=\"https:\/\/ventex.pl\/wp-content\/uploads\/2024\/03\/Odciag-Podlogowy-Ventex-Na-wymiar-pod-otwor-w-podlodze-Bok-Lewy-BT-600x398.webp\" alt=\"Odci\u0105gi pod\u0142ogowe\" \/><div class=\"swiper-lazy-preloader\"><\/div><\/figure><\/div><div class=\"swiper-slide\" role=\"group\" aria-roledescription=\"slide\" aria-label=\"2 von 3\"><figure class=\"swiper-slide-inner\"><img class=\"swiper-slide-image swiper-lazy\" data-src=\"https:\/\/ventex.pl\/wp-content\/uploads\/2024\/03\/Odciag-Podlogowy-Ventex-Podest-3030-Bok-Lewy-BT-600x398.webp\" alt=\"Odci\u0105g Pod\u0142ogowy Ventex - Podest 3030 Bok Lewy BT\" \/><div class=\"swiper-lazy-preloader\"><\/div><\/figure><\/div><div class=\"swiper-slide\" role=\"group\" aria-roledescription=\"slide\" aria-label=\"3 von 3\"><figure class=\"swiper-slide-inner\"><img class=\"swiper-slide-image swiper-lazy\" data-src=\"https:\/\/ventex.pl\/wp-content\/uploads\/2024\/03\/Odciag-Podlogowy-Ventex-Podest-2020-Bok-Lewy-BT-600x398.webp\" alt=\"Odci\u0105g Pod\u0142ogowy Ventex - Podest 2020 - Bok Lewy BT\" \/><div class=\"swiper-lazy-preloader\"><\/div><\/figure><\/div>\t\t\t<\/div>\n\t\t\t\t\t\t\t\n\t\t\t\t\t\t\t\t\t<\/div>\n\t\t\t\t\t\t<\/div>\n\t\t\t\t<\/div>\n\t\t\t\t<div class=\"elementor-element elementor-element-3c1f750 elementor-widget__width-initial elementor-invisible elementor-widget elementor-widget-elementskit-heading\" data-id=\"3c1f750\" data-element_type=\"widget\" data-e-type=\"widget\" data-settings=\"{&quot;_animation&quot;:&quot;zoomIn&quot;,&quot;ekit_we_effect_on&quot;:&quot;none&quot;}\" data-widget_type=\"elementskit-heading.default\">\n\t\t\t\t<div class=\"elementor-widget-container\">\n\t\t\t\t\t<div class=\"ekit-wid-con\" ><div class=\"ekit-heading elementskit-section-title-wraper text_right   ekit_heading_tablet-   ekit_heading_mobile-\"><h2 class=\"ekit-heading--title elementskit-section-title \">Bodenabsaugung<\/h2><h2 class=\"ekit-heading--subtitle elementskit-section-subtitle  \">\n\t\t\t\t\t\tAngebot\n\t\t\t\t\t<\/h2><\/div><\/div>\t\t\t\t<\/div>\n\t\t\t\t<\/div>\n\t\t\t\t\t<\/div>\n\t\t\t\t<\/div>\n\t\t<div class=\"elementor-element elementor-element-9af7cba e-flex e-con-boxed e-con e-parent\" data-id=\"9af7cba\" data-element_type=\"container\" data-e-type=\"container\" data-settings=\"{&quot;background_background&quot;:&quot;classic&quot;,&quot;ekit_has_onepagescroll_dot&quot;:&quot;yes&quot;}\">\n\t\t\t\t\t<div class=\"e-con-inner\">\n\t\t<div class=\"elementor-element elementor-element-e262f60 e-con-full e-flex e-con e-child\" data-id=\"e262f60\" data-element_type=\"container\" data-e-type=\"container\" data-settings=\"{&quot;ekit_has_onepagescroll_dot&quot;:&quot;yes&quot;}\">\n\t\t\t\t<\/div>\n\t\t<div class=\"elementor-element elementor-element-86036bf e-con-full e-flex e-con e-child\" data-id=\"86036bf\" data-element_type=\"container\" data-e-type=\"container\" data-settings=\"{&quot;ekit_has_onepagescroll_dot&quot;:&quot;yes&quot;}\">\n\t\t\t\t<\/div>\n\t\t\t\t\t<\/div>\n\t\t\t\t<\/div>\n\t\t<div class=\"elementor-element elementor-element-5f1ee1d e-flex e-con-boxed e-con e-parent\" data-id=\"5f1ee1d\" data-element_type=\"container\" data-e-type=\"container\" data-settings=\"{&quot;background_background&quot;:&quot;classic&quot;,&quot;ekit_has_onepagescroll_dot&quot;:&quot;yes&quot;}\">\n\t\t\t\t\t<div class=\"e-con-inner\">\n\t\t<div class=\"elementor-element elementor-element-58bf9b6 e-con-full e-flex e-con e-child\" data-id=\"58bf9b6\" data-element_type=\"container\" data-e-type=\"container\" data-settings=\"{&quot;ekit_has_onepagescroll_dot&quot;:&quot;yes&quot;}\">\n\t\t\t\t<div class=\"elementor-element elementor-element-73701c6 elementor-invisible elementor-widget elementor-widget-elementskit-heading\" data-id=\"73701c6\" data-element_type=\"widget\" data-e-type=\"widget\" data-settings=\"{&quot;_animation&quot;:&quot;zoomIn&quot;,&quot;ekit_we_effect_on&quot;:&quot;none&quot;}\" data-widget_type=\"elementskit-heading.default\">\n\t\t\t\t<div class=\"elementor-widget-container\">\n\t\t\t\t\t<div class=\"ekit-wid-con\" ><div class=\"ekit-heading elementskit-section-title-wraper text_center   ekit_heading_tablet-   ekit_heading_mobile-\">\t\t\t\t<span class='ekit-heading__shadow-text'>\n\t\t\t\t\tVorteile\t\t\t\t<\/span>\n\t\t\t<h2 class=\"ekit-heading--title elementskit-section-title \">\u00dcber Lashings<\/h2><div class=\"ekit_heading_separetor_wraper ekit_heading_elementskit-border-divider ekit-dotted\"><div class=\"elementskit-border-divider ekit-dotted\"><\/div><\/div><\/div><\/div>\t\t\t\t<\/div>\n\t\t\t\t<\/div>\n\t\t\t\t<div class=\"elementor-element elementor-element-38516b8 elementor-widget elementor-widget-text-editor\" data-id=\"38516b8\" data-element_type=\"widget\" data-e-type=\"widget\" data-settings=\"{&quot;ekit_we_effect_on&quot;:&quot;none&quot;}\" data-widget_type=\"text-editor.default\">\n\t\t\t\t<div class=\"elementor-widget-container\">\n\t\t\t\t\t\t\t\t\t<p>VENTEX Bodenabsaugungen sind speziell f\u00fcr Lackierereien und Schleifereien konzipiert und sind ein \u00e4u\u00dferst wichtiger Bestandteil zur Erreichung h\u00f6chster Produktqualit\u00e4t, zur Aufrechterhaltung der Sauberkeit in den Produktionsbereichen und zum Schutz der Gesundheit der Mitarbeiter. Sie erm\u00f6glichen die effiziente Beseitigung von sch\u00e4dlichen fl\u00fcchtigen Stoffen, die erzeugt werden<br \/>w\u00e4hrend des Lackiervorgangs Staub, Sp\u00e4ne, D\u00e4mpfe und andere Verunreinigungen wirksam auffangen und entfernen. Die Installation einer Bodenabsaugung f\u00fchrt zur Erhaltung einer sauberen und sicheren Arbeitsumgebung, zur Verbesserung der Produktqualit\u00e4t, der Produktionseffizienz und des Wohlbefindens der Mitarbeiter. Absauganlagen f\u00fcr Lackieranlagen sind einfach zu installieren und zu bedienen und bieten dank moderner Technologie eine hohe Effizienz bei der Entfernung von Verunreinigungen. Die Farbnebelabsaugung mit Bodenabsaugung ist fl\u00e4chendeckend wirksam und kann zudem individuell auf die Bed\u00fcrfnisse und Anforderungen der Kunden abgestimmt werden, was den Lackierprozess optimiert und die Kosten minimiert.<\/p>\n\t\t\t\t\t\t\t\t<\/div>\n\t\t\t\t<\/div>\n\t\t\t\t<\/div>\n\t\t<div class=\"elementor-element elementor-element-04dd260 e-con-full e-flex e-con e-child\" data-id=\"04dd260\" data-element_type=\"container\" data-e-type=\"container\" data-settings=\"{&quot;ekit_has_onepagescroll_dot&quot;:&quot;yes&quot;}\">\n\t\t\t\t<div class=\"elementor-element elementor-element-5b73b30 elementor-invisible elementor-widget elementor-widget-elementskit-heading\" data-id=\"5b73b30\" data-element_type=\"widget\" data-e-type=\"widget\" data-settings=\"{&quot;_animation&quot;:&quot;zoomIn&quot;,&quot;ekit_we_effect_on&quot;:&quot;none&quot;}\" data-widget_type=\"elementskit-heading.default\">\n\t\t\t\t<div class=\"elementor-widget-container\">\n\t\t\t\t\t<div class=\"ekit-wid-con\" ><div class=\"ekit-heading elementskit-section-title-wraper text_center   ekit_heading_tablet-   ekit_heading_mobile-\">\t\t\t\t<span class='ekit-heading__shadow-text'>\n\t\t\t\t\tKonstruktion\t\t\t\t<\/span>\n\t\t\t<h2 class=\"ekit-heading--title elementskit-section-title \">Woraus besteht sie?<\/h2><div class=\"ekit_heading_separetor_wraper ekit_heading_elementskit-border-divider ekit-dotted\"><div class=\"elementskit-border-divider ekit-dotted\"><\/div><\/div><\/div><\/div>\t\t\t\t<\/div>\n\t\t\t\t<\/div>\n\t\t\t\t<div class=\"elementor-element elementor-element-db660a7 elementor-widget elementor-widget-text-editor\" data-id=\"db660a7\" data-element_type=\"widget\" data-e-type=\"widget\" data-settings=\"{&quot;ekit_we_effect_on&quot;:&quot;none&quot;}\" data-widget_type=\"text-editor.default\">\n\t\t\t\t<div class=\"elementor-widget-container\">\n\t\t\t\t\t\t\t\t\t<p>Das Ger\u00e4t ist aus feuerverzinktem Blech gefertigt, was zu einer langen Lebensdauer f\u00fchrt. Die Komponenten sind miteinander verschraubt, was die Struktur stark und stabil macht. Die VENTEX-Bodenabsaugung ist in zwei Ausf\u00fchrungen erh\u00e4ltlich: als Plattform und als Einbau\u00f6ffnung im Boden.<\/p>\n<p><strong>Abmessungen:<\/strong> 2000&#215;2000, 3000&#215;3000, 4000&#215;3000<\/p>\n<p><strong>Modelle:<\/strong> PD2020, PD3030, PD4030<\/p>\n<p><strong>Extraktion &#8211; Installation eines Lochs im Boden:<\/strong> Wir k\u00f6nnen jede beliebige Gr\u00f6\u00dfe entwerfen und herstellen, die Ihren Bed\u00fcrfnissen entspricht<br \/>Kunde. Wir sind zuversichtlich, dass die von uns angebotenen Ger\u00e4te Ihre Erwartungen erf\u00fcllen werden<\/p>\n\t\t\t\t\t\t\t\t<\/div>\n\t\t\t\t<\/div>\n\t\t\t\t<\/div>\n\t\t\t\t\t<\/div>\n\t\t\t\t<\/div>\n\t\t<div class=\"elementor-element elementor-element-4cebab2 e-flex e-con-boxed e-con e-parent\" data-id=\"4cebab2\" data-element_type=\"container\" data-e-type=\"container\" data-settings=\"{&quot;background_background&quot;:&quot;classic&quot;,&quot;ekit_has_onepagescroll_dot&quot;:&quot;yes&quot;}\">\n\t\t\t\t\t<div class=\"e-con-inner\">\n\t\t\t\t<div class=\"elementor-element elementor-element-8f9198f elementor-invisible elementor-widget elementor-widget-elementskit-heading\" data-id=\"8f9198f\" data-element_type=\"widget\" data-e-type=\"widget\" data-settings=\"{&quot;_animation&quot;:&quot;zoomIn&quot;,&quot;ekit_we_effect_on&quot;:&quot;none&quot;}\" data-widget_type=\"elementskit-heading.default\">\n\t\t\t\t<div class=\"elementor-widget-container\">\n\t\t\t\t\t<div class=\"ekit-wid-con\" ><div class=\"ekit-heading elementskit-section-title-wraper text_center   ekit_heading_tablet-   ekit_heading_mobile-\">\t\t\t\t<span class='ekit-heading__shadow-text'>\n\t\t\t\t\tGarantie\t\t\t\t<\/span>\n\t\t\t<h2 class=\"ekit-heading--title elementskit-section-title \">Bodenabsaugung<\/h2><\/div><\/div>\t\t\t\t<\/div>\n\t\t\t\t<\/div>\n\t\t\t\t<div class=\"elementor-element elementor-element-392b008 elementor-widget elementor-widget-text-editor\" data-id=\"392b008\" data-element_type=\"widget\" data-e-type=\"widget\" data-settings=\"{&quot;ekit_we_effect_on&quot;:&quot;none&quot;}\" data-widget_type=\"text-editor.default\">\n\t\t\t\t<div class=\"elementor-widget-container\">\n\t\t\t\t\t\t\t\t\t<p>Auf alle Produkte und Dienstleistungen von <strong>VENTEX<\/strong> Systems gew\u00e4hren wir eine <strong>24-monatige Garantie<\/strong>, die innerhalb von <strong>24 Stunden<\/strong> abgewickelt wird. Wiederherstellung der vollen Funktionsf\u00e4higkeit innerhalb von 72 Stunden. Alle Beschwerden werden auf der Grundlage von dokumentierten Fotos fair behandelt.<\/p>\n\t\t\t\t\t\t\t\t<\/div>\n\t\t\t\t<\/div>\n\t\t\t\t\t<\/div>\n\t\t\t\t<\/div>\n\t\t\t\t<section data-ekitparallax=\"{&quot;ekit_section_parallax_multi&quot;:&quot;yes&quot;,&quot;ekit_section_parallax_multi_items&quot;:[{&quot;_id&quot;:&quot;73e598f&quot;,&quot;image&quot;:{&quot;url&quot;:&quot;https:\\\/\\\/ventex.pl\\\/wp-content\\\/uploads\\\/2024\\\/04\\\/kontakt-1.webp&quot;,&quot;id&quot;:3307,&quot;size&quot;:&quot;&quot;,&quot;alt&quot;:&quot;&quot;,&quot;source&quot;:&quot;library&quot;},&quot;width_type&quot;:&quot;custom&quot;,&quot;custom_width&quot;:{&quot;unit&quot;:&quot;px&quot;,&quot;size&quot;:262,&quot;sizes&quot;:[]},&quot;pos_x&quot;:{&quot;unit&quot;:&quot;%&quot;,&quot;size&quot;:80,&quot;sizes&quot;:[]},&quot;pos_y&quot;:{&quot;unit&quot;:&quot;%&quot;,&quot;size&quot;:50,&quot;sizes&quot;:[]},&quot;animation&quot;:&quot;pulse&quot;,&quot;animation_speed&quot;:2,&quot;parallax_style&quot;:&quot;animation&quot;,&quot;item_source&quot;:&quot;image&quot;,&quot;shape&quot;:&quot;angle&quot;,&quot;shape_color&quot;:&quot;&quot;,&quot;width_type_tablet&quot;:&quot;&quot;,&quot;width_type_mobile&quot;:&quot;&quot;,&quot;custom_width_tablet&quot;:{&quot;unit&quot;:&quot;px&quot;,&quot;size&quot;:&quot;&quot;,&quot;sizes&quot;:[]},&quot;custom_width_mobile&quot;:{&quot;unit&quot;:&quot;px&quot;,&quot;size&quot;:&quot;&quot;,&quot;sizes&quot;:[]},&quot;source_rotate&quot;:{&quot;unit&quot;:&quot;deg&quot;,&quot;size&quot;:0,&quot;sizes&quot;:[]},&quot;source_rotate_tablet&quot;:{&quot;unit&quot;:&quot;px&quot;,&quot;size&quot;:&quot;&quot;,&quot;sizes&quot;:[]},&quot;source_rotate_mobile&quot;:{&quot;unit&quot;:&quot;px&quot;,&quot;size&quot;:&quot;&quot;,&quot;sizes&quot;:[]},&quot;parallax_blur_effect&quot;:{&quot;unit&quot;:&quot;px&quot;,&quot;size&quot;:0,&quot;sizes&quot;:[]},&quot;parallax_blur_effect_tablet&quot;:{&quot;unit&quot;:&quot;px&quot;,&quot;size&quot;:&quot;&quot;,&quot;sizes&quot;:[]},&quot;parallax_blur_effect_mobile&quot;:{&quot;unit&quot;:&quot;px&quot;,&quot;size&quot;:&quot;&quot;,&quot;sizes&quot;:[]},&quot;pos_x_tablet&quot;:{&quot;unit&quot;:&quot;px&quot;,&quot;size&quot;:&quot;&quot;,&quot;sizes&quot;:[]},&quot;pos_x_mobile&quot;:{&quot;unit&quot;:&quot;px&quot;,&quot;size&quot;:&quot;&quot;,&quot;sizes&quot;:[]},&quot;pos_y_tablet&quot;:{&quot;unit&quot;:&quot;px&quot;,&quot;size&quot;:&quot;&quot;,&quot;sizes&quot;:[]},&quot;pos_y_mobile&quot;:{&quot;unit&quot;:&quot;px&quot;,&quot;size&quot;:&quot;&quot;,&quot;sizes&quot;:[]},&quot;animation_tablet&quot;:&quot;&quot;,&quot;animation_mobile&quot;:&quot;&quot;,&quot;item_opacity&quot;:&quot;1&quot;,&quot;animation_iteration_count&quot;:&quot;infinite&quot;,&quot;animation_direction&quot;:&quot;normal&quot;,&quot;parallax_speed&quot;:40,&quot;parallax_transform&quot;:&quot;translateY&quot;,&quot;parallax_transform_value&quot;:&quot;250&quot;,&quot;smoothness&quot;:&quot;700&quot;,&quot;offsettop&quot;:&quot;0&quot;,&quot;offsetbottom&quot;:&quot;0&quot;,&quot;maxtilt&quot;:&quot;20&quot;,&quot;scale&quot;:&quot;1&quot;,&quot;disableaxis&quot;:&quot;&quot;,&quot;zindex&quot;:&quot;2&quot;}],&quot;ekit_section_parallax_bg&quot;:&quot;yes&quot;,&quot;ekit_section_parallax_bg_speed&quot;:0.5,&quot;elementor_lazy_load&quot;:&quot;1&quot;}\" class=\"elementor-section elementor-top-section elementor-element elementor-element-8687245 elementor-section-boxed elementor-section-height-default elementor-section-height-default\" data-id=\"8687245\" data-element_type=\"section\" data-e-type=\"section\" data-settings=\"{&quot;background_background&quot;:&quot;classic&quot;,&quot;ekit_section_parallax_multi&quot;:&quot;yes&quot;,&quot;ekit_has_onepagescroll_dot&quot;:&quot;yes&quot;}\">\n\t\t\t\t\t\t<div class=\"elementor-container elementor-column-gap-default\">\n\t\t\t\t\t<div class=\"elementor-column elementor-col-50 elementor-top-column elementor-element elementor-element-125ac58\" data-id=\"125ac58\" data-element_type=\"column\" data-e-type=\"column\">\n\t\t\t<div class=\"elementor-widget-wrap elementor-element-populated\">\n\t\t\t\t\t\t<div class=\"elementor-element elementor-element-147f990 elementor-invisible elementor-widget elementor-widget-elementskit-heading\" data-id=\"147f990\" data-element_type=\"widget\" data-e-type=\"widget\" data-settings=\"{&quot;_animation&quot;:&quot;zoomIn&quot;,&quot;ekit_we_effect_on&quot;:&quot;none&quot;}\" data-widget_type=\"elementskit-heading.default\">\n\t\t\t\t<div class=\"elementor-widget-container\">\n\t\t\t\t\t<div class=\"ekit-wid-con\" ><div class=\"ekit-heading elementskit-section-title-wraper text_left   ekit_heading_tablet-   ekit_heading_mobile-\">\t\t\t\t<span class='ekit-heading__shadow-text'>\n\t\t\t\t\tKontakt\t\t\t\t<\/span>\n\t\t\t<h2 class=\"ekit-heading--title elementskit-section-title \">Schreiben oder anrufen <\/h2><h3 class=\"ekit-heading--subtitle elementskit-section-subtitle  \">\n\t\t\t\t\t\tBitte kontaktieren Sie uns ONLINE oder RUFEN Sie uns an\n\t\t\t\t\t<\/h3>\t\t\t\t<div class='ekit-heading__description'>\n\t\t\t\t\t<p><span style=\"font-weight: 400\">Unsere Spezialisten versorgen Sie mit allen Informationen<\/span><\/p>\n\t\t\t\t<\/div>\n\t\t\t<\/div><\/div>\t\t\t\t<\/div>\n\t\t\t\t<\/div>\n\t\t\t\t<div class=\"elementor-element elementor-element-534c134 elementor-align-center elementor-widget elementor-widget-elementskit-button\" data-id=\"534c134\" data-element_type=\"widget\" data-e-type=\"widget\" data-settings=\"{&quot;ekit_we_effect_on&quot;:&quot;none&quot;}\" data-widget_type=\"elementskit-button.default\">\n\t\t\t\t<div class=\"elementor-widget-container\">\n\t\t\t\t\t<div class=\"ekit-wid-con\" >\t\t<div class=\"ekit-btn-wraper\">\n\t\t\t\t\t\t\t<a href=\"https:\/\/ventex.pl\/de\/kontakt\/\" class=\"elementskit-btn  whitespace--normal\" id=\"\">\n\t\t\t\t\tRufen Sie an oder schreiben Sie\t\t\t\t<\/a>\n\t\t\t\t\t<\/div>\n        <\/div>\t\t\t\t<\/div>\n\t\t\t\t<\/div>\n\t\t\t\t\t<\/div>\n\t\t<\/div>\n\t\t\t\t<div class=\"elementor-column elementor-col-50 elementor-top-column elementor-element elementor-element-093df61\" data-id=\"093df61\" data-element_type=\"column\" data-e-type=\"column\">\n\t\t\t<div class=\"elementor-widget-wrap elementor-element-populated\">\n\t\t\t\t\t\t<div class=\"elementor-element elementor-element-b90aab4 ekit-cursor-enabled-yes elementor-button-align-stretch elementor-widget elementor-widget-form\" data-id=\"b90aab4\" data-element_type=\"widget\" data-e-type=\"widget\" data-settings=\"{&quot;step_next_label&quot;:&quot;Weiter&quot;,&quot;step_previous_label&quot;:&quot;Vorherige&quot;,&quot;ekit_cursor_show&quot;:&quot;yes&quot;,&quot;ekit_cursor_type&quot;:&quot;icon&quot;,&quot;ekit_cursor_icons&quot;:{&quot;value&quot;:&quot;icon icon-mail&quot;,&quot;library&quot;:&quot;ekiticons&quot;},&quot;button_width&quot;:&quot;100&quot;,&quot;step_type&quot;:&quot;number_text&quot;,&quot;step_icon_shape&quot;:&quot;circle&quot;,&quot;ekit_we_effect_on&quot;:&quot;none&quot;}\" data-widget_type=\"form.default\">\n\t\t\t\t<div class=\"elementor-widget-container\">\n\t\t\t\t\t\t\t<form class=\"elementor-form\" method=\"post\" name=\"Neue Form\" aria-label=\"Neue Form\">\n\t\t\t<input type=\"hidden\" name=\"post_id\" value=\"3858\"\/>\n\t\t\t<input type=\"hidden\" name=\"form_id\" value=\"b90aab4\"\/>\n\t\t\t<input type=\"hidden\" name=\"referer_title\" value=\"\" \/>\n\n\t\t\t\n\t\t\t<div class=\"elementor-form-fields-wrapper elementor-labels-above\">\n\t\t\t\t\t\t\t\t<div class=\"elementor-field-type-text elementor-field-group elementor-column elementor-field-group-name elementor-col-100\">\n\t\t\t\t\t\t\t\t\t\t\t\t\t<input size=\"1\" type=\"text\" name=\"form_fields[name]\" id=\"form-field-name\" class=\"elementor-field elementor-size-md  elementor-field-textual\" placeholder=\"Name\">\n\t\t\t\t\t\t\t\t\t\t\t<\/div>\n\t\t\t\t\t\t\t\t<div class=\"elementor-field-type-email elementor-field-group elementor-column elementor-field-group-email elementor-col-100 elementor-field-required elementor-mark-required\">\n\t\t\t\t\t\t\t\t\t\t\t\t\t<input size=\"1\" type=\"email\" name=\"form_fields[email]\" id=\"form-field-email\" class=\"elementor-field elementor-size-md  elementor-field-textual\" placeholder=\"Email\" required=\"required\">\n\t\t\t\t\t\t\t\t\t\t\t<\/div>\n\t\t\t\t\t\t\t\t<div class=\"elementor-field-type-textarea elementor-field-group elementor-column elementor-field-group-message elementor-col-100\">\n\t\t\t\t\t<textarea class=\"elementor-field-textual elementor-field  elementor-size-md\" name=\"form_fields[message]\" id=\"form-field-message\" rows=\"4\" placeholder=\"Anfrage\"><\/textarea>\t\t\t\t<\/div>\n\t\t\t\t\t\t\t\t<div class=\"elementor-field-group elementor-column elementor-field-type-submit elementor-col-100 e-form__buttons\">\n\t\t\t\t\t<button class=\"elementor-button elementor-size-sm elementor-animation-pulse\" type=\"submit\">\n\t\t\t\t\t\t<span class=\"elementor-button-content-wrapper\">\n\t\t\t\t\t\t\t\t\t\t\t\t\t\t\t\t\t\t\t\t\t\t<span class=\"elementor-button-text\">Senden Sie<\/span>\n\t\t\t\t\t\t\t\t\t\t\t\t\t<\/span>\n\t\t\t\t\t<\/button>\n\t\t\t\t<\/div>\n\t\t\t<\/div>\n\t\t<\/form>\n\t\t\t\t\t\t<\/div>\n\t\t\t\t<\/div>\n\t\t\t\t<div class=\"elementor-element elementor-element-61536ba elementor-widget elementor-widget-elementskit-heading\" data-id=\"61536ba\" data-element_type=\"widget\" data-e-type=\"widget\" data-settings=\"{&quot;ekit_we_effect_on&quot;:&quot;none&quot;}\" data-widget_type=\"elementskit-heading.default\">\n\t\t\t\t<div class=\"elementor-widget-container\">\n\t\t\t\t\t<div class=\"ekit-wid-con\" ><div class=\"ekit-heading elementskit-section-title-wraper text_left   ekit_heading_tablet-   ekit_heading_mobile-\"><h2 class=\"ekit-heading--title elementskit-section-title \">578009755  <br>578009754<\/h2><\/div><\/div>\t\t\t\t<\/div>\n\t\t\t\t<\/div>\n\t\t\t\t\t<\/div>\n\t\t<\/div>\n\t\t\t\t\t<\/div>\n\t\t<\/section>\n\t\t\t\t<\/div>\n\t\t","protected":false},"excerpt":{"rendered":"<p>Bodenabsaugung Angebot Vorteile \u00dcber Lashings VENTEX Bodenabsaugungen sind speziell f\u00fcr Lackierereien und Schleifereien konzipiert und sind ein \u00e4u\u00dferst wichtiger Bestandteil zur Erreichung h\u00f6chster Produktqualit\u00e4t, zur Aufrechterhaltung der Sauberkeit in den Produktionsbereichen und zum Schutz der Gesundheit der Mitarbeiter. Sie erm\u00f6glichen die effiziente Beseitigung von sch\u00e4dlichen fl\u00fcchtigen Stoffen, die erzeugt werdenw\u00e4hrend des Lackiervorgangs Staub, Sp\u00e4ne, D\u00e4mpfe [&hellip;]<\/p>\n","protected":false},"author":1,"featured_media":3859,"parent":0,"menu_order":0,"comment_status":"closed","ping_status":"open","template":"","meta":{"footnotes":""},"class_list":["post-3858","page","type-page","status-publish","has-post-thumbnail","hentry"],"_links":{"self":[{"href":"https:\/\/ventex.pl\/de\/wp-json\/wp\/v2\/pages\/3858","targetHints":{"allow":["GET"]}}],"collection":[{"href":"https:\/\/ventex.pl\/de\/wp-json\/wp\/v2\/pages"}],"about":[{"href":"https:\/\/ventex.pl\/de\/wp-json\/wp\/v2\/types\/page"}],"author":[{"embeddable":true,"href":"https:\/\/ventex.pl\/de\/wp-json\/wp\/v2\/users\/1"}],"replies":[{"embeddable":true,"href":"https:\/\/ventex.pl\/de\/wp-json\/wp\/v2\/comments?post=3858"}],"version-history":[{"count":1,"href":"https:\/\/ventex.pl\/de\/wp-json\/wp\/v2\/pages\/3858\/revisions"}],"predecessor-version":[{"id":3860,"href":"https:\/\/ventex.pl\/de\/wp-json\/wp\/v2\/pages\/3858\/revisions\/3860"}],"wp:featuredmedia":[{"embeddable":true,"href":"https:\/\/ventex.pl\/de\/wp-json\/wp\/v2\/media\/3859"}],"wp:attachment":[{"href":"https:\/\/ventex.pl\/de\/wp-json\/wp\/v2\/media?parent=3858"}],"curies":[{"name":"wp","href":"https:\/\/api.w.org\/{rel}","templated":true}]}}