{"id":6164,"date":"2024-10-28T12:58:15","date_gmt":"2024-10-28T11:58:15","guid":{"rendered":"https:\/\/ventex.pl\/produkt\/lakyrnicky-vozik-1780-x-1000-wl-100-s2\/"},"modified":"2024-10-28T12:58:15","modified_gmt":"2024-10-28T11:58:15","slug":"lakyrnicky-vozik-1780-x-1000-wl-100-s2","status":"publish","type":"product","link":"https:\/\/ventex.pl\/cs\/produkt\/lakyrnicky-vozik-1780-x-1000-wl-100-s2\/","title":{"rendered":"Lak\u00fdrnick\u00fd voz\u00edk 1780 x 1000 &#8211; WL-100-S2"},"content":{"rendered":"<p><strong>Celkov\u00e9 rozm\u011bry: 1780 x 1000 x 750 mm<\/strong><\/p>\n<p><strong>Robust\u00e1 kovov\u00e1 konstrukce vyroben\u00e1 na CNC<\/strong><\/p>\n<p><strong>Mo\u017enost nastaven\u00ed rozp\u011bt\u00ed v rozmez\u00ed 200 mm a\u017e 1000 mm<\/strong><\/p>\n<p><strong>10 oboustrann\u00fdch pevn\u00fdch polic na ka\u017ed\u00e9m rameni<\/strong><\/p>\n<p><strong>Materi\u00e1l: Ocelov\u00e9 profily \/ pr\u00e1\u0161kov\u011b lakovan\u00e9<\/strong><\/p>\n<p><strong>Tlou\u0161\u0165ka materi\u00e1lu: 1,5 &#8211; 2 mm<\/strong><\/p>\n<p><strong>Odoln\u00e1 oto\u010dn\u00e1 kola z kovu a gumy<\/strong><\/p>\n<p><strong>Transportn\u00ed \u00fachyt<\/strong><\/p>\n<p>&nbsp;<\/p>\n<p>&nbsp;<\/p>\n","protected":false},"excerpt":{"rendered":"<p><strong>W\u00f3zek lakierniczy VENTEX<\/strong> <strong>WL-100-S2<\/strong> to specjalnie zaprojektowane narz\u0119dzie do bezpiecznego transportu i przechowywania \u015bwie\u017co lakierowanych element\u00f3w podczas suszenia. Idealny do organizacji przestrzeni roboczej w lakierniach, pozwala na wygodne przemieszczanie delikatnych powierzchni, minimalizuj\u0105c ryzyko uszkodze\u0144 i dotyku \u015bwie\u017co na\u0142o\u017conej farby. <\/p>\n<p>&nbsp;<\/p>\n<p><strong>V\u00fdhody lakovac\u00edch voz\u00edk\u016f VENTEX:<\/strong><\/p>\n<ul>\n<li>V\u00edce\u00farov\u0148ov\u00e1 konstrukce: Voz\u00edk vybaven\u00fd n\u011bkolika \u00farovn\u011bmi polic nebo v\u00fdsuvn\u00fdch ramen, umo\u017e\u0148uj\u00edc\u00edch sou\u010dasn\u00e9 skladov\u00e1n\u00ed v\u00edce prvk\u016f, co\u017e maximalizuje prostor pro su\u0161en\u00ed.<\/li>\n<li>Nastaviteln\u00e9 ramena: Police a ramena lze nastavit tak, aby vyhovovaly rozm\u011br\u016fm p\u0159epravovan\u00fdch p\u0159edm\u011bt\u016f, jako jsou dve\u0159e, panely, kapoty automobil\u016f nebo men\u0161\u00ed d\u00edly.<\/li>\n<li>Robust\u00fd r\u00e1m: Vyrobeno z odoln\u00e9 pr\u00e1\u0161kov\u011b lakovan\u00e9 oceli, odoln\u00e9 proti korozi a mechanick\u00e9mu po\u0161kozen\u00ed, co\u017e zaji\u0161\u0165uje dlouhou \u017eivotnost v n\u00e1ro\u010dn\u00e9m pracovn\u00edm prost\u0159ed\u00ed.<\/li>\n<\/ul>\n<p><strong> <\/strong><\/p>\n<ul>\n<li>Snadn\u00e1 manipulace: Velk\u00e1 kole\u010dka s brzdami usnad\u0148uj\u00ed stabiln\u00ed a bezpe\u010dn\u00fd transport prvk\u016f v lakovn\u011b a tak\u00e9 jejich um\u00edst\u011bn\u00ed na m\u00edsto su\u0161en\u00ed.<\/li>\n<\/ul>\n<p><strong> <\/strong><\/p>\n<ul>\n<li>Kompaktn\u00ed konstrukce: Konstrukce voz\u00edku umo\u017e\u0148uje snadn\u00e9 skladov\u00e1n\u00ed v omezen\u00fdch pracovn\u00edch prostorech a z\u00e1rove\u0148 nab\u00edz\u00ed velkou u\u017eitnou plochu pro p\u0159epravu a su\u0161en\u00ed d\u00edl\u016f.<\/li>\n<\/ul>\n<p><strong> <\/strong><\/p>\n<ul>\n<li>V\u0161estrannost: Hod\u00ed se pro p\u0159epravu \u0161irok\u00e9 \u0161k\u00e1ly prvk\u016f, od automobilov\u00fdch d\u00edl\u016f po n\u00e1bytkov\u00e9 komponenty, co\u017e z n\u011bj \u010din\u00ed univerz\u00e1ln\u00ed \u0159e\u0161en\u00ed pro r\u016fzn\u00e9 odv\u011btv\u00ed.<\/li>\n<\/ul>\n","protected":false},"featured_media":5192,"comment_status":"open","ping_status":"closed","template":"","meta":[],"product_brand":[],"product_cat":[636,637],"product_tag":[638,640,639,645,644],"class_list":{"0":"post-6164","1":"product","2":"type-product","3":"status-publish","4":"has-post-thumbnail","6":"product_cat-kocarky-a-prislusenstvi","7":"product_cat-lakyrnicke-voziky","8":"product_tag-chariot-a-outils","9":"product_tag-chariot-de-peinture","10":"product_tag-chariot-pour-accessoires","11":"product_tag-lakyrnicky-vozik-1780-x-1000","12":"product_tag-lakyrnicky-vozik-1780-x-1000-wl-100-s2","14":"first","15":"instock","16":"shipping-taxable","17":"product-type-simple"},"_links":{"self":[{"href":"https:\/\/ventex.pl\/cs\/wp-json\/wp\/v2\/product\/6164","targetHints":{"allow":["GET"]}}],"collection":[{"href":"https:\/\/ventex.pl\/cs\/wp-json\/wp\/v2\/product"}],"about":[{"href":"https:\/\/ventex.pl\/cs\/wp-json\/wp\/v2\/types\/product"}],"replies":[{"embeddable":true,"href":"https:\/\/ventex.pl\/cs\/wp-json\/wp\/v2\/comments?post=6164"}],"wp:featuredmedia":[{"embeddable":true,"href":"https:\/\/ventex.pl\/cs\/wp-json\/wp\/v2\/media\/5192"}],"wp:attachment":[{"href":"https:\/\/ventex.pl\/cs\/wp-json\/wp\/v2\/media?parent=6164"}],"wp:term":[{"taxonomy":"product_brand","embeddable":true,"href":"https:\/\/ventex.pl\/cs\/wp-json\/wp\/v2\/product_brand?post=6164"},{"taxonomy":"product_cat","embeddable":true,"href":"https:\/\/ventex.pl\/cs\/wp-json\/wp\/v2\/product_cat?post=6164"},{"taxonomy":"product_tag","embeddable":true,"href":"https:\/\/ventex.pl\/cs\/wp-json\/wp\/v2\/product_tag?post=6164"}],"curies":[{"name":"wp","href":"https:\/\/api.w.org\/{rel}","templated":true}]}}