{"id":6159,"date":"2024-10-28T14:43:01","date_gmt":"2024-10-28T13:43:01","guid":{"rendered":"https:\/\/ventex.pl\/produkt\/plenum-pro-lakovani-1500-x-1500-pn1515\/"},"modified":"2024-10-28T14:43:01","modified_gmt":"2024-10-28T13:43:01","slug":"plenum-pro-lakovani-1500-x-1500-pn1515","status":"publish","type":"product","link":"https:\/\/ventex.pl\/cs\/produkt\/plenum-pro-lakovani-1500-x-1500-pn1515\/","title":{"rendered":"Plenum pro lakov\u00e1n\u00ed 1500 x 1500 &#8211; PN1515"},"content":{"rendered":"<p>Celkov\u00e9 rozm\u011bry: 1500 x 1500 x 350 mm<br \/>Filtra\u010dn\u00ed plocha: 1500 x 1500 mm<br \/>Materi\u00e1l: \u017d\u00e1rov\u011b pozinkovan\u00fd plech \/ pr\u00e1\u0161kov\u011b lakovan\u00fd<br \/>Tlou\u0161\u0165ka materi\u00e1lu: 1 mm<\/p>\n<p>&nbsp;<\/p>\n","protected":false},"excerpt":{"rendered":"<p>Plenum pro lakov\u00e1n\u00ed 1500&#215;1500 \u2013 PN1515 zna\u010dky VENTEX je kl\u00ed\u010dov\u00fdm prvkem syst\u00e9mu p\u0159\u00edvodu vzduchu do lakovny, navr\u017een\u00fdm pro rovnom\u011brn\u00e9 rozpt\u00fdlen\u00ed \u010derstv\u00e9ho, filtrovan\u00e9ho vzduchu po cel\u00e9 pracovn\u00ed m\u00edstnosti. D\u00edky sv\u00e9 pokro\u010dil\u00e9 konstrukci zaji\u0161\u0165uje tento lakovac\u00ed ventil\u00e1tor optim\u00e1ln\u00ed pracovn\u00ed podm\u00ednky, zlep\u0161uje kvalitu lakov\u00e1n\u00ed a zvy\u0161uje bezpe\u010dnost u\u017eivatel\u016f. Speci\u00e1ln\u011b navr\u017een\u00e9 kan\u00e1ly a syst\u00e9m distribuce vzduchu umo\u017e\u0148uj\u00ed rovnom\u011brn\u00fd proud vzduchu po cel\u00e9 lakovac\u00ed plo\u0161e, co\u017e eliminuje turbulence a minimalizuje riziko usazov\u00e1n\u00ed prachu. Ventil\u00e1tor do lakovny VENTEX PN1515 je ide\u00e1ln\u00ed pro lakovny, automobilov\u00e9 tov\u00e1rny, v\u00fdrobu n\u00e1bytku a dal\u0161\u00ed odv\u011btv\u00ed, kter\u00e1 vy\u017eaduj\u00ed p\u0159esn\u00e9 lakov\u00e1n\u00ed.   <\/p>\n<p>V\u00fdhody p\u0159\u00edvodn\u00edho pl\u00e9na VENTEX:<br \/>\n&#8211; Regulace proud\u011bn\u00ed vzduchu: P\u0159\u00edvod vzduchu do lakovny zaji\u0161\u0165uje rovnom\u011brn\u00e9 p\u0159\u00edvod \u010derstv\u00e9ho vzduchu a zabra\u0148uje turbulenc\u00edm, kter\u00e9 by mohly naru\u0161it proces lakov\u00e1n\u00ed.<br \/>\n&#8211; Zaji\u0161t\u011bn\u00ed \u010dist\u00e9ho pracovn\u00edho prost\u0159ed\u00ed: \u00da\u010dinn\u011b odstra\u0148uje prach, v\u00fdpary z lak\u016f a jin\u00e9 ne\u010distoty z m\u00edstnosti.<br \/>\n&#8211; Optimalizace teploty a vlhkosti: Pom\u00e1h\u00e1 udr\u017eovat stabiln\u00ed podm\u00ednky, kter\u00e9 jsou kl\u00ed\u010dov\u00e9 pro proces lakov\u00e1n\u00ed a schnut\u00ed barev.<br \/>\n&#8211; Zlep\u0161en\u00ed kvality lakov\u00e1n\u00ed: Rovnom\u011brn\u00fd p\u0159\u00edvod \u010derstv\u00e9ho vzduchu podporuje lep\u0161\u00ed usazov\u00e1n\u00ed barvy a laku na povrchu, co\u017e m\u00e1 vliv na dokonal\u00fd povrch a rovnom\u011brnost n\u00e1t\u011bru.<br \/>\nV sad\u011b s p\u0159\u00edvodn\u00edm plenem VENTEX PN1515 obdr\u017e\u00edte:<br \/>\n&#8211; Ventil\u00e1tor<br \/>\n&#8211; Ovl\u00e1dac\u00ed sk\u0159\u00ed\u0148ka<br \/>\n&#8211; Sada filtr\u016f umo\u017e\u0148uj\u00edc\u00edch okam\u017eit\u00e9 zah\u00e1jen\u00ed pr\u00e1ce<br \/>\n&#8211; Kompletn\u00ed dokumentaci (n\u00e1vod k obsluze, prohl\u00e1\u0161en\u00ed o shod\u011b, typov\u00fd \u0161t\u00edtek)<\/p>\n","protected":false},"featured_media":5240,"comment_status":"open","ping_status":"closed","template":"","meta":[],"product_brand":[],"product_cat":[614],"product_tag":[616,615,632,633,619,618,617],"class_list":{"0":"post-6159","1":"product","2":"type-product","3":"status-publish","4":"has-post-thumbnail","6":"product_cat-plena-privodni","7":"product_tag-instalace-privodu-vzduchu-do-lakovny","8":"product_tag-lakyrnicky-ventilator","9":"product_tag-lakyrnicky-ventilator-1500-x-1500","10":"product_tag-plenum-pro-lakovani-1500-x-1500-pn1515","11":"product_tag-plenum-pro-privod-vzduchu","12":"product_tag-ventilation-system-for-paint-shops","13":"product_tag-vzduchotechnika-pro-lakovny","15":"first","16":"instock","17":"shipping-taxable","18":"product-type-simple"},"_links":{"self":[{"href":"https:\/\/ventex.pl\/cs\/wp-json\/wp\/v2\/product\/6159","targetHints":{"allow":["GET"]}}],"collection":[{"href":"https:\/\/ventex.pl\/cs\/wp-json\/wp\/v2\/product"}],"about":[{"href":"https:\/\/ventex.pl\/cs\/wp-json\/wp\/v2\/types\/product"}],"replies":[{"embeddable":true,"href":"https:\/\/ventex.pl\/cs\/wp-json\/wp\/v2\/comments?post=6159"}],"wp:featuredmedia":[{"embeddable":true,"href":"https:\/\/ventex.pl\/cs\/wp-json\/wp\/v2\/media\/5240"}],"wp:attachment":[{"href":"https:\/\/ventex.pl\/cs\/wp-json\/wp\/v2\/media?parent=6159"}],"wp:term":[{"taxonomy":"product_brand","embeddable":true,"href":"https:\/\/ventex.pl\/cs\/wp-json\/wp\/v2\/product_brand?post=6159"},{"taxonomy":"product_cat","embeddable":true,"href":"https:\/\/ventex.pl\/cs\/wp-json\/wp\/v2\/product_cat?post=6159"},{"taxonomy":"product_tag","embeddable":true,"href":"https:\/\/ventex.pl\/cs\/wp-json\/wp\/v2\/product_tag?post=6159"}],"curies":[{"name":"wp","href":"https:\/\/api.w.org\/{rel}","templated":true}]}}