{"id":6158,"date":"2024-10-28T14:47:03","date_gmt":"2024-10-28T13:47:03","guid":{"rendered":"https:\/\/ventex.pl\/produkt\/plenum-pro-lakovani-2000-x-1000-pn2010\/"},"modified":"2024-10-28T14:47:03","modified_gmt":"2024-10-28T13:47:03","slug":"plenum-pro-lakovani-2000-x-1000-pn2010","status":"publish","type":"product","link":"https:\/\/ventex.pl\/cs\/produkt\/plenum-pro-lakovani-2000-x-1000-pn2010\/","title":{"rendered":"Plenum pro lakov\u00e1n\u00ed 2000 x 1000 &#8211; PN2010"},"content":{"rendered":"<p>Celkov\u00e9 rozm\u011bry: 2000 x 1000 x 350 mm<br \/>Filtra\u010dn\u00ed plocha: 2000 x 1000 mm<br \/>Materi\u00e1l: \u017d\u00e1rov\u011b pozinkovan\u00fd plech \/ pr\u00e1\u0161kov\u011b lakovan\u00fd<br \/>Tlou\u0161\u0165ka materi\u00e1lu: 1 mm<\/p>\n","protected":false},"excerpt":{"rendered":"<p>Ventila\u010dn\u00ed pl\u00e9num VENTEX PN2010 je kl\u00ed\u010dov\u00fdm prvkem ventila\u010dn\u00edho syst\u00e9mu pro lakovny, jeho\u017e hlavn\u00ed \u00falohou je rovnom\u011brn\u00e9 rozptylov\u00e1n\u00ed filtrovan\u00e9ho vzduchu v lakovn\u00e1ch, \u010d\u00edm\u017e vytv\u00e1\u0159\u00ed stabiln\u00ed a bezpe\u010dn\u00e9 pracovn\u00ed podm\u00ednky. D\u00edky sv\u00e9 pokro\u010dil\u00e9 konstrukci zaru\u010duje tento lakovac\u00ed difuzor optim\u00e1ln\u00ed podm\u00ednky pro lakov\u00e1n\u00ed, \u010d\u00edm\u017e p\u0159isp\u00edv\u00e1 ke zv\u00fd\u0161en\u00ed kvality povrchov\u00e9 \u00fapravy a ochran\u011b u\u017eivatel\u016f. Speci\u00e1ln\u011b navr\u017een\u00e9 kan\u00e1ly a jedine\u010dn\u00fd syst\u00e9m distribuce vzduchu zaji\u0161\u0165uj\u00ed jeho rovnom\u011brn\u00fd proud po cel\u00e9 lakovac\u00ed plo\u0161e, \u010d\u00edm\u017e eliminuj\u00ed turbulence a omezuj\u00ed usazov\u00e1n\u00ed prachu. Ventila\u010dn\u00ed syst\u00e9m pro lakovny VENTEX PN2010 se osv\u011bd\u010duje jak v lakovn\u00e1ch, automobilov\u00fdch tov\u00e1rn\u00e1ch, p\u0159i v\u00fdrob\u011b n\u00e1bytku, tak v\u0161ude tam, kde je p\u0159esn\u00e9 lakov\u00e1n\u00ed kl\u00ed\u010dov\u00e9.   <\/p>\n<p>Pro pot\u0159eby kompaktn\u011bj\u0161\u00edch instalac\u00ed p\u0159\u00edvodu vzduchu do lakoven nab\u00edz\u00ed spole\u010dnost VENTEX tak\u00e9 model Plenum pro p\u0159\u00edvod vzduchu do lakoven 1500&#215;1500 \u2013 PN1515, kter\u00fd je ide\u00e1ln\u00ed pro men\u0161\u00ed pracovn\u00ed prostory.<\/p>\n<p>V\u00fdhody p\u0159\u00edvodn\u00edho vzduchov\u00e9ho komory VENTEX:<\/p>\n<p>&#8211; Kontrola proud\u011bn\u00ed vzduchu: P\u0159\u00edvod vzduchu do lakovny zaji\u0161\u0165uje rovnom\u011brn\u00fd p\u0159\u00edsun \u010derstv\u00e9ho vzduchu a zabra\u0148uje turbulenc\u00edm, kter\u00e9 by mohly naru\u0161it proces lakov\u00e1n\u00ed.<br \/>\n&#8211; Zaji\u0161t\u011bn\u00ed \u010dist\u00e9ho pracovn\u00edho prost\u0159ed\u00ed: Pom\u00e1h\u00e1 odstra\u0148ovat prach, v\u00fdpary z lak\u016f a jin\u00e9 ne\u010distoty z m\u00edstnosti.<br \/>\n&#8211; Optimalizace teploty a vlhkosti: Pom\u00e1h\u00e1 udr\u017eovat st\u00e1l\u00e9 podm\u00ednky, co\u017e je kl\u00ed\u010dov\u00e9 pro kvalitu procesu lakov\u00e1n\u00ed a schnut\u00ed barev.<br \/>\n&#8211; Zlep\u0161en\u00ed kvality lakov\u00e1n\u00ed: Konstantn\u00ed a rovnom\u011brn\u00fd p\u0159\u00edvod \u010derstv\u00e9ho vzduchu se prom\u00edt\u00e1 do lep\u0161\u00edho usazov\u00e1n\u00ed barvy a laku na povrchu, co\u017e m\u00e1 vliv na dokonal\u00fd povrch a rovnom\u011brnost n\u00e1t\u011bru.<br \/>\nV kompletu s p\u0159\u00edvodn\u00ed komorou VENTEX PN2010 obdr\u017e\u00edte:<\/p>\n<p>&#8211; Ventil\u00e1tor<br \/>\n&#8211; Ovl\u00e1dac\u00ed sk\u0159\u00ed\u0148<br \/>\n&#8211; Sada filtr\u016f umo\u017e\u0148uj\u00edc\u00ed okam\u017eit\u00e9 uveden\u00ed do provozu<br \/>\n&#8211; Kompletn\u00ed dokumentace (n\u00e1vod k obsluze, prohl\u00e1\u0161en\u00ed o shod\u011b, typov\u00fd \u0161t\u00edtek)<\/p>\n","protected":false},"featured_media":5245,"comment_status":"open","ping_status":"closed","template":"","meta":[],"product_brand":[],"product_cat":[614],"product_tag":[616,615,632,633,619,618,617],"class_list":{"0":"post-6158","1":"product","2":"type-product","3":"status-publish","4":"has-post-thumbnail","6":"product_cat-plena-privodni","7":"product_tag-instalace-privodu-vzduchu-do-lakovny","8":"product_tag-lakyrnicky-ventilator","9":"product_tag-lakyrnicky-ventilator-1500-x-1500","10":"product_tag-plenum-pro-lakovani-1500-x-1500-pn1515","11":"product_tag-plenum-pro-privod-vzduchu","12":"product_tag-ventilation-system-for-paint-shops","13":"product_tag-vzduchotechnika-pro-lakovny","15":"first","16":"instock","17":"shipping-taxable","18":"product-type-simple"},"_links":{"self":[{"href":"https:\/\/ventex.pl\/cs\/wp-json\/wp\/v2\/product\/6158","targetHints":{"allow":["GET"]}}],"collection":[{"href":"https:\/\/ventex.pl\/cs\/wp-json\/wp\/v2\/product"}],"about":[{"href":"https:\/\/ventex.pl\/cs\/wp-json\/wp\/v2\/types\/product"}],"replies":[{"embeddable":true,"href":"https:\/\/ventex.pl\/cs\/wp-json\/wp\/v2\/comments?post=6158"}],"wp:featuredmedia":[{"embeddable":true,"href":"https:\/\/ventex.pl\/cs\/wp-json\/wp\/v2\/media\/5245"}],"wp:attachment":[{"href":"https:\/\/ventex.pl\/cs\/wp-json\/wp\/v2\/media?parent=6158"}],"wp:term":[{"taxonomy":"product_brand","embeddable":true,"href":"https:\/\/ventex.pl\/cs\/wp-json\/wp\/v2\/product_brand?post=6158"},{"taxonomy":"product_cat","embeddable":true,"href":"https:\/\/ventex.pl\/cs\/wp-json\/wp\/v2\/product_cat?post=6158"},{"taxonomy":"product_tag","embeddable":true,"href":"https:\/\/ventex.pl\/cs\/wp-json\/wp\/v2\/product_tag?post=6158"}],"curies":[{"name":"wp","href":"https:\/\/api.w.org\/{rel}","templated":true}]}}