{"id":6152,"date":"2024-10-28T16:09:20","date_gmt":"2024-10-28T15:09:20","guid":{"rendered":"https:\/\/ventex.pl\/produkt\/plenum-pro-lakovani-3000-x-3000-pn3030\/"},"modified":"2024-10-28T16:09:20","modified_gmt":"2024-10-28T15:09:20","slug":"plenum-pro-lakovani-3000-x-3000-pn3030","status":"publish","type":"product","link":"https:\/\/ventex.pl\/cs\/produkt\/plenum-pro-lakovani-3000-x-3000-pn3030\/","title":{"rendered":"Plenum pro lakov\u00e1n\u00ed 3000 x 3000 &#8211; PN3030"},"content":{"rendered":"<p>Celkov\u00e9 rozm\u011bry: 3000 x 3000 x 350 mm<br \/>Filtra\u010dn\u00ed plocha: 3000 x 3000 mm<br \/>Materi\u00e1l: \u017d\u00e1rov\u011b pozinkovan\u00fd plech \/ pr\u00e1\u0161kov\u011b lakovan\u00fd<br \/>Tlou\u0161\u0165ka materi\u00e1lu: 1 mm<\/p>\n<p>&nbsp;<\/p>\n","protected":false},"excerpt":{"rendered":"<p>Plenum VENTEX PN3030 je kl\u00ed\u010dov\u00fdm prvkem ventila\u010dn\u00edho syst\u00e9mu pou\u017e\u00edvan\u00e9ho v lakovn\u00e1ch, jeho\u017e hlavn\u00edm \u00fakolem je rovnom\u011brn\u00e9 rozptylov\u00e1n\u00ed \u010derstv\u00e9ho, filtrovan\u00e9ho vzduchu po cel\u00e9 pracovn\u00ed m\u00edstnosti. D\u00edky sv\u00e9 pokro\u010dil\u00e9 konstrukci zaji\u0161\u0165uje plenum optim\u00e1ln\u00ed pracovn\u00ed podm\u00ednky, zlep\u0161uje kvalitu lakov\u00e1n\u00ed a bezpe\u010dnost u\u017eivatel\u016f. Speci\u00e1ln\u011b navr\u017een\u00e9 kan\u00e1ly a syst\u00e9m distribuce vzduchu zaji\u0161\u0165uj\u00ed jeho rovnom\u011brn\u00fd proud po cel\u00e9 lakovac\u00ed plo\u0161e, co\u017e eliminuje turbulence a minimalizuje riziko usazov\u00e1n\u00ed prachu. Skv\u011ble se osv\u011bd\u010duje v lakovn\u00e1ch, automobilov\u00fdch tov\u00e1rn\u00e1ch, p\u0159i v\u00fdrob\u011b n\u00e1bytku a v dal\u0161\u00edch odv\u011btv\u00edch vy\u017eaduj\u00edc\u00edch p\u0159esn\u00e9 lakov\u00e1n\u00ed.   <\/p>\n<p><strong> <\/strong><\/p>\n<p><strong>V\u00fdhody p\u0159\u00edvodn\u00edho vzduchov\u00e9ho komory VENTEX:<\/strong><\/p>\n<ul>\n<li>Regulace pr\u016ftoku vzduchu \u2013 dod\u00e1v\u00e1 \u010derstv\u00fd vzduch rovnom\u011brn\u00fdm zp\u016fsobem, aby se zabr\u00e1nilo turbulenc\u00edm, kter\u00e9 by mohly naru\u0161it proces lakov\u00e1n\u00ed.<\/li>\n<li>Zaji\u0161t\u011bn\u00ed \u010dist\u00e9ho pracovn\u00edho prost\u0159ed\u00ed \u2013 pom\u00e1h\u00e1 odstra\u0148ovat prach, v\u00fdpary z lak\u016f a jin\u00e9 ne\u010distoty z m\u00edstnosti.<\/li>\n<li>Optimalizace teploty a vlhkosti \u2013 m\u016f\u017ee napom\u00e1hat udr\u017eov\u00e1n\u00ed st\u00e1l\u00fdch podm\u00ednek, co\u017e je kl\u00ed\u010dov\u00e9 pro kvalitu procesu lakov\u00e1n\u00ed a schnut\u00ed barev.<\/li>\n<li>Zlep\u0161en\u00ed kvality lakov\u00e1n\u00ed \u2013 st\u00e1l\u00fd a rovnom\u011brn\u00fd p\u0159\u00edvod \u010derstv\u00e9ho vzduchu se prom\u00edt\u00e1 do lep\u0161\u00edho usazov\u00e1n\u00ed barvy a laku na povrchu, co\u017e m\u00e1 vliv na dokonal\u00fd povrch a rovnom\u011brnost n\u00e1t\u011bru.<\/li>\n<\/ul>\n<p>&nbsp;<\/p>\n<p><strong>V sad\u011b s p\u0159\u00edvodn\u00edm plenem VENTEX PN3030 obdr\u017e\u00edte:<\/strong><\/p>\n<p>&#8211; Ventil\u00e1tor<\/p>\n<p>&#8211; Ovl\u00e1dac\u00ed sk\u0159\u00ed\u0148ka<\/p>\n<p>&#8211; Sada filtr\u016f umo\u017e\u0148uj\u00edc\u00edch okam\u017eit\u00e9 zah\u00e1jen\u00ed pr\u00e1ce<\/p>\n<p>&#8211; Kompletn\u00ed dokumentaci (n\u00e1vod k obsluze, prohl\u00e1\u0161en\u00ed o shod\u011b, typov\u00fd \u0161t\u00edtek)<\/p>\n","protected":false},"featured_media":5286,"comment_status":"open","ping_status":"closed","template":"","meta":[],"product_brand":[],"product_cat":[614],"product_tag":[616,615,623,622,619,618,617],"class_list":{"0":"post-6152","1":"product","2":"type-product","3":"status-publish","4":"has-post-thumbnail","6":"product_cat-plena-privodni","7":"product_tag-instalace-privodu-vzduchu-do-lakovny","8":"product_tag-lakyrnicky-ventilator","9":"product_tag-lakyrnicky-ventilator-3000-x-3000","10":"product_tag-plenum-pro-lakovani-3000-x-3000-pn3030","11":"product_tag-plenum-pro-privod-vzduchu","12":"product_tag-ventilation-system-for-paint-shops","13":"product_tag-vzduchotechnika-pro-lakovny","15":"first","16":"instock","17":"shipping-taxable","18":"product-type-simple"},"_links":{"self":[{"href":"https:\/\/ventex.pl\/cs\/wp-json\/wp\/v2\/product\/6152","targetHints":{"allow":["GET"]}}],"collection":[{"href":"https:\/\/ventex.pl\/cs\/wp-json\/wp\/v2\/product"}],"about":[{"href":"https:\/\/ventex.pl\/cs\/wp-json\/wp\/v2\/types\/product"}],"replies":[{"embeddable":true,"href":"https:\/\/ventex.pl\/cs\/wp-json\/wp\/v2\/comments?post=6152"}],"wp:featuredmedia":[{"embeddable":true,"href":"https:\/\/ventex.pl\/cs\/wp-json\/wp\/v2\/media\/5286"}],"wp:attachment":[{"href":"https:\/\/ventex.pl\/cs\/wp-json\/wp\/v2\/media?parent=6152"}],"wp:term":[{"taxonomy":"product_brand","embeddable":true,"href":"https:\/\/ventex.pl\/cs\/wp-json\/wp\/v2\/product_brand?post=6152"},{"taxonomy":"product_cat","embeddable":true,"href":"https:\/\/ventex.pl\/cs\/wp-json\/wp\/v2\/product_cat?post=6152"},{"taxonomy":"product_tag","embeddable":true,"href":"https:\/\/ventex.pl\/cs\/wp-json\/wp\/v2\/product_tag?post=6152"}],"curies":[{"name":"wp","href":"https:\/\/api.w.org\/{rel}","templated":true}]}}