{"id":6150,"date":"2024-10-26T17:59:43","date_gmt":"2024-10-26T15:59:43","guid":{"rendered":"https:\/\/ventex.pl\/produkt\/podlahovy-odsavac-3000-x-3000-pd3030\/"},"modified":"2024-10-26T17:59:43","modified_gmt":"2024-10-26T15:59:43","slug":"podlahovy-odsavac-3000-x-3000-pd3030","status":"publish","type":"product","link":"https:\/\/ventex.pl\/cs\/produkt\/podlahovy-odsavac-3000-x-3000-pd3030\/","title":{"rendered":"Podlahov\u00fd ods\u00e1va\u010d 3000 x 3000 \u2013 PD3030"},"content":{"rendered":"<p>Celkov\u00e9 rozm\u011bry: 3850 x 3090 x 200 mm<br \/>Filtra\u010dn\u00ed plocha: 3000 x 3000 mm<br \/>Materi\u00e1l: \u017d\u00e1rov\u011b pozinkovan\u00fd plech \/ pr\u00e1\u0161kov\u011b lakovan\u00fd<br \/>Tlou\u0161\u0165ka materi\u00e1lu: 1,5 &#8211; 2 mm<\/p>\n","protected":false},"excerpt":{"rendered":"<p>Podlahov\u00fd ods\u00e1va\u010d VENTEX PD3030 je sou\u010d\u00e1st\u00ed ventila\u010dn\u00edho syst\u00e9mu, kter\u00fd odstra\u0148uje ne\u010distoty, prach, v\u00fdpary a lakovou mlhu ze spodn\u00ed \u010d\u00e1sti m\u00edstnosti. Jeho hlavn\u00edm \u00fakolem je udr\u017eovat \u010distotu vzduchu na pracovn\u00ed \u00farovni, co\u017e m\u00e1 vliv na kvalitu pr\u00e1ce a bezpe\u010dnost u\u017eivatel\u016f. Funguje na principu ods\u00e1v\u00e1n\u00ed ne\u010distot sm\u011brem dol\u016f, co\u017e zabra\u0148uje jejich vzn\u00e1\u0161en\u00ed se a usazov\u00e1n\u00ed na lakovan\u00fdch povr\u0161\u00edch. Podlahov\u00fd ods\u00e1vac\u00ed syst\u00e9m ve form\u011b podesty je \u0159e\u0161en\u00edm, kter\u00e9 se ide\u00e1ln\u011b hod\u00ed do nov\u011b postaven\u00fdch v\u00fdrobn\u00edch hal a do pronajat\u00fdch hal. Konstrukce byla navr\u017eena tak, aby nezasahovala do struktury m\u00edstnosti, a d\u00edky modul\u00e1rn\u00ed struktu\u0159e umo\u017e\u0148uje pozd\u011bj\u0161\u00ed propojen\u00ed s na\u0161imi lakovac\u00edmi st\u011bnami.   <\/p>\n<p>&nbsp;<\/p>\n<p><strong>V\u00fdhody podlahov\u00e9ho ods\u00e1v\u00e1n\u00ed VENTEX:<\/strong><\/p>\n<ul>\n<li>Odstra\u0148ov\u00e1n\u00ed prachu a v\u00fdpar\u016f \u2013 \u00fa\u010dinn\u011b ods\u00e1v\u00e1 \u010d\u00e1stice laku, barvy a dal\u0161\u00edch \u0161kodliv\u00fdch l\u00e1tek, kter\u00e9 se hromad\u00ed p\u0159i lakov\u00e1n\u00ed.<\/li>\n<li>Zlep\u0161en\u00ed kvality lakov\u00e1n\u00ed \u2013 zabra\u0148uje usazov\u00e1n\u00ed ne\u010distot na \u010derstv\u011b nat\u0159en\u00fdch povr\u0161\u00edch, co\u017e vede k lep\u0161\u00edm kone\u010dn\u00fdm v\u00fdsledk\u016fm.<\/li>\n<li>Bezpe\u010dnost \u2013 sni\u017euje riziko vdechov\u00e1n\u00ed \u0161kodliv\u00fdch v\u00fdpar\u016f zam\u011bstnanci a zaji\u0161\u0165uje \u010dist\u00fd vzduch.<\/li>\n<li>\u00da\u010dinn\u00e9 ods\u00e1v\u00e1n\u00ed \u2013 proto\u017ee syst\u00e9m ods\u00e1v\u00e1 ne\u010distoty z podlahy, je obzvl\u00e1\u0161t\u011b \u00fa\u010dinn\u00fd p\u0159i zabra\u0148ov\u00e1n\u00ed op\u011btovn\u00e9mu v\u00ed\u0159en\u00ed prachu.<\/li>\n<\/ul>\n","protected":false},"featured_media":5149,"comment_status":"open","ping_status":"closed","template":"","meta":[],"product_brand":[],"product_cat":[601],"product_tag":[603,604,605,606,602,613,612],"class_list":{"0":"post-6150","1":"product","2":"type-product","3":"status-publish","4":"has-post-thumbnail","6":"product_cat-podlahove-odtahy","7":"product_tag-odsuvacia-podlaha","8":"product_tag-odtahova-plosina","9":"product_tag-podlahove-odsavaci-systemy-pro-brouseni","10":"product_tag-podlahove-odsavaci-systemy-pro-lakovani","11":"product_tag-podlahovy-odsavac","12":"product_tag-podlahovy-odsavac-3000-x-3000","13":"product_tag-podlahovy-odsavac-3000-x-3000-pd3030","15":"first","16":"instock","17":"shipping-taxable","18":"product-type-simple"},"_links":{"self":[{"href":"https:\/\/ventex.pl\/cs\/wp-json\/wp\/v2\/product\/6150","targetHints":{"allow":["GET"]}}],"collection":[{"href":"https:\/\/ventex.pl\/cs\/wp-json\/wp\/v2\/product"}],"about":[{"href":"https:\/\/ventex.pl\/cs\/wp-json\/wp\/v2\/types\/product"}],"replies":[{"embeddable":true,"href":"https:\/\/ventex.pl\/cs\/wp-json\/wp\/v2\/comments?post=6150"}],"wp:featuredmedia":[{"embeddable":true,"href":"https:\/\/ventex.pl\/cs\/wp-json\/wp\/v2\/media\/5149"}],"wp:attachment":[{"href":"https:\/\/ventex.pl\/cs\/wp-json\/wp\/v2\/media?parent=6150"}],"wp:term":[{"taxonomy":"product_brand","embeddable":true,"href":"https:\/\/ventex.pl\/cs\/wp-json\/wp\/v2\/product_brand?post=6150"},{"taxonomy":"product_cat","embeddable":true,"href":"https:\/\/ventex.pl\/cs\/wp-json\/wp\/v2\/product_cat?post=6150"},{"taxonomy":"product_tag","embeddable":true,"href":"https:\/\/ventex.pl\/cs\/wp-json\/wp\/v2\/product_tag?post=6150"}],"curies":[{"name":"wp","href":"https:\/\/api.w.org\/{rel}","templated":true}]}}