{"id":6149,"date":"2024-10-26T18:05:24","date_gmt":"2024-10-26T16:05:24","guid":{"rendered":"https:\/\/ventex.pl\/produkt\/podlahovy-odsavac-3000-x-4000-pd4030\/"},"modified":"2024-10-26T18:05:24","modified_gmt":"2024-10-26T16:05:24","slug":"podlahovy-odsavac-3000-x-4000-pd4030","status":"publish","type":"product","link":"https:\/\/ventex.pl\/cs\/produkt\/podlahovy-odsavac-3000-x-4000-pd4030\/","title":{"rendered":"Podlahov\u00fd ods\u00e1va\u010d 3000 x 4000 \u2013 PD4030"},"content":{"rendered":"<p><strong>Wymiar ca\u0142kowity: 3850 x 4090 x 200 mm<\/strong><\/p>\n<p><strong>Powierzchnia filtracyjna: 3000 x 4000 mm<\/strong><\/p>\n<p><strong>Materia\u0142: Blacha ocynkowana ogniowo \/ lakierowane proszkowo<\/strong><\/p>\n<p><strong>Grubo\u015b\u0107 materia\u0142u: 1,5 &#8211; 2 mm<\/strong><\/p>\n","protected":false},"excerpt":{"rendered":"<p>Le syst\u00e8me d&#8217;aspiration au sol VENTEX PD4030 est un \u00e9l\u00e9ment du syst\u00e8me de ventilation qui \u00e9limine les impuret\u00e9s, les poussi\u00e8res, les vapeurs et les brouillards de peinture de la partie inf\u00e9rieure de la pi\u00e8ce. Sa t\u00e2che principale est de maintenir la propret\u00e9 de l&#8217;air au niveau de travail, ce qui influe sur la qualit\u00e9 du travail et la s\u00e9curit\u00e9 des utilisateurs. Il fonctionne en aspirant les impuret\u00e9s vers le bas, ce qui emp\u00eache leur dispersion et leur d\u00e9p\u00f4t sur les surfaces peintes. L&#8217;aspiration au sol sous forme de plate-forme est une solution qui convient parfaitement aux halls de production nouvellement construits et \u00e0 ceux qui sont lou\u00e9s. La structure a \u00e9t\u00e9 con\u00e7ue de mani\u00e8re \u00e0 ne pas interf\u00e9rer avec la structure de la pi\u00e8ce et, gr\u00e2ce \u00e0 sa structure modulaire, elle peut \u00eatre raccord\u00e9e ult\u00e9rieurement \u00e0 nos cloisons de peinture.   <\/p>\n<p>&nbsp;<\/p>\n<p><strong>V\u00fdhody podlahov\u00e9ho ods\u00e1v\u00e1n\u00ed VENTEX:<\/strong><\/p>\n<ul>\n<li>Odstra\u0148ov\u00e1n\u00ed prachu a v\u00fdpar\u016f \u2013 \u00fa\u010dinn\u011b ods\u00e1v\u00e1 \u010d\u00e1stice laku, barvy a dal\u0161\u00edch \u0161kodliv\u00fdch l\u00e1tek, kter\u00e9 se hromad\u00ed p\u0159i lakov\u00e1n\u00ed.<\/li>\n<li>Zlep\u0161en\u00ed kvality lakov\u00e1n\u00ed \u2013 zabra\u0148uje usazov\u00e1n\u00ed ne\u010distot na \u010derstv\u011b nat\u0159en\u00fdch povr\u0161\u00edch, co\u017e vede k lep\u0161\u00edm kone\u010dn\u00fdm v\u00fdsledk\u016fm.<\/li>\n<li>Bezpe\u010dnost \u2013 sni\u017euje riziko vdechov\u00e1n\u00ed \u0161kodliv\u00fdch v\u00fdpar\u016f zam\u011bstnanci a zaji\u0161\u0165uje \u010dist\u00fd vzduch.<\/li>\n<li>\u00da\u010dinn\u00e9 ods\u00e1v\u00e1n\u00ed \u2013 proto\u017ee syst\u00e9m ods\u00e1v\u00e1 ne\u010distoty z podlahy, je obzvl\u00e1\u0161t\u011b \u00fa\u010dinn\u00fd p\u0159i zabra\u0148ov\u00e1n\u00ed op\u011btovn\u00e9mu v\u00ed\u0159en\u00ed prachu.<\/li>\n<\/ul>\n","protected":false},"featured_media":5149,"comment_status":"open","ping_status":"closed","template":"","meta":[],"product_brand":[],"product_cat":[601],"product_tag":[603,604,605,606,602,611,610],"class_list":{"0":"post-6149","1":"product","2":"type-product","3":"status-publish","4":"has-post-thumbnail","6":"product_cat-podlahove-odtahy","7":"product_tag-odsuvacia-podlaha","8":"product_tag-odtahova-plosina","9":"product_tag-podlahove-odsavaci-systemy-pro-brouseni","10":"product_tag-podlahove-odsavaci-systemy-pro-lakovani","11":"product_tag-podlahovy-odsavac","12":"product_tag-podlahovy-odsavac-3000-x-4000","13":"product_tag-podlahovy-odsavac-3000-x-4000-pd4030","15":"first","16":"instock","17":"shipping-taxable","18":"product-type-simple"},"_links":{"self":[{"href":"https:\/\/ventex.pl\/cs\/wp-json\/wp\/v2\/product\/6149","targetHints":{"allow":["GET"]}}],"collection":[{"href":"https:\/\/ventex.pl\/cs\/wp-json\/wp\/v2\/product"}],"about":[{"href":"https:\/\/ventex.pl\/cs\/wp-json\/wp\/v2\/types\/product"}],"replies":[{"embeddable":true,"href":"https:\/\/ventex.pl\/cs\/wp-json\/wp\/v2\/comments?post=6149"}],"wp:featuredmedia":[{"embeddable":true,"href":"https:\/\/ventex.pl\/cs\/wp-json\/wp\/v2\/media\/5149"}],"wp:attachment":[{"href":"https:\/\/ventex.pl\/cs\/wp-json\/wp\/v2\/media?parent=6149"}],"wp:term":[{"taxonomy":"product_brand","embeddable":true,"href":"https:\/\/ventex.pl\/cs\/wp-json\/wp\/v2\/product_brand?post=6149"},{"taxonomy":"product_cat","embeddable":true,"href":"https:\/\/ventex.pl\/cs\/wp-json\/wp\/v2\/product_cat?post=6149"},{"taxonomy":"product_tag","embeddable":true,"href":"https:\/\/ventex.pl\/cs\/wp-json\/wp\/v2\/product_tag?post=6149"}],"curies":[{"name":"wp","href":"https:\/\/api.w.org\/{rel}","templated":true}]}}