{"id":6148,"date":"2024-10-31T12:15:01","date_gmt":"2024-10-31T11:15:01","guid":{"rendered":"https:\/\/ventex.pl\/produkt\/podlahovy-odsavac-na-miru-pdz1040\/"},"modified":"2024-10-31T12:15:01","modified_gmt":"2024-10-31T11:15:01","slug":"podlahovy-odsavac-na-miru-pdz1040","status":"publish","type":"product","link":"https:\/\/ventex.pl\/cs\/produkt\/podlahovy-odsavac-na-miru-pdz1040\/","title":{"rendered":"Podlahov\u00fd ods\u00e1va\u010d na m\u00edru &#8211; PDZ1040"},"content":{"rendered":"<p>M\u016f\u017eeme navrhnout a vyrobit v libovoln\u00fdch rozm\u011brech p\u0159izp\u016fsoben\u00fdch individu\u00e1ln\u00edm pot\u0159eb\u00e1m z\u00e1kazn\u00edka.<br \/>Materi\u00e1l: \u017d\u00e1rov\u011b pozinkovan\u00fd plech \/ pozinkovan\u00e9 ocelov\u00e9 profily.<br \/>Tlou\u0161\u0165ka materi\u00e1lu: 1,5 &#8211; 4 mm.<\/p>\n","protected":false},"excerpt":{"rendered":"<p>Podlahov\u00fd ods\u00e1va\u010d VENTEX \u2013 vestavba do podlahy \u2013 je sou\u010d\u00e1st\u00ed ventila\u010dn\u00edho syst\u00e9mu, kter\u00fd odstra\u0148uje ne\u010distoty, prach, v\u00fdpary a lakovac\u00ed mlhu ze spodn\u00ed \u010d\u00e1sti m\u00edstnosti. Jeho hlavn\u00edm \u00fakolem je udr\u017eovat \u010distotu vzduchu na pracovn\u00ed \u00farovni, co\u017e m\u00e1 vliv na kvalitu pr\u00e1ce a bezpe\u010dnost u\u017eivatel\u016f. Funguje na principu ods\u00e1v\u00e1n\u00ed ne\u010distot sm\u011brem dol\u016f, co\u017e zabra\u0148uje jejich vzn\u00e1\u0161en\u00ed se a usazov\u00e1n\u00ed na lakovan\u00fdch povr\u0161\u00edch.<\/p>\n<p>  <\/p>\n<p>&nbsp;<\/p>\n<p><strong>V\u00fdhody podlahov\u00e9ho ods\u00e1v\u00e1n\u00ed VENTEX:<\/strong><\/p>\n<ul>\n<li>Odstra\u0148ov\u00e1n\u00ed prachu a v\u00fdpar\u016f \u2013 \u00fa\u010dinn\u011b ods\u00e1v\u00e1 \u010d\u00e1stice laku, barvy a dal\u0161\u00edch \u0161kodliv\u00fdch l\u00e1tek, kter\u00e9 se hromad\u00ed p\u0159i lakov\u00e1n\u00ed.<\/li>\n<li>Zlep\u0161en\u00ed kvality lakov\u00e1n\u00ed \u2013 zabra\u0148uje usazov\u00e1n\u00ed ne\u010distot na \u010derstv\u011b nat\u0159en\u00fdch povr\u0161\u00edch, co\u017e vede k lep\u0161\u00edm kone\u010dn\u00fdm v\u00fdsledk\u016fm.<\/li>\n<li>Bezpe\u010dnost \u2013 sni\u017euje riziko vdechov\u00e1n\u00ed \u0161kodliv\u00fdch v\u00fdpar\u016f zam\u011bstnanci a zaji\u0161\u0165uje \u010dist\u00fd vzduch.<\/li>\n<li>\u00da\u010dinn\u00e9 ods\u00e1v\u00e1n\u00ed \u2013 proto\u017ee syst\u00e9m ods\u00e1v\u00e1 ne\u010distoty z podlahy, je obzvl\u00e1\u0161t\u011b \u00fa\u010dinn\u00fd p\u0159i zabra\u0148ov\u00e1n\u00ed op\u011btovn\u00e9mu v\u00ed\u0159en\u00ed prachu.<\/li>\n<\/ul>\n","protected":false},"featured_media":5589,"comment_status":"open","ping_status":"closed","template":"","meta":[],"product_brand":[],"product_cat":[601],"product_tag":[603,604,605,606,602,608,607],"class_list":{"0":"post-6148","1":"product","2":"type-product","3":"status-publish","4":"has-post-thumbnail","6":"product_cat-podlahove-odtahy","7":"product_tag-odsuvacia-podlaha","8":"product_tag-odtahova-plosina","9":"product_tag-podlahove-odsavaci-systemy-pro-brouseni","10":"product_tag-podlahove-odsavaci-systemy-pro-lakovani","11":"product_tag-podlahovy-odsavac","12":"product_tag-podlahovy-odsavac-na-miru-pdz1040","13":"product_tag-podlahovy-odtah-na-miru","15":"first","16":"instock","17":"shipping-taxable","18":"product-type-simple"},"_links":{"self":[{"href":"https:\/\/ventex.pl\/cs\/wp-json\/wp\/v2\/product\/6148","targetHints":{"allow":["GET"]}}],"collection":[{"href":"https:\/\/ventex.pl\/cs\/wp-json\/wp\/v2\/product"}],"about":[{"href":"https:\/\/ventex.pl\/cs\/wp-json\/wp\/v2\/types\/product"}],"replies":[{"embeddable":true,"href":"https:\/\/ventex.pl\/cs\/wp-json\/wp\/v2\/comments?post=6148"}],"wp:featuredmedia":[{"embeddable":true,"href":"https:\/\/ventex.pl\/cs\/wp-json\/wp\/v2\/media\/5589"}],"wp:attachment":[{"href":"https:\/\/ventex.pl\/cs\/wp-json\/wp\/v2\/media?parent=6148"}],"wp:term":[{"taxonomy":"product_brand","embeddable":true,"href":"https:\/\/ventex.pl\/cs\/wp-json\/wp\/v2\/product_brand?post=6148"},{"taxonomy":"product_cat","embeddable":true,"href":"https:\/\/ventex.pl\/cs\/wp-json\/wp\/v2\/product_cat?post=6148"},{"taxonomy":"product_tag","embeddable":true,"href":"https:\/\/ventex.pl\/cs\/wp-json\/wp\/v2\/product_tag?post=6148"}],"curies":[{"name":"wp","href":"https:\/\/api.w.org\/{rel}","templated":true}]}}