{"id":5826,"date":"2024-03-23T17:40:20","date_gmt":"2024-03-23T16:40:20","guid":{"rendered":"https:\/\/ventex.pl\/vytapeni-a-ventilace\/"},"modified":"2025-11-21T07:49:13","modified_gmt":"2025-11-21T06:49:13","slug":"vytapeni-a-ventilace","status":"publish","type":"page","link":"https:\/\/ventex.pl\/cs\/vytapeni-a-ventilace\/","title":{"rendered":"VYT\u00c1P\u011aN\u00cd A VENTILACE"},"content":{"rendered":"\t\t<div data-elementor-type=\"wp-page\" data-elementor-id=\"5826\" class=\"elementor elementor-5826 elementor-3228\" data-elementor-post-type=\"page\">\n\t\t\t\t<div class=\"elementor-element elementor-element-b8f4067 e-flex e-con-boxed e-con e-parent\" data-id=\"b8f4067\" data-element_type=\"container\" data-e-type=\"container\" data-settings=\"{&quot;background_background&quot;:&quot;gradient&quot;,&quot;animation&quot;:&quot;none&quot;,&quot;ekit_has_onepagescroll_dot&quot;:&quot;yes&quot;}\">\n\t\t\t\t\t<div class=\"e-con-inner\">\n\t\t\t\t<div class=\"elementor-element elementor-element-00e7677 elementor-widget__width-initial elementor-absolute elementor-widget elementor-widget-image-carousel\" data-id=\"00e7677\" data-element_type=\"widget\" data-e-type=\"widget\" data-settings=\"{&quot;slides_to_show&quot;:&quot;1&quot;,&quot;navigation&quot;:&quot;none&quot;,&quot;lazyload&quot;:&quot;yes&quot;,&quot;_position&quot;:&quot;absolute&quot;,&quot;autoplay_speed&quot;:2000,&quot;autoplay&quot;:&quot;yes&quot;,&quot;pause_on_hover&quot;:&quot;yes&quot;,&quot;pause_on_interaction&quot;:&quot;yes&quot;,&quot;infinite&quot;:&quot;yes&quot;,&quot;effect&quot;:&quot;slide&quot;,&quot;speed&quot;:500,&quot;ekit_we_effect_on&quot;:&quot;none&quot;}\" data-widget_type=\"image-carousel.default\">\n\t\t\t\t<div class=\"elementor-widget-container\">\n\t\t\t\t\t\t\t<div class=\"elementor-image-carousel-wrapper swiper\" role=\"region\" aria-roledescription=\"carousel\" aria-label=\"Obr\u00e1zkov\u00fd koloto\u010d\" dir=\"ltr\">\n\t\t\t<div class=\"elementor-image-carousel swiper-wrapper\" aria-live=\"off\">\n\t\t\t\t\t\t\t\t<div class=\"swiper-slide\" role=\"group\" aria-roledescription=\"slide\" aria-label=\"1 z 3\"><figure class=\"swiper-slide-inner\"><img class=\"swiper-slide-image swiper-lazy\" data-src=\"https:\/\/ventex.pl\/wp-content\/uploads\/2024\/03\/Centrala-Grzewczo-Nawiewna-VENTEX-Bok-Lewy-1-BT-600x398.webp\" alt=\"Centrale grzewczo - nawiewne\" \/><div class=\"swiper-lazy-preloader\"><\/div><\/figure><\/div><div class=\"swiper-slide\" role=\"group\" aria-roledescription=\"slide\" aria-label=\"2 z 3\"><figure class=\"swiper-slide-inner\"><img class=\"swiper-slide-image swiper-lazy\" data-src=\"https:\/\/ventex.pl\/wp-content\/uploads\/2024\/03\/Centrala-Grzewczo-Nawiewna-VENTEX-Bok-Prawy-1-BT-600x398.webp\" alt=\"Centrala Grzewczo -Nawiewna VENTEX - Bok Prawy 1 - BT\" \/><div class=\"swiper-lazy-preloader\"><\/div><\/figure><\/div><div class=\"swiper-slide\" role=\"group\" aria-roledescription=\"slide\" aria-label=\"3 z 3\"><figure class=\"swiper-slide-inner\"><img class=\"swiper-slide-image swiper-lazy\" data-src=\"https:\/\/ventex.pl\/wp-content\/uploads\/2024\/03\/Centrala-Grzewczo-Nawiewna-VENTEX-Przod-BT-600x398.webp\" alt=\"Centrala Grzewczo -Nawiewna VENTEX - Prz\u00f3d - BT\" \/><div class=\"swiper-lazy-preloader\"><\/div><\/figure><\/div>\t\t\t<\/div>\n\t\t\t\t\t\t\t\n\t\t\t\t\t\t\t\t\t<\/div>\n\t\t\t\t\t\t<\/div>\n\t\t\t\t<\/div>\n\t\t\t\t<div class=\"elementor-element elementor-element-3c1f750 elementor-widget__width-initial elementor-invisible elementor-widget elementor-widget-elementskit-heading\" data-id=\"3c1f750\" data-element_type=\"widget\" data-e-type=\"widget\" data-settings=\"{&quot;_animation&quot;:&quot;zoomIn&quot;,&quot;ekit_we_effect_on&quot;:&quot;none&quot;}\" data-widget_type=\"elementskit-heading.default\">\n\t\t\t\t<div class=\"elementor-widget-container\">\n\t\t\t\t\t<div class=\"ekit-wid-con\" ><div class=\"ekit-heading elementskit-section-title-wraper text_right   ekit_heading_tablet-   ekit_heading_mobile-\"><h1 class=\"ekit-heading--title elementskit-section-title \">Vyt\u00e1p\u011bc\u00ed a ventila\u010dn\u00ed \u00fast\u0159edny<\/h1><h2 class=\"ekit-heading--subtitle elementskit-section-subtitle  \">\n\t\t\t\t\t\tnab\u00eddka\n\t\t\t\t\t<\/h2><\/div><\/div>\t\t\t\t<\/div>\n\t\t\t\t<\/div>\n\t\t\t\t\t<\/div>\n\t\t\t\t<\/div>\n\t\t<div class=\"elementor-element elementor-element-9af7cba e-flex e-con-boxed e-con e-parent\" data-id=\"9af7cba\" data-element_type=\"container\" data-e-type=\"container\" data-settings=\"{&quot;background_background&quot;:&quot;classic&quot;,&quot;ekit_has_onepagescroll_dot&quot;:&quot;yes&quot;}\">\n\t\t\t\t\t<div class=\"e-con-inner\">\n\t\t<div class=\"elementor-element elementor-element-e262f60 e-con-full e-flex e-con e-child\" data-id=\"e262f60\" data-element_type=\"container\" data-e-type=\"container\" data-settings=\"{&quot;ekit_has_onepagescroll_dot&quot;:&quot;yes&quot;}\">\n\t\t\t\t<\/div>\n\t\t<div class=\"elementor-element elementor-element-86036bf e-con-full e-flex e-con e-child\" data-id=\"86036bf\" data-element_type=\"container\" data-e-type=\"container\" data-settings=\"{&quot;ekit_has_onepagescroll_dot&quot;:&quot;yes&quot;}\">\n\t\t\t\t<\/div>\n\t\t\t\t\t<\/div>\n\t\t\t\t<\/div>\n\t\t<div class=\"elementor-element elementor-element-5f1ee1d e-flex e-con-boxed e-con e-parent\" data-id=\"5f1ee1d\" data-element_type=\"container\" data-e-type=\"container\" data-settings=\"{&quot;background_background&quot;:&quot;classic&quot;,&quot;ekit_has_onepagescroll_dot&quot;:&quot;yes&quot;}\">\n\t\t\t\t\t<div class=\"e-con-inner\">\n\t\t<div class=\"elementor-element elementor-element-58bf9b6 e-con-full e-flex e-con e-child\" data-id=\"58bf9b6\" data-element_type=\"container\" data-e-type=\"container\" data-settings=\"{&quot;ekit_has_onepagescroll_dot&quot;:&quot;yes&quot;}\">\n\t\t\t\t<div class=\"elementor-element elementor-element-73701c6 elementor-invisible elementor-widget elementor-widget-elementskit-heading\" data-id=\"73701c6\" data-element_type=\"widget\" data-e-type=\"widget\" data-settings=\"{&quot;_animation&quot;:&quot;zoomIn&quot;,&quot;ekit_we_effect_on&quot;:&quot;none&quot;}\" data-widget_type=\"elementskit-heading.default\">\n\t\t\t\t<div class=\"elementor-widget-container\">\n\t\t\t\t\t<div class=\"ekit-wid-con\" ><div class=\"ekit-heading elementskit-section-title-wraper text_center   ekit_heading_tablet-   ekit_heading_mobile-\">\t\t\t\t<span class='ekit-heading__shadow-text'>\n\t\t\t\t\tv\u00fdhody\t\t\t\t<\/span>\n\t\t\t<h2 class=\"ekit-heading--title elementskit-section-title \">O n\u00e1s<\/h2><div class=\"ekit_heading_separetor_wraper ekit_heading_elementskit-border-divider ekit-dotted\"><div class=\"elementskit-border-divider ekit-dotted\"><\/div><\/div><\/div><\/div>\t\t\t\t<\/div>\n\t\t\t\t<\/div>\n\t\t\t\t<div class=\"elementor-element elementor-element-90befe9 elementor-widget elementor-widget-text-editor\" data-id=\"90befe9\" data-element_type=\"widget\" data-e-type=\"widget\" data-settings=\"{&quot;ekit_we_effect_on&quot;:&quot;none&quot;}\" data-widget_type=\"text-editor.default\">\n\t\t\t\t<div class=\"elementor-widget-container\">\n\t\t\t\t\t\t\t\t\t<p align=\"justify\">Topn\u00e9 a ventila\u010dn\u00ed jednotky VENTEX jsou pokro\u010dil\u00e1 za\u0159\u00edzen\u00ed, kter\u00e1 slou\u017e\u00ed k vyt\u00e1p\u011bn\u00ed a v\u011btr\u00e1n\u00ed prostor. D\u00edky vyu\u017eit\u00ed plynu nebo topn\u00e9ho oleje jako paliva zaji\u0161\u0165uje centr\u00e1la efektivn\u00ed a ekonomick\u00fd provoz a umo\u017e\u0148uje udr\u017eovat optim\u00e1ln\u00ed teplotu v lakovn\u011b nebo su\u0161\u00e1rn\u011b. D\u00edky integrovan\u00e9 funkci p\u0159\u00edvodu vzduchu zaji\u0161\u0165uje centr\u00e1la tak\u00e9 \u010derstv\u00fd vzduch v m\u00edstnostech, co\u017e p\u0159isp\u00edv\u00e1 ke zlep\u0161en\u00ed kvality a komfortu u\u017eivatel\u016f. Krom\u011b toho syst\u00e9m regulace provozn\u00edch parametr\u016f centr\u00e1ly umo\u017e\u0148uje p\u0159izp\u016fsobit teplotu a intenzitu p\u0159\u00edvodu vzduchu individu\u00e1ln\u00edm preferenc\u00edm. D\u00edky sv\u00e9 robustn\u00ed konstrukci a vysok\u00e9mu v\u00fdkonu zaru\u010duje topn\u00e1 a ventila\u010dn\u00ed centr\u00e1la spolehlivost a dlouhodob\u00fd provoz, co\u017e z n\u00ed \u010din\u00ed ide\u00e1ln\u00ed \u0159e\u0161en\u00ed pro ka\u017edou lakovnu nebo su\u0161\u00e1rnu, kter\u00e1 vy\u017eaduje komplexn\u00ed syst\u00e9m vyt\u00e1p\u011bn\u00ed a v\u011btr\u00e1n\u00ed.<br><br><br>    <\/p>\t\t\t\t\t\t\t\t<\/div>\n\t\t\t\t<\/div>\n\t\t\t\t<\/div>\n\t\t<div class=\"elementor-element elementor-element-04dd260 e-con-full e-flex e-con e-child\" data-id=\"04dd260\" data-element_type=\"container\" data-e-type=\"container\" data-settings=\"{&quot;ekit_has_onepagescroll_dot&quot;:&quot;yes&quot;}\">\n\t\t\t\t<div class=\"elementor-element elementor-element-5b73b30 elementor-invisible elementor-widget elementor-widget-elementskit-heading\" data-id=\"5b73b30\" data-element_type=\"widget\" data-e-type=\"widget\" data-settings=\"{&quot;_animation&quot;:&quot;zoomIn&quot;,&quot;ekit_we_effect_on&quot;:&quot;none&quot;}\" data-widget_type=\"elementskit-heading.default\">\n\t\t\t\t<div class=\"elementor-widget-container\">\n\t\t\t\t\t<div class=\"ekit-wid-con\" ><div class=\"ekit-heading elementskit-section-title-wraper text_center   ekit_heading_tablet-   ekit_heading_mobile-\">\t\t\t\t<span class='ekit-heading__shadow-text'>\n\t\t\t\t\tbudowa\t\t\t\t<\/span>\n\t\t\t<h2 class=\"ekit-heading--title elementskit-section-title \">Z \u010deho se skl\u00e1d\u00e1<\/h2><div class=\"ekit_heading_separetor_wraper ekit_heading_elementskit-border-divider ekit-dotted\"><div class=\"elementskit-border-divider ekit-dotted\"><\/div><\/div><\/div><\/div>\t\t\t\t<\/div>\n\t\t\t\t<\/div>\n\t\t\t\t<div class=\"elementor-element elementor-element-ff154c2 elementor-widget elementor-widget-text-editor\" data-id=\"ff154c2\" data-element_type=\"widget\" data-e-type=\"widget\" data-settings=\"{&quot;ekit_we_effect_on&quot;:&quot;none&quot;}\" data-widget_type=\"text-editor.default\">\n\t\t\t\t<div class=\"elementor-widget-container\">\n\t\t\t\t\t\t\t\t\t<p align=\"justify\">Kryt za\u0159\u00edzen\u00ed je vyroben z \u017e\u00e1rov\u011b pozinkovan\u00e9ho plechu s pr\u00e1\u0161kov\u00fdm lakov\u00e1n\u00edm, co\u017e se prom\u00edt\u00e1 do jeho dlouh\u00e9 \u017eivotnosti. Prvky jsou spojeny \u0161rouby, co\u017e zaji\u0161\u0165uje pevnou a stabiln\u00ed konstrukci. V\u00fdm\u011bn\u00edk tepla je vyroben z nerezov\u00e9 oceli, sva\u0159ovan\u00fd laserem nebo metodou TIG. Topn\u00e9 a ventila\u010dn\u00ed jednotky VENTEX jsou k dispozici ve dvou verz\u00edch: s plynov\u00fdm ho\u0159\u00e1kem nebo s ho\u0159\u00e1kem na topn\u00fd olej. Za\u0159\u00edzen\u00ed vyb\u00edr\u00e1me podle individu\u00e1ln\u00edch pot\u0159eb z\u00e1kazn\u00edka. V na\u0161\u00ed nab\u00eddce m\u00e1me za\u0159\u00edzen\u00ed s v\u00fdkonem od 40 kW do 250 kW. Jsme si jisti, \u017ee za\u0159\u00edzen\u00ed, kter\u00e1 nab\u00edz\u00edme, spln\u00ed va\u0161e o\u010dek\u00e1v\u00e1n\u00ed.<br>*** Translated with www.DeepL.com\/Translator (free version) ***     <\/p>\t\t\t\t\t\t\t\t<\/div>\n\t\t\t\t<\/div>\n\t\t\t\t<\/div>\n\t\t\t\t\t<\/div>\n\t\t\t\t<\/div>\n\t\t<div class=\"elementor-element elementor-element-4cebab2 e-flex e-con-boxed e-con e-parent\" data-id=\"4cebab2\" data-element_type=\"container\" data-e-type=\"container\" data-settings=\"{&quot;background_background&quot;:&quot;classic&quot;,&quot;ekit_has_onepagescroll_dot&quot;:&quot;yes&quot;}\">\n\t\t\t\t\t<div class=\"e-con-inner\">\n\t\t\t\t<div class=\"elementor-element elementor-element-8f9198f elementor-invisible elementor-widget elementor-widget-elementskit-heading\" data-id=\"8f9198f\" data-element_type=\"widget\" data-e-type=\"widget\" data-settings=\"{&quot;_animation&quot;:&quot;zoomIn&quot;,&quot;ekit_we_effect_on&quot;:&quot;none&quot;}\" data-widget_type=\"elementskit-heading.default\">\n\t\t\t\t<div class=\"elementor-widget-container\">\n\t\t\t\t\t<div class=\"ekit-wid-con\" ><div class=\"ekit-heading elementskit-section-title-wraper text_center   ekit_heading_tablet-   ekit_heading_mobile-\">\t\t\t\t<span class='ekit-heading__shadow-text'>\n\t\t\t\t\tgwarancja\t\t\t\t<\/span>\n\t\t\t<h2 class=\"ekit-heading--title elementskit-section-title \">Vyt\u00e1p\u011bc\u00ed a ventila\u010dn\u00ed \u00fast\u0159edny<\/h2><\/div><\/div>\t\t\t\t<\/div>\n\t\t\t\t<\/div>\n\t\t\t\t<div class=\"elementor-element elementor-element-392b008 elementor-widget elementor-widget-text-editor\" data-id=\"392b008\" data-element_type=\"widget\" data-e-type=\"widget\" data-settings=\"{&quot;ekit_we_effect_on&quot;:&quot;none&quot;}\" data-widget_type=\"text-editor.default\">\n\t\t\t\t<div class=\"elementor-widget-container\">\n\t\t\t\t\t\t\t\t\t<p>Na ka\u017ed\u00fd produkt a slu\u017ebu poskytovanou spole\u010dnost\u00ed VENTEX Systems se poskytuje 24m\u011bs\u00ed\u010dn\u00ed z\u00e1ruka, kter\u00e1 je posuzov\u00e1na v 24hodinov\u00e9m re\u017eimu. Obnoven\u00ed pln\u00e9 funk\u010dnosti do 72 hodin od nahl\u00e1\u0161en\u00ed. V\u0161echny reklamace jsou posuzov\u00e1ny d\u016fkladn\u011b na z\u00e1klad\u011b dokumentovan\u00fdch fotografi\u00ed.  <\/p>\t\t\t\t\t\t\t\t<\/div>\n\t\t\t\t<\/div>\n\t\t\t\t\t<\/div>\n\t\t\t\t<\/div>\n\t\t\t\t<section data-ekitparallax=\"{&quot;ekit_section_parallax_multi&quot;:&quot;yes&quot;,&quot;ekit_section_parallax_multi_items&quot;:[{&quot;_id&quot;:&quot;73e598f&quot;,&quot;image&quot;:{&quot;url&quot;:&quot;https:\\\/\\\/ventex.pl\\\/wp-content\\\/uploads\\\/2024\\\/04\\\/kontakt-1.webp&quot;,&quot;id&quot;:3307,&quot;size&quot;:&quot;&quot;,&quot;alt&quot;:&quot;&quot;,&quot;source&quot;:&quot;library&quot;},&quot;width_type&quot;:&quot;custom&quot;,&quot;custom_width&quot;:{&quot;unit&quot;:&quot;px&quot;,&quot;size&quot;:262,&quot;sizes&quot;:[]},&quot;pos_x&quot;:{&quot;unit&quot;:&quot;%&quot;,&quot;size&quot;:80,&quot;sizes&quot;:[]},&quot;pos_y&quot;:{&quot;unit&quot;:&quot;%&quot;,&quot;size&quot;:50,&quot;sizes&quot;:[]},&quot;animation&quot;:&quot;pulse&quot;,&quot;animation_speed&quot;:2,&quot;parallax_style&quot;:&quot;animation&quot;,&quot;shape&quot;:&quot;angle&quot;,&quot;width_type_tablet&quot;:&quot;&quot;,&quot;width_type_mobile&quot;:&quot;&quot;,&quot;parallax_speed&quot;:40,&quot;parallax_transform&quot;:&quot;translateY&quot;,&quot;parallax_transform_value&quot;:&quot;250&quot;,&quot;smoothness&quot;:&quot;700&quot;,&quot;offsettop&quot;:&quot;0&quot;,&quot;offsetbottom&quot;:&quot;0&quot;,&quot;maxtilt&quot;:&quot;20&quot;,&quot;scale&quot;:&quot;1&quot;,&quot;disableaxis&quot;:&quot;&quot;,&quot;item_source&quot;:&quot;image&quot;,&quot;shape_color&quot;:&quot;&quot;,&quot;custom_width_tablet&quot;:{&quot;unit&quot;:&quot;px&quot;,&quot;size&quot;:&quot;&quot;,&quot;sizes&quot;:[]},&quot;custom_width_mobile&quot;:{&quot;unit&quot;:&quot;px&quot;,&quot;size&quot;:&quot;&quot;,&quot;sizes&quot;:[]},&quot;source_rotate&quot;:{&quot;unit&quot;:&quot;deg&quot;,&quot;size&quot;:0,&quot;sizes&quot;:[]},&quot;source_rotate_tablet&quot;:{&quot;unit&quot;:&quot;px&quot;,&quot;size&quot;:&quot;&quot;,&quot;sizes&quot;:[]},&quot;source_rotate_mobile&quot;:{&quot;unit&quot;:&quot;px&quot;,&quot;size&quot;:&quot;&quot;,&quot;sizes&quot;:[]},&quot;parallax_blur_effect&quot;:{&quot;unit&quot;:&quot;px&quot;,&quot;size&quot;:0,&quot;sizes&quot;:[]},&quot;parallax_blur_effect_tablet&quot;:{&quot;unit&quot;:&quot;px&quot;,&quot;size&quot;:&quot;&quot;,&quot;sizes&quot;:[]},&quot;parallax_blur_effect_mobile&quot;:{&quot;unit&quot;:&quot;px&quot;,&quot;size&quot;:&quot;&quot;,&quot;sizes&quot;:[]},&quot;pos_x_tablet&quot;:{&quot;unit&quot;:&quot;px&quot;,&quot;size&quot;:&quot;&quot;,&quot;sizes&quot;:[]},&quot;pos_x_mobile&quot;:{&quot;unit&quot;:&quot;px&quot;,&quot;size&quot;:&quot;&quot;,&quot;sizes&quot;:[]},&quot;pos_y_tablet&quot;:{&quot;unit&quot;:&quot;px&quot;,&quot;size&quot;:&quot;&quot;,&quot;sizes&quot;:[]},&quot;pos_y_mobile&quot;:{&quot;unit&quot;:&quot;px&quot;,&quot;size&quot;:&quot;&quot;,&quot;sizes&quot;:[]},&quot;animation_tablet&quot;:&quot;&quot;,&quot;animation_mobile&quot;:&quot;&quot;,&quot;item_opacity&quot;:&quot;1&quot;,&quot;animation_iteration_count&quot;:&quot;infinite&quot;,&quot;animation_direction&quot;:&quot;normal&quot;,&quot;zindex&quot;:&quot;2&quot;}],&quot;ekit_section_parallax_bg&quot;:&quot;yes&quot;,&quot;ekit_section_parallax_bg_speed&quot;:0.5,&quot;elementor_lazy_load&quot;:&quot;1&quot;}\" class=\"elementor-section elementor-top-section elementor-element elementor-element-6f68037 elementor-section-boxed elementor-section-height-default elementor-section-height-default\" data-id=\"6f68037\" data-element_type=\"section\" data-e-type=\"section\" data-settings=\"{&quot;background_background&quot;:&quot;classic&quot;,&quot;ekit_section_parallax_multi&quot;:&quot;yes&quot;,&quot;ekit_has_onepagescroll_dot&quot;:&quot;yes&quot;}\">\n\t\t\t\t\t\t<div class=\"elementor-container elementor-column-gap-default\">\n\t\t\t\t\t<div class=\"elementor-column elementor-col-50 elementor-top-column elementor-element elementor-element-237323e\" data-id=\"237323e\" data-element_type=\"column\" data-e-type=\"column\">\n\t\t\t<div class=\"elementor-widget-wrap elementor-element-populated\">\n\t\t\t\t\t\t<div class=\"elementor-element elementor-element-8e617b8 elementor-invisible elementor-widget elementor-widget-elementskit-heading\" data-id=\"8e617b8\" data-element_type=\"widget\" data-e-type=\"widget\" data-settings=\"{&quot;_animation&quot;:&quot;zoomIn&quot;,&quot;ekit_we_effect_on&quot;:&quot;none&quot;}\" data-widget_type=\"elementskit-heading.default\">\n\t\t\t\t<div class=\"elementor-widget-container\">\n\t\t\t\t\t<div class=\"ekit-wid-con\" ><div class=\"ekit-heading elementskit-section-title-wraper text_left   ekit_heading_tablet-   ekit_heading_mobile-\">\t\t\t\t<span class='ekit-heading__shadow-text'>\n\t\t\t\t\tkontakt\t\t\t\t<\/span>\n\t\t\t<h2 class=\"ekit-heading--title elementskit-section-title \">Napi\u0161te n\u00e1m nebo zavolejte <\/h2><h3 class=\"ekit-heading--subtitle elementskit-section-subtitle  \">\n\t\t\t\t\t\tKontaktujte n\u00e1s ONLINE nebo ZAVOLEJTE N\u00c1M\n\t\t\t\t\t<\/h3>\t\t\t\t<div class='ekit-heading__description'>\n\t\t\t\t\t<p><span style=\"font-weight: 400\">Na\u0161i odborn\u00edci v\u00e1m poskytnou ve\u0161ker\u00e9 informace.<\/span><\/p>\n\t\t\t\t<\/div>\n\t\t\t<\/div><\/div>\t\t\t\t<\/div>\n\t\t\t\t<\/div>\n\t\t\t\t<div class=\"elementor-element elementor-element-4bbd599 elementor-align-center elementor-widget elementor-widget-elementskit-button\" data-id=\"4bbd599\" data-element_type=\"widget\" data-e-type=\"widget\" data-settings=\"{&quot;ekit_we_effect_on&quot;:&quot;none&quot;}\" data-widget_type=\"elementskit-button.default\">\n\t\t\t\t<div class=\"elementor-widget-container\">\n\t\t\t\t\t<div class=\"ekit-wid-con\" >\t\t<div class=\"ekit-btn-wraper\">\n\t\t\t\t\t\t\t<a href=\"\/kontakt\/\" class=\"elementskit-btn  whitespace--normal\" id=\"\">\n\t\t\t\t\tZavolejte nebo napi\u0161te\t\t\t\t<\/a>\n\t\t\t\t\t<\/div>\n        <\/div>\t\t\t\t<\/div>\n\t\t\t\t<\/div>\n\t\t\t\t\t<\/div>\n\t\t<\/div>\n\t\t\t\t<div class=\"elementor-column elementor-col-50 elementor-top-column elementor-element elementor-element-610b079\" data-id=\"610b079\" data-element_type=\"column\" data-e-type=\"column\">\n\t\t\t<div class=\"elementor-widget-wrap elementor-element-populated\">\n\t\t\t\t\t\t<div class=\"elementor-element elementor-element-5e61b36 ekit-cursor-enabled-yes elementor-button-align-stretch elementor-widget elementor-widget-form\" data-id=\"5e61b36\" data-element_type=\"widget\" data-e-type=\"widget\" data-settings=\"{&quot;step_next_label&quot;:&quot;Next&quot;,&quot;step_previous_label&quot;:&quot;Previous&quot;,&quot;ekit_cursor_show&quot;:&quot;yes&quot;,&quot;ekit_cursor_type&quot;:&quot;icon&quot;,&quot;ekit_cursor_icons&quot;:{&quot;value&quot;:&quot;icon icon-mail&quot;,&quot;library&quot;:&quot;ekiticons&quot;},&quot;button_width&quot;:&quot;100&quot;,&quot;step_type&quot;:&quot;number_text&quot;,&quot;step_icon_shape&quot;:&quot;circle&quot;,&quot;ekit_we_effect_on&quot;:&quot;none&quot;}\" data-widget_type=\"form.default\">\n\t\t\t\t<div class=\"elementor-widget-container\">\n\t\t\t\t\t\t\t<form class=\"elementor-form\" method=\"post\" name=\"New Form\" aria-label=\"New Form\">\n\t\t\t<input type=\"hidden\" name=\"post_id\" value=\"5826\"\/>\n\t\t\t<input type=\"hidden\" name=\"form_id\" value=\"5e61b36\"\/>\n\t\t\t<input type=\"hidden\" name=\"referer_title\" value=\"VYT\u00c1P\u011aN\u00cd A VENTILACE - Ventex\" \/>\n\n\t\t\t\t\t\t\t<input type=\"hidden\" name=\"queried_id\" value=\"5826\"\/>\n\t\t\t\n\t\t\t<div class=\"elementor-form-fields-wrapper elementor-labels-above\">\n\t\t\t\t\t\t\t\t<div class=\"elementor-field-type-text elementor-field-group elementor-column elementor-field-group-name elementor-col-100\">\n\t\t\t\t\t\t\t\t\t\t\t\t\t<input size=\"1\" type=\"text\" name=\"form_fields[name]\" id=\"form-field-name\" class=\"elementor-field elementor-size-md  elementor-field-textual\" placeholder=\"Nazwa\">\n\t\t\t\t\t\t\t\t\t\t\t<\/div>\n\t\t\t\t\t\t\t\t<div class=\"elementor-field-type-email elementor-field-group elementor-column elementor-field-group-email elementor-col-100 elementor-field-required elementor-mark-required\">\n\t\t\t\t\t\t\t\t\t\t\t\t\t<input size=\"1\" type=\"email\" name=\"form_fields[email]\" id=\"form-field-email\" class=\"elementor-field elementor-size-md  elementor-field-textual\" placeholder=\"Email\" required=\"required\">\n\t\t\t\t\t\t\t\t\t\t\t<\/div>\n\t\t\t\t\t\t\t\t<div class=\"elementor-field-type-textarea elementor-field-group elementor-column elementor-field-group-message elementor-col-100\">\n\t\t\t\t\t<textarea class=\"elementor-field-textual elementor-field  elementor-size-md\" name=\"form_fields[message]\" id=\"form-field-message\" rows=\"4\" placeholder=\"Zapytanie\"><\/textarea>\t\t\t\t<\/div>\n\t\t\t\t\t\t\t\t<div class=\"elementor-field-group elementor-column elementor-field-type-submit elementor-col-100 e-form__buttons\">\n\t\t\t\t\t<button class=\"elementor-button elementor-size-sm elementor-animation-pulse\" type=\"submit\">\n\t\t\t\t\t\t<span class=\"elementor-button-content-wrapper\">\n\t\t\t\t\t\t\t\t\t\t\t\t\t\t\t\t\t\t\t\t\t\t<span class=\"elementor-button-text\">Odeslat<\/span>\n\t\t\t\t\t\t\t\t\t\t\t\t\t<\/span>\n\t\t\t\t\t<\/button>\n\t\t\t\t<\/div>\n\t\t\t<\/div>\n\t\t<\/form>\n\t\t\t\t\t\t<\/div>\n\t\t\t\t<\/div>\n\t\t\t\t<div class=\"elementor-element elementor-element-7d0a3a8 elementor-widget elementor-widget-elementskit-heading\" data-id=\"7d0a3a8\" data-element_type=\"widget\" data-e-type=\"widget\" data-settings=\"{&quot;ekit_we_effect_on&quot;:&quot;none&quot;}\" data-widget_type=\"elementskit-heading.default\">\n\t\t\t\t<div class=\"elementor-widget-container\">\n\t\t\t\t\t<div class=\"ekit-wid-con\" ><div class=\"ekit-heading elementskit-section-title-wraper text_left   ekit_heading_tablet-   ekit_heading_mobile-\"><h2 class=\"ekit-heading--title elementskit-section-title \">578009755 <br>578009754<\/h2><\/div><\/div>\t\t\t\t<\/div>\n\t\t\t\t<\/div>\n\t\t\t\t\t<\/div>\n\t\t<\/div>\n\t\t\t\t\t<\/div>\n\t\t<\/section>\n\t\t\t\t<\/div>\n\t\t","protected":false},"excerpt":{"rendered":"<p>Vyt\u00e1p\u011bc\u00ed a ventila\u010dn\u00ed \u00fast\u0159edny nab\u00eddka v\u00fdhody O n\u00e1s Topn\u00e9 a ventila\u010dn\u00ed jednotky VENTEX jsou pokro\u010dil\u00e1 za\u0159\u00edzen\u00ed, kter\u00e1 slou\u017e\u00ed k vyt\u00e1p\u011bn\u00ed a v\u011btr\u00e1n\u00ed prostor. D\u00edky vyu\u017eit\u00ed plynu nebo topn\u00e9ho oleje jako paliva zaji\u0161\u0165uje centr\u00e1la efektivn\u00ed a ekonomick\u00fd provoz a umo\u017e\u0148uje udr\u017eovat optim\u00e1ln\u00ed teplotu v lakovn\u011b nebo su\u0161\u00e1rn\u011b. D\u00edky integrovan\u00e9 funkci p\u0159\u00edvodu vzduchu zaji\u0161\u0165uje centr\u00e1la tak\u00e9 \u010derstv\u00fd [&hellip;]<\/p>\n","protected":false},"author":1,"featured_media":5827,"parent":0,"menu_order":0,"comment_status":"closed","ping_status":"open","template":"","meta":{"footnotes":""},"class_list":["post-5826","page","type-page","status-publish","has-post-thumbnail","hentry"],"_links":{"self":[{"href":"https:\/\/ventex.pl\/cs\/wp-json\/wp\/v2\/pages\/5826","targetHints":{"allow":["GET"]}}],"collection":[{"href":"https:\/\/ventex.pl\/cs\/wp-json\/wp\/v2\/pages"}],"about":[{"href":"https:\/\/ventex.pl\/cs\/wp-json\/wp\/v2\/types\/page"}],"author":[{"embeddable":true,"href":"https:\/\/ventex.pl\/cs\/wp-json\/wp\/v2\/users\/1"}],"replies":[{"embeddable":true,"href":"https:\/\/ventex.pl\/cs\/wp-json\/wp\/v2\/comments?post=5826"}],"version-history":[{"count":1,"href":"https:\/\/ventex.pl\/cs\/wp-json\/wp\/v2\/pages\/5826\/revisions"}],"predecessor-version":[{"id":5828,"href":"https:\/\/ventex.pl\/cs\/wp-json\/wp\/v2\/pages\/5826\/revisions\/5828"}],"wp:featuredmedia":[{"embeddable":true,"href":"https:\/\/ventex.pl\/cs\/wp-json\/wp\/v2\/media\/5827"}],"wp:attachment":[{"href":"https:\/\/ventex.pl\/cs\/wp-json\/wp\/v2\/media?parent=5826"}],"curies":[{"name":"wp","href":"https:\/\/api.w.org\/{rel}","templated":true}]}}